{"id":1513,"date":"2019-11-27T15:26:21","date_gmt":"2019-11-27T15:26:21","guid":{"rendered":"https:\/\/www.vesivoimanluonto.org\/etusivu\/"},"modified":"2019-11-29T09:53:26","modified_gmt":"2019-11-29T09:53:26","slug":"etusivu","status":"publish","type":"page","link":"https:\/\/www.vesivoimanluonto.org\/fi\/","title":{"rendered":"Etusivu"},"content":{"rendered":"\t\t<div data-elementor-type=\"wp-page\" data-elementor-id=\"1513\" class=\"elementor elementor-1513 elementor-1508\" data-elementor-settings=\"[]\">\n\t\t\t\t\t\t<div class=\"elementor-inner\">\n\t\t\t\t\t\t\t<div class=\"elementor-section-wrap\">\n\t\t\t\t\t\t\t<section class=\"elementor-section elementor-top-section elementor-element elementor-element-66a49ba2 elementor-section-boxed elementor-section-height-default elementor-section-height-default\" data-id=\"66a49ba2\" data-element_type=\"section\">\n\t\t\t\t\t\t<div class=\"elementor-container elementor-column-gap-no\">\n\t\t\t\t\t\t\t<div class=\"elementor-row\">\n\t\t\t\t\t<div class=\"elementor-column elementor-col-50 elementor-top-column elementor-element elementor-element-5ea42a6e\" data-id=\"5ea42a6e\" data-element_type=\"column\" data-settings=\"{&quot;background_background&quot;:&quot;classic&quot;}\">\n\t\t\t<div class=\"elementor-column-wrap elementor-element-populated\">\n\t\t\t\t\t\t\t<div class=\"elementor-widget-wrap\">\n\t\t\t\t\t\t<div class=\"elementor-element elementor-element-7d4b5fe7 elementor-widget elementor-widget-image\" data-id=\"7d4b5fe7\" data-element_type=\"widget\" data-widget_type=\"image.default\">\n\t\t\t\t<div class=\"elementor-widget-container\">\n\t\t\t\t\t<div class=\"elementor-image\">\n\t\t\t\t\t\t\t\t\t\t<img class=\"lazyload\" src=\"data:image\/gif;base64,R0lGODlhAQABAIAAAAAAAP\/\/\/yH5BAEAAAAALAAAAAABAAEAAAIBRAA7\" data-src=\"https:\/\/www.vesivoimanluonto.org\/wp-content\/uploads\/elementor\/thumbs\/River-system-hydropower-atempted-restoration--oh35y29aabt8rdxy9u9cdcxgppikj1o2rqoodt2usk.gif\" title=\"River system hydropower atempted restoration\" alt=\"River system hydropower atempted restoration\" \/><noscript><img class=\"lazyload\" src=\"https:\/\/www.vesivoimanluonto.org\/wp-content\/uploads\/elementor\/thumbs\/River-system-hydropower-atempted-restoration--oh35y29aabt8rdxy9u9cdcxgppikj1o2rqoodt2usk.gif\" title=\"River system hydropower atempted restoration\" alt=\"River system hydropower atempted restoration\" \/><\/noscript>\t\t\t\t\t\t\t\t\t\t\t<\/div>\n\t\t\t\t<\/div>\n\t\t\t\t<\/div>\n\t\t\t\t\t\t<\/div>\n\t\t\t\t\t<\/div>\n\t\t<\/div>\n\t\t\t\t<header class=\"elementor-column elementor-col-50 elementor-top-column elementor-element elementor-element-692f0e4a\" data-id=\"692f0e4a\" data-element_type=\"column\" data-settings=\"{&quot;background_background&quot;:&quot;classic&quot;}\">\n\t\t\t<div class=\"elementor-column-wrap elementor-element-populated\">\n\t\t\t\t\t\t\t<div class=\"elementor-widget-wrap\">\n\t\t\t\t\t\t<div class=\"elementor-element elementor-element-38bc852a elementor-widget__width-initial elementor-widget elementor-widget-text-editor\" data-id=\"38bc852a\" data-element_type=\"widget\" data-widget_type=\"text-editor.default\">\n\t\t\t\t<div class=\"elementor-widget-container\">\n\t\t\t\t\t<div class=\"elementor-text-editor elementor-clearfix\"><\/div>\n\t\t\t\t<\/div>\n\t\t\t\t<\/div>\n\t\t\t\t<div class=\"elementor-element elementor-element-406a3ee8 elementor-button-info elementor-align-center elementor-widget elementor-widget-button\" data-id=\"406a3ee8\" data-element_type=\"widget\" data-widget_type=\"button.default\">\n\t\t\t\t<div class=\"elementor-widget-container\">\n\t\t\t\t\t<div class=\"elementor-button-wrapper\">\n\t\t\t<a class=\"elementor-button elementor-size-sm elementor-animation-shrink\" role=\"button\">\n\t\t\t\t\t\t<span class=\"elementor-button-content-wrapper\">\n\t\t\t\t\t\t<span class=\"elementor-button-text\">Ihmisten vaikutukset jokiin<\/span>\n\t\t<\/span>\n\t\t\t\t\t<\/a>\n\t\t<\/div>\n\t\t\t\t<\/div>\n\t\t\t\t<\/div>\n\t\t\t\t<div class=\"elementor-element elementor-element-17cb5cf9 elementor-widget__width-initial elementor-widget elementor-widget-text-editor\" data-id=\"17cb5cf9\" data-element_type=\"widget\" data-widget_type=\"text-editor.default\">\n\t\t\t\t<div class=\"elementor-widget-container\">\n\t\t\t\t\t<div class=\"elementor-text-editor elementor-clearfix\"><p>Vesivoima jakaa ilmastosta ja luonnosta huolestuneet kansalaiset. Toiset ostavat vesivoimalla tuotettua s\u00e4hk\u00f6\u00e4 ilmastosyist\u00e4 ja toiset karttavat sit\u00e4 viimeiseen asti sen luontohaittojen vuoksi.<br \/>\nT\u00e4lt\u00e4 sivulta l\u00f6ytyy helppotajuinen tietopaketti vesivoiman luontovaikutuksista ja siit\u00e4, miten n\u00e4m\u00e4 voidaan korjata.<br \/>\nSaatavilla on my\u00f6s \u201d<a href=\"https:\/\/www.vesivoimanluonto.org\/wp-content\/uploads\/Freshabit-Hydropower-leaflet-FINNISH.pdf\">Hyv\u00e4 tiet\u00e4\u00e4 vesivoimasta<\/a>\u201d -esite<\/p>\n<\/div>\n\t\t\t\t<\/div>\n\t\t\t\t<\/div>\n\t\t\t\t\t\t<\/div>\n\t\t\t\t\t<\/div>\n\t\t<\/header>\n\t\t\t\t\t\t\t\t<\/div>\n\t\t\t\t\t<\/div>\n\t\t<\/section>\n\t\t\t\t<section class=\"elementor-section elementor-top-section elementor-element elementor-element-4d25e7c7 elementor-section-boxed elementor-section-height-default elementor-section-height-default\" data-id=\"4d25e7c7\" data-element_type=\"section\" data-settings=\"{&quot;background_background&quot;:&quot;classic&quot;}\">\n\t\t\t\t\t\t<div class=\"elementor-container elementor-column-gap-no\">\n\t\t\t\t\t\t\t<div class=\"elementor-row\">\n\t\t\t\t\t<div class=\"elementor-column elementor-col-33 elementor-top-column elementor-element elementor-element-7147b7a\" data-id=\"7147b7a\" data-element_type=\"column\" data-settings=\"{&quot;background_background&quot;:&quot;classic&quot;}\">\n\t\t\t<div class=\"elementor-column-wrap elementor-element-populated\">\n\t\t\t\t\t\t\t<div class=\"elementor-widget-wrap\">\n\t\t\t\t\t\t<div class=\"elementor-element elementor-element-51a9f3ba elementor-widget elementor-widget-text-editor\" data-id=\"51a9f3ba\" data-element_type=\"widget\" data-widget_type=\"text-editor.default\">\n\t\t\t\t<div class=\"elementor-widget-container\">\n\t\t\t\t\t<div class=\"elementor-text-editor elementor-clearfix\"><h2><a href=\"https:\/\/www.vesivoimanluonto.org\/fi\/jokimaisema\/kunnostettu-joki\/\">Kunnostettu joki<\/a><\/h2>\n<p>T\u00e4m\u00e4 joki on ollut valjastettuna vesivoiman tuotantoon, mutta nyt se on palautettu takaisin kohti luonnontilaa. Palauttamisessa on otettu huomioon vesivoimatuotannosta saatavan tehon menetys verrattuna saavutettaviin hy\u00f6tyihin luonnolle ja ihmisille.<\/p>\n<\/div>\n\t\t\t\t<\/div>\n\t\t\t\t<\/div>\n\t\t\t\t\t\t<\/div>\n\t\t\t\t\t<\/div>\n\t\t<\/div>\n\t\t\t\t<div class=\"elementor-column elementor-col-33 elementor-top-column elementor-element elementor-element-7c753f98\" data-id=\"7c753f98\" data-element_type=\"column\" data-settings=\"{&quot;background_background&quot;:&quot;classic&quot;}\">\n\t\t\t<div class=\"elementor-column-wrap elementor-element-populated\">\n\t\t\t\t\t\t\t<div class=\"elementor-widget-wrap\">\n\t\t\t\t\t\t<div class=\"elementor-element elementor-element-19e44847 elementor-widget elementor-widget-text-editor\" data-id=\"19e44847\" data-element_type=\"widget\" data-widget_type=\"text-editor.default\">\n\t\t\t\t<div class=\"elementor-widget-container\">\n\t\t\t\t\t<div class=\"elementor-text-editor elementor-clearfix\"><h2><a href=\"https:\/\/www.vesivoimanluonto.org\/fi\/jokimaisema\/rakennettu-joki-ylajuoksu\/\">rakennettu joki<\/a><\/h2>\n<p>Rakennetun joen virtapaikat ovat kadonneet. Voimalaitospadot est\u00e4v\u00e4t vaelluskalojen liikkumista yl\u00e4- ja alavirtaan.<\/p>\n<\/div>\n\t\t\t\t<\/div>\n\t\t\t\t<\/div>\n\t\t\t\t\t\t<\/div>\n\t\t\t\t\t<\/div>\n\t\t<\/div>\n\t\t\t\t<div class=\"elementor-column elementor-col-33 elementor-top-column elementor-element elementor-element-7737c166\" data-id=\"7737c166\" data-element_type=\"column\" data-settings=\"{&quot;background_background&quot;:&quot;classic&quot;}\">\n\t\t\t<div class=\"elementor-column-wrap elementor-element-populated\">\n\t\t\t\t\t\t\t<div class=\"elementor-widget-wrap\">\n\t\t\t\t\t\t<div class=\"elementor-element elementor-element-564e17d2 elementor-widget elementor-widget-text-editor\" data-id=\"564e17d2\" data-element_type=\"widget\" data-widget_type=\"text-editor.default\">\n\t\t\t\t<div class=\"elementor-widget-container\">\n\t\t\t\t\t<div class=\"elementor-text-editor elementor-clearfix\"><h2><a href=\"https:\/\/www.vesivoimanluonto.org\/fi\/jokimaisema\/luonnontilainen-joki\/\">Luonnontilainen joki<\/a><\/h2>\n<p>Luonnontilainen joki p\u00e4rskyy koskissa ja rauhoittuu suvannoissa. Esteet\u00f6n vaellusyhteys ja sopivat kutualueet ovat vaelluskalojen mieleen.<\/p>\n<\/div>\n\t\t\t\t<\/div>\n\t\t\t\t<\/div>\n\t\t\t\t\t\t<\/div>\n\t\t\t\t\t<\/div>\n\t\t<\/div>\n\t\t\t\t\t\t\t\t<\/div>\n\t\t\t\t\t<\/div>\n\t\t<\/section>\n\t\t\t\t\t\t<\/div>\n\t\t\t\t\t\t<\/div>\n\t\t\t\t\t<\/div>\n\t\t","protected":false},"excerpt":{"rendered":"<p>Ihmisten vaikutukset jokiin Vesivoima jakaa ilmastosta ja luonnosta huolestuneet kansalaiset. Toiset ostavat vesivoimalla tuotettua s\u00e4hk\u00f6\u00e4 ilmastosyist\u00e4 ja toiset karttavat sit\u00e4 viimeiseen asti sen luontohaittojen vuoksi. T\u00e4lt\u00e4 sivulta l\u00f6ytyy helppotajuinen tietopaketti vesivoiman luontovaikutuksista ja siit\u00e4, miten n\u00e4m\u00e4 voidaan korjata. Saatavilla on my\u00f6s \u201dHyv\u00e4 tiet\u00e4\u00e4 vesivoimasta\u201d -esite Kunnostettu joki T\u00e4m\u00e4 joki on ollut valjastettuna vesivoiman tuotantoon, mutta &hellip;<\/p>\n<p class=\"read-more\"> <a class=\"\" href=\"https:\/\/www.vesivoimanluonto.org\/fi\/\"> <span class=\"screen-reader-text\">Etusivu<\/span> Lue lis\u00e4\u00e4 \u00bb<\/a><\/p>\n","protected":false},"author":4,"featured_media":0,"parent":0,"menu_order":0,"comment_status":"closed","ping_status":"closed","template":"","meta":[],"_links":{"self":[{"href":"https:\/\/www.vesivoimanluonto.org\/fi\/wp-json\/wp\/v2\/pages\/1513"}],"collection":[{"href":"https:\/\/www.vesivoimanluonto.org\/fi\/wp-json\/wp\/v2\/pages"}],"about":[{"href":"https:\/\/www.vesivoimanluonto.org\/fi\/wp-json\/wp\/v2\/types\/page"}],"author":[{"embeddable":true,"href":"https:\/\/www.vesivoimanluonto.org\/fi\/wp-json\/wp\/v2\/users\/4"}],"replies":[{"embeddable":true,"href":"https:\/\/www.vesivoimanluonto.org\/fi\/wp-json\/wp\/v2\/comments?post=1513"}],"version-history":[{"count":11,"href":"https:\/\/www.vesivoimanluonto.org\/fi\/wp-json\/wp\/v2\/pages\/1513\/revisions"}],"predecessor-version":[{"id":1530,"href":"https:\/\/www.vesivoimanluonto.org\/fi\/wp-json\/wp\/v2\/pages\/1513\/revisions\/1530"}],"wp:attachment":[{"href":"https:\/\/www.vesivoimanluonto.org\/fi\/wp-json\/wp\/v2\/media?parent=1513"}],"curies":[{"name":"wp","href":"https:\/\/api.w.org\/{rel}","templated":true}]}}