{"id":237,"date":"2019-10-24T06:23:23","date_gmt":"2019-10-24T06:23:23","guid":{"rendered":"http:\/\/stevenv9.sg-host.com\/jokimaisema\/"},"modified":"2019-11-27T09:11:54","modified_gmt":"2019-11-27T09:11:54","slug":"jokimaisema","status":"publish","type":"page","link":"https:\/\/www.vesivoimanluonto.org\/fi\/jokimaisema\/","title":{"rendered":"Jokimaisema"},"content":{"rendered":"\n<h1>Jokimaisema<\/h1>\n\n<p> <\/p>\n\n<figure class=\"wp-block-image\"><img width=\"1024\" height=\"784\" src=\"data:image\/gif;base64,R0lGODlhAQABAIAAAAAAAP\/\/\/yH5BAEAAAAALAAAAAABAAEAAAIBRAA7\" data-src=\"https:\/\/www.vesivoimanluonto.org\/wp-content\/uploads\/2019\/10\/River-system-hydropower-atempted-restoration--1024x784.gif\" alt=\"River system hydropower atempted restoration\" class=\"wp-image-179 lazyload\" data-srcset=\"https:\/\/www.vesivoimanluonto.org\/wp-content\/uploads\/2019\/10\/River-system-hydropower-atempted-restoration--1024x784.gif 1024w, https:\/\/www.vesivoimanluonto.org\/wp-content\/uploads\/2019\/10\/River-system-hydropower-atempted-restoration--300x230.gif 300w, https:\/\/www.vesivoimanluonto.org\/wp-content\/uploads\/2019\/10\/River-system-hydropower-atempted-restoration--768x588.gif 768w\" sizes=\"(max-width: 1024px) 100vw, 1024px\" \/><noscript><img width=\"1024\" height=\"784\" src=\"https:\/\/www.vesivoimanluonto.org\/wp-content\/uploads\/2019\/10\/River-system-hydropower-atempted-restoration--1024x784.gif\" alt=\"River system hydropower atempted restoration\" class=\"wp-image-179 lazyload\" srcset=\"https:\/\/www.vesivoimanluonto.org\/wp-content\/uploads\/2019\/10\/River-system-hydropower-atempted-restoration--1024x784.gif 1024w, https:\/\/www.vesivoimanluonto.org\/wp-content\/uploads\/2019\/10\/River-system-hydropower-atempted-restoration--300x230.gif 300w, https:\/\/www.vesivoimanluonto.org\/wp-content\/uploads\/2019\/10\/River-system-hydropower-atempted-restoration--768x588.gif 768w\" sizes=\"(max-width: 1024px) 100vw, 1024px\" \/><\/noscript><\/figure>\n\n<p><b>Vesist\u00f6 latvavesilt\u00e4 mereen asti on virtavesieli\u00f6iden kannalta yksi kokonaisuus. Kalojen vaellusyhteydet tulee avata. Lis\u00e4ksi virtapaikkoja tulee luoda ja kunnostaa kutua varten.<\/b>&#13;\n&#13;\nT\u00e4m\u00e4 on kuvitteellinen makeanveden vesist\u00f6 Suomessa.\u00a0Siin\u00e4 on useita j\u00e4rvi\u00e4 ja nelj\u00e4 jokea, joista yksi laskee mereen. Miten vesivoiman ymp\u00e4rist\u00f6vaikutus n\u00e4kyy maisemassa?\u00a0Mit\u00e4 reittej\u00e4 vesieli\u00f6t p\u00e4\u00e4sev\u00e4t nyt liikkumaan? Miss\u00e4 ne lis\u00e4\u00e4ntyv\u00e4t? Miten niiden elinoloja voisi parantaa?&#13;\n&#13;\n<strong>\u00a0<\/strong><\/p>\n\n<h3>1. Luonnontilainen joki<\/h3>\n\n<p>T\u00e4m\u00e4 sis\u00e4maan joki laskee j\u00e4rveen id\u00e4st\u00e4. Jokeen ei ole koskaan rakennettu vesivoimalaitoksia. Luonnontilainen joki p\u00e4rskyy koskissa ja rauhoittuu suvannoissa. Esteet\u00f6n vaellusyhteys ja sopivat kutualueet ovat vaelluskalojen mieleen.<\/p>\n\n<h3>2. Rakennettu joki, esimerkki 1: Kokonaan rakennettu joki alajuoksulla<\/h3>\n\n<p>T\u00e4m\u00e4 merenrannikon suuri joki kokoaa kaikkien vesist\u00f6ns\u00e4 j\u00e4rvien ja jokien vedet yhteen. Joen kaikki virtaus on valjastettu tuottamaan vesivoimaa. Joen virtapaikat ovat t\u00e4ysin kadonneet ja joki el\u00e4\u00e4 s\u00e4\u00e4nn\u00f6stelyn rytmiss\u00e4. Voimalaitosketju k\u00e4ytt\u00e4\u00e4 vett\u00e4 eniten silloin, kun s\u00e4hk\u00f6n tarve ja hinta ovat korkeita. Voimalaitospadot est\u00e4v\u00e4t vaelluskalojen liikkumista yl\u00e4- ja alavirtaan.<\/p>\n\n<h3>3. Rakennettu joki, esimerkki 2: Osittain rakennettu joki yl\u00e4juoksulla<\/h3>\n\n<p>T\u00e4m\u00e4 sis\u00e4maan joki laskee j\u00e4rveen l\u00e4nnest\u00e4. Iso osa joen virtauksesta on valjastettu tuottamaan vesivoimaa, mutta ei aivan kaikkia jokiosuuksia. Virtapaikat ovat laajalti kadonneet, mutta eiv\u00e4t kaikkialta. Joki el\u00e4\u00e4 laajalti s\u00e4\u00e4nn\u00f6stelyn rytmiss\u00e4 ja voimalaitospadot est\u00e4v\u00e4t vaelluskalojen liikkumista yl\u00e4- ja alavirtaan.<\/p>\n\n<h3>4. Kunnostettu joki<\/h3>\n\n<p>T\u00e4m\u00e4 sis\u00e4maan joki laskee j\u00e4rveen etel\u00e4st\u00e4. Siihen on rakennettu vesivoimalaitoksia, joita on sittemmin purettu tai rakennettu ohitusuomia. Kunnostettu joki alkaa palautua takaisin kohti luonnontilaa. Nousuesteiden avaaminen ja kutualueiden kunnostus mahdollistava vaelluskalojen paluun. Virtaveden el\u00e4m\u00e4 elpyy.<\/p>\n","protected":false},"excerpt":{"rendered":"<p>Jokimaisema Vesist\u00f6 latvavesilt\u00e4 mereen asti on virtavesieli\u00f6iden kannalta yksi kokonaisuus. Kalojen vaellusyhteydet tulee avata. Lis\u00e4ksi virtapaikkoja tulee luoda ja kunnostaa kutua varten.&#13; &#13; T\u00e4m\u00e4 on kuvitteellinen makeanveden vesist\u00f6 Suomessa.\u00a0Siin\u00e4 on useita j\u00e4rvi\u00e4 ja nelj\u00e4 jokea, joista yksi laskee mereen. Miten vesivoiman ymp\u00e4rist\u00f6vaikutus n\u00e4kyy maisemassa?\u00a0Mit\u00e4 reittej\u00e4 vesieli\u00f6t p\u00e4\u00e4sev\u00e4t nyt liikkumaan? Miss\u00e4 ne lis\u00e4\u00e4ntyv\u00e4t? Miten niiden elinoloja &hellip;<\/p>\n<p class=\"read-more\"> <a class=\"\" href=\"https:\/\/www.vesivoimanluonto.org\/fi\/jokimaisema\/\"> <span class=\"screen-reader-text\">Jokimaisema<\/span> Lue lis\u00e4\u00e4 \u00bb<\/a><\/p>\n","protected":false},"author":4,"featured_media":0,"parent":0,"menu_order":0,"comment_status":"closed","ping_status":"closed","template":"","meta":[],"_links":{"self":[{"href":"https:\/\/www.vesivoimanluonto.org\/fi\/wp-json\/wp\/v2\/pages\/237"}],"collection":[{"href":"https:\/\/www.vesivoimanluonto.org\/fi\/wp-json\/wp\/v2\/pages"}],"about":[{"href":"https:\/\/www.vesivoimanluonto.org\/fi\/wp-json\/wp\/v2\/types\/page"}],"author":[{"embeddable":true,"href":"https:\/\/www.vesivoimanluonto.org\/fi\/wp-json\/wp\/v2\/users\/4"}],"replies":[{"embeddable":true,"href":"https:\/\/www.vesivoimanluonto.org\/fi\/wp-json\/wp\/v2\/comments?post=237"}],"version-history":[{"count":9,"href":"https:\/\/www.vesivoimanluonto.org\/fi\/wp-json\/wp\/v2\/pages\/237\/revisions"}],"predecessor-version":[{"id":1367,"href":"https:\/\/www.vesivoimanluonto.org\/fi\/wp-json\/wp\/v2\/pages\/237\/revisions\/1367"}],"wp:attachment":[{"href":"https:\/\/www.vesivoimanluonto.org\/fi\/wp-json\/wp\/v2\/media?parent=237"}],"curies":[{"name":"wp","href":"https:\/\/api.w.org\/{rel}","templated":true}]}}