{"id":245,"date":"2019-10-24T07:13:37","date_gmt":"2019-10-24T07:13:37","guid":{"rendered":"http:\/\/stevenv9.sg-host.com\/jokimaisema\/rakennettu-joki-ylajuoksu\/"},"modified":"2019-11-08T14:00:14","modified_gmt":"2019-11-08T14:00:14","slug":"rakennettu-joki-ylajuoksu","status":"publish","type":"page","link":"https:\/\/www.vesivoimanluonto.org\/fi\/jokimaisema\/rakennettu-joki-ylajuoksu\/","title":{"rendered":"Rakennettu joki, yl\u00e4juoksu"},"content":{"rendered":"\n<h1>Osittain rakennettu joki vesist\u00f6n yl\u00e4uoksulla<\/h1>\n\n<div class=\"wp-block-image\"><figure class=\"aligncenter\"><img width=\"1024\" height=\"784\" src=\"data:image\/gif;base64,R0lGODlhAQABAIAAAAAAAP\/\/\/yH5BAEAAAAALAAAAAABAAEAAAIBRAA7\" data-src=\"https:\/\/www.vesivoimanluonto.org\/wp-content\/uploads\/2019\/10\/constructed-river-1-1024x784.gif\" alt=\"constructed river with hydropower\" class=\"wp-image-131 lazyload\" data-srcset=\"https:\/\/www.vesivoimanluonto.org\/wp-content\/uploads\/2019\/10\/constructed-river-1-1024x784.gif 1024w, https:\/\/www.vesivoimanluonto.org\/wp-content\/uploads\/2019\/10\/constructed-river-1-300x230.gif 300w, https:\/\/www.vesivoimanluonto.org\/wp-content\/uploads\/2019\/10\/constructed-river-1-768x588.gif 768w\" sizes=\"(max-width: 1024px) 100vw, 1024px\" \/><noscript><img width=\"1024\" height=\"784\" src=\"https:\/\/www.vesivoimanluonto.org\/wp-content\/uploads\/2019\/10\/constructed-river-1-1024x784.gif\" alt=\"constructed river with hydropower\" class=\"wp-image-131 lazyload\" srcset=\"https:\/\/www.vesivoimanluonto.org\/wp-content\/uploads\/2019\/10\/constructed-river-1-1024x784.gif 1024w, https:\/\/www.vesivoimanluonto.org\/wp-content\/uploads\/2019\/10\/constructed-river-1-300x230.gif 300w, https:\/\/www.vesivoimanluonto.org\/wp-content\/uploads\/2019\/10\/constructed-river-1-768x588.gif 768w\" sizes=\"(max-width: 1024px) 100vw, 1024px\" \/><\/noscript><\/figure><\/div>\n\n<p><strong>T\u00e4m\u00e4 j\u00e4rveen laskeva joki on valjastettu vesivoiman tuotantoa varten, mutta ei aivan kokonaan. Joen yl\u00e4juoksulla on viel\u00e4 virtapaikkoja. Joessa on kaksi vesivoimalaitosta ja niiden v\u00e4liss\u00e4 on s\u00e4\u00e4nn\u00f6stelyallas<\/strong>&#13;\n&#13;\n<strong>\u00a0<\/strong><\/p>\n\n<h3>Joki virtaa voimalan ehdoilla<\/h3>\n\n<div class=\"wp-block-image\"><figure class=\"alignright\"><img width=\"300\" height=\"300\" src=\"data:image\/gif;base64,R0lGODlhAQABAIAAAAAAAP\/\/\/yH5BAEAAAAALAAAAAABAAEAAAIBRAA7\" data-src=\"https:\/\/www.vesivoimanluonto.org\/wp-content\/uploads\/2019\/10\/river-part-hydropower-left-right-300x300.png\" alt=\"river part hydropower left right\" class=\"wp-image-147 lazyload\" data-srcset=\"https:\/\/www.vesivoimanluonto.org\/wp-content\/uploads\/2019\/10\/river-part-hydropower-left-right-300x300.png 300w, https:\/\/www.vesivoimanluonto.org\/wp-content\/uploads\/2019\/10\/river-part-hydropower-left-right-150x150.png 150w, https:\/\/www.vesivoimanluonto.org\/wp-content\/uploads\/2019\/10\/river-part-hydropower-left-right.png 576w\" sizes=\"(max-width: 300px) 100vw, 300px\" \/><noscript><img width=\"300\" height=\"300\" src=\"https:\/\/www.vesivoimanluonto.org\/wp-content\/uploads\/2019\/10\/river-part-hydropower-left-right-300x300.png\" alt=\"river part hydropower left right\" class=\"wp-image-147 lazyload\" srcset=\"https:\/\/www.vesivoimanluonto.org\/wp-content\/uploads\/2019\/10\/river-part-hydropower-left-right-300x300.png 300w, https:\/\/www.vesivoimanluonto.org\/wp-content\/uploads\/2019\/10\/river-part-hydropower-left-right-150x150.png 150w, https:\/\/www.vesivoimanluonto.org\/wp-content\/uploads\/2019\/10\/river-part-hydropower-left-right.png 576w\" sizes=\"(max-width: 300px) 100vw, 300px\" \/><\/noscript><\/figure><\/div>\n\n<p>Ylempi vesivoimala on l\u00e4pivirtausvoimala. Se toimii sen veden varassa, joka joessa kulloinkin virtaa. Joen tulovirtaama vaihtelee ja on toisinaan kuivina aikoina pieni. Silloin juoksutusta turbiinien l\u00e4pi v\u00e4hennet\u00e4\u00e4n ja vett\u00e4 alkaa padottua yl\u00e4kanavaan. N\u00e4in voidaan menetell\u00e4 my\u00f6s s\u00e4\u00e4nn\u00f6llisess\u00e4 rytmiss\u00e4: vett\u00e4 juoksutetaan turbiinien l\u00e4pi eniten p\u00e4iv\u00e4ll\u00e4, koska s\u00e4hk\u00f6st\u00e4 saa p\u00e4iv\u00e4ll\u00e4 hyv\u00e4n hinnan. Y\u00f6ll\u00e4 veden juoksutusta v\u00e4hennet\u00e4\u00e4n, koska s\u00e4hk\u00f6n tuotanto ei kannata. N\u00e4in joen virtausta lyhytaikaiss\u00e4\u00e4nn\u00f6stell\u00e4\u00e4n vuorokaudenaikojen tahdissa. Voimala on suunniteltu toimimaan tehokkaimmin tietyill\u00e4 vesim\u00e4\u00e4rill\u00e4. Jos vett\u00e4 on kerrassaan liian v\u00e4h\u00e4n verrattuna voimalakoneiston rakennusvirtaamaan, turbiinit pys\u00e4ytet\u00e4\u00e4n kokonaan teknisist\u00e4 syist\u00e4 eli voimalaa katkok\u00e4ytet\u00e4\u00e4n.<\/p>\n\n<p>Lyhytaikaiss\u00e4\u00e4d\u00f6n vuoksi jokiveden pinta voimalan yl\u00e4- ja alapuolella vuoroin nousee, vuoroin laskee.  Pinnankorkeuden jatkuva vaihtelu kuluttaa rantavy\u00f6hykett\u00e4 ja kasvillisuus k\u00f6yhtyy. Alapuolinen uoma j\u00e4\u00e4 toisinaan v\u00e4h\u00e4vetiseksi tai jopa kuivaksi.<\/p>\n\n<p> <\/p>\n\n<h3>S\u00e4\u00e4nn\u00f6stelyallas muuttaa rantavy\u00f6hykett\u00e4 ja virtausoloja<\/h3>\n\n<div class=\"wp-block-image\"><figure class=\"alignright\"><img width=\"300\" height=\"300\" src=\"data:image\/gif;base64,R0lGODlhAQABAIAAAAAAAP\/\/\/yH5BAEAAAAALAAAAAABAAEAAAIBRAA7\" data-src=\"https:\/\/www.vesivoimanluonto.org\/wp-content\/uploads\/2019\/10\/river-part-winding-kayak-1-300x300.png\" alt=\"river part winding kayak\" class=\"wp-image-157 lazyload\" data-srcset=\"https:\/\/www.vesivoimanluonto.org\/wp-content\/uploads\/2019\/10\/river-part-winding-kayak-1-300x300.png 300w, https:\/\/www.vesivoimanluonto.org\/wp-content\/uploads\/2019\/10\/river-part-winding-kayak-1-150x150.png 150w, https:\/\/www.vesivoimanluonto.org\/wp-content\/uploads\/2019\/10\/river-part-winding-kayak-1.png 753w\" sizes=\"(max-width: 300px) 100vw, 300px\" \/><noscript><img width=\"300\" height=\"300\" src=\"https:\/\/www.vesivoimanluonto.org\/wp-content\/uploads\/2019\/10\/river-part-winding-kayak-1-300x300.png\" alt=\"river part winding kayak\" class=\"wp-image-157 lazyload\" srcset=\"https:\/\/www.vesivoimanluonto.org\/wp-content\/uploads\/2019\/10\/river-part-winding-kayak-1-300x300.png 300w, https:\/\/www.vesivoimanluonto.org\/wp-content\/uploads\/2019\/10\/river-part-winding-kayak-1-150x150.png 150w, https:\/\/www.vesivoimanluonto.org\/wp-content\/uploads\/2019\/10\/river-part-winding-kayak-1.png 753w\" sizes=\"(max-width: 300px) 100vw, 300px\" \/><\/noscript><\/figure><\/div>\n\n<p>Alemman vesivoimalan tasaisen ja riitt\u00e4v\u00e4n vedensaannin takaa tarkoitusta varten padottu s\u00e4\u00e4nn\u00f6stelyallas. Alkuper\u00e4inen joki virtapaikkoineen ja rantavy\u00f6hykkeineen on peittynyt altaaseen. My\u00f6s mets\u00e4\u00e4 ja suota on j\u00e4\u00e4nyt veden alle. Aluksi humusta ja turvelauttoja on l\u00e4htenyt liikkeelle ja vesi on ollut luonnonj\u00e4rvi\u00e4 happamampaa ja elohopeapitoista.<\/p>\n\n<p>Talvella vesi ei p\u00e4\u00e4dy vesist\u00f6\u00f6n, sill\u00e4 se sataa lumena tai j\u00e4\u00e4tyy. Kev\u00e4\u00e4ll\u00e4, kun lumet sulavat, vedet virtaavat j\u00e4lleen. Voimalan vedentarve ja s\u00e4\u00e4nn\u00f6stelyrytmi noudattaa p\u00e4invastaista rytmi\u00e4. Altaan veden pinta halutaan korkeaksi talvea vasten, koska talvella k\u00e4yt\u00f6ss\u00e4 oleva vesi on voimalalle arvokkainta. Talvella s\u00e4hk\u00f6n kysynt\u00e4 on suurin ja hinta korkeimmillaan, mutta vesist\u00f6jen virtaamat pienimmill\u00e4\u00e4n. S\u00e4\u00e4nn\u00f6stelyaltaan veden pintaa aletaan nostaa syksyll\u00e4 kohti s\u00e4\u00e4nn\u00f6stelyn yl\u00e4rajaa, luonnontilaista korkeammalle tasolle (yl\u00e4vesi). Pintaa lasketaan helmi-huhtikuussa s\u00e4\u00e4nn\u00f6stelyn alarajalle, kev\u00e4tkuoppaan (alavesi). Tuolloin veden happi voi k\u00e4yd\u00e4 v\u00e4hiin, koska vesitilavuus on pieni. Kes\u00e4ksi veden pintaa nostetaan ihmisten virkistysk\u00e4ytt\u00f6\u00f6n sopivaksi.<\/p>\n\n<p>S\u00e4\u00e4nn\u00f6stely leikkaa pois kev\u00e4\u00e4n suurimmat tulvahuiput. Tulvimiseen sopeutunut virtavesiluonto k\u00e4rsii s\u00e4\u00e4nn\u00f6stelyst\u00e4 ja tulvasuojelusta, josta hy\u00f6tyy vesist\u00f6nvarsien peltoviljely.<\/p>\n\n<p> <\/p>\n\n<h3>Luonnonuoma j\u00e4\u00e4 p\u00e4\u00e4osin kuivaksi<\/h3>\n\n<div class=\"wp-block-image\"><figure class=\"alignright\"><img width=\"300\" height=\"300\" src=\"data:image\/gif;base64,R0lGODlhAQABAIAAAAAAAP\/\/\/yH5BAEAAAAALAAAAAABAAEAAAIBRAA7\" data-src=\"https:\/\/www.vesivoimanluonto.org\/wp-content\/uploads\/2019\/10\/river-part-overflow-dam-no-fish-path-300x300.png\" alt=\"river part overflow dam no fish path\" class=\"wp-image-225 lazyload\" data-srcset=\"https:\/\/www.vesivoimanluonto.org\/wp-content\/uploads\/2019\/10\/river-part-overflow-dam-no-fish-path-300x300.png 300w, https:\/\/www.vesivoimanluonto.org\/wp-content\/uploads\/2019\/10\/river-part-overflow-dam-no-fish-path-150x150.png 150w, https:\/\/www.vesivoimanluonto.org\/wp-content\/uploads\/2019\/10\/river-part-overflow-dam-no-fish-path-768x768.png 768w, https:\/\/www.vesivoimanluonto.org\/wp-content\/uploads\/2019\/10\/river-part-overflow-dam-no-fish-path.png 906w\" sizes=\"(max-width: 300px) 100vw, 300px\" \/><noscript><img width=\"300\" height=\"300\" src=\"https:\/\/www.vesivoimanluonto.org\/wp-content\/uploads\/2019\/10\/river-part-overflow-dam-no-fish-path-300x300.png\" alt=\"river part overflow dam no fish path\" class=\"wp-image-225 lazyload\" srcset=\"https:\/\/www.vesivoimanluonto.org\/wp-content\/uploads\/2019\/10\/river-part-overflow-dam-no-fish-path-300x300.png 300w, https:\/\/www.vesivoimanluonto.org\/wp-content\/uploads\/2019\/10\/river-part-overflow-dam-no-fish-path-150x150.png 150w, https:\/\/www.vesivoimanluonto.org\/wp-content\/uploads\/2019\/10\/river-part-overflow-dam-no-fish-path-768x768.png 768w, https:\/\/www.vesivoimanluonto.org\/wp-content\/uploads\/2019\/10\/river-part-overflow-dam-no-fish-path.png 906w\" sizes=\"(max-width: 300px) 100vw, 300px\" \/><\/noscript><\/figure><\/div>\n\n<div class=\"wp-block-image\"><figure class=\"alignright\"><img width=\"300\" height=\"300\" src=\"data:image\/gif;base64,R0lGODlhAQABAIAAAAAAAP\/\/\/yH5BAEAAAAALAAAAAABAAEAAAIBRAA7\" data-src=\"https:\/\/www.vesivoimanluonto.org\/wp-content\/uploads\/2019\/10\/river-part-hydropower-top-bottom-1-300x300.png\" alt=\"river part hydropower top bottom\" class=\"wp-image-149 lazyload\" data-srcset=\"https:\/\/www.vesivoimanluonto.org\/wp-content\/uploads\/2019\/10\/river-part-hydropower-top-bottom-1-300x300.png 300w, https:\/\/www.vesivoimanluonto.org\/wp-content\/uploads\/2019\/10\/river-part-hydropower-top-bottom-1-150x150.png 150w, https:\/\/www.vesivoimanluonto.org\/wp-content\/uploads\/2019\/10\/river-part-hydropower-top-bottom-1.png 644w\" sizes=\"(max-width: 300px) 100vw, 300px\" \/><noscript><img width=\"300\" height=\"300\" src=\"https:\/\/www.vesivoimanluonto.org\/wp-content\/uploads\/2019\/10\/river-part-hydropower-top-bottom-1-300x300.png\" alt=\"river part hydropower top bottom\" class=\"wp-image-149 lazyload\" srcset=\"https:\/\/www.vesivoimanluonto.org\/wp-content\/uploads\/2019\/10\/river-part-hydropower-top-bottom-1-300x300.png 300w, https:\/\/www.vesivoimanluonto.org\/wp-content\/uploads\/2019\/10\/river-part-hydropower-top-bottom-1-150x150.png 150w, https:\/\/www.vesivoimanluonto.org\/wp-content\/uploads\/2019\/10\/river-part-hydropower-top-bottom-1.png 644w\" sizes=\"(max-width: 300px) 100vw, 300px\" \/><\/noscript><figcaption>:<\/figcaption><\/figure><\/div>\n\n<p>Veden m\u00e4\u00e4r\u00e4\u00e4 altaassa hallitaan voimalapadon ja s\u00e4\u00e4nn\u00f6stelypadon avulla. Patojen ja juoksutuksen avulla vesi ohjataan voimalan kanavaan, joka on louhittu jyrkk\u00e4\u00e4n paikkaan suuren putouskorkeuden saavuttamiseksi. Alakanavan vedenpinta on selv\u00e4sti yl\u00e4kanavaa alampana.<\/p>\n\n<p>Luonnonuoma on kuiva ja paitsi silloin, kun altaan veden pinta on noustemassa liian korkealle. Silloin vett\u00e4 p\u00e4\u00e4stet\u00e4\u00e4n s\u00e4\u00e4nn\u00f6stelypadon tulvaluukuista ja luonnonuoma vesittyy tilap\u00e4isesti.<\/p>\n\n<p>Voimalat est\u00e4v\u00e4t kalojen ja muiden eli\u00f6iden liikkumisen joen p\u00e4\u00e4uomassa. Kalat eiv\u00e4t p\u00e4\u00e4se voimaloiden ohi yl\u00e4juoksun virtapaikoille lis\u00e4\u00e4ntym\u00e4\u00e4n. Tekoaltaaseen laskee luonnontilainen sivu-uoma, jossa el\u00e4\u00e4 paikallinen taimenkanta.<\/p>\n\n<div class=\"wp-block-image\"><figure class=\"aligncenter\"><img src=\"data:image\/gif;base64,R0lGODlhAQABAIAAAAAAAP\/\/\/yH5BAEAAAAALAAAAAABAAEAAAIBRAA7\" data-src=\"https:\/\/www.ekoenergy.org\/wp-content\/uploads\/2017\/12\/Kemijoki_Pirttikoski_vanhaa-uomaa_PL_800-720x540.jpg\" alt=\"\" class=\"wp-image-14761 lazyload\"\/><noscript><img src=\"https:\/\/www.ekoenergy.org\/wp-content\/uploads\/2017\/12\/Kemijoki_Pirttikoski_vanhaa-uomaa_PL_800-720x540.jpg\" alt=\"\" class=\"wp-image-14761 lazyload\"\/><\/noscript><\/figure><\/div>\n\n<p>Kemijoen Pirttikosken kuivaksi j\u00e4\u00e4nytt\u00e4 luonnonuomaa. Kemijoen p\u00e4\u00e4uoma Rovaniemelt\u00e4 yl\u00e4virtaan p\u00e4in on porrastettu vesivoimaloilla, muttei aivan kokonaan. Pirttikosken vesivoimala on Suomen suurin tunnelivoimalaitos. Sen koneasema sijaitsee maan alla 60 metrin syvyydess\u00e4 ja p\u00e4\u00e4tunnelin pituus on 2,5 kilometria. Kuva: P\u00e4ivi Lundvall 2017<\/p>\n","protected":false},"excerpt":{"rendered":"<p>Osittain rakennettu joki vesist\u00f6n yl\u00e4uoksulla T\u00e4m\u00e4 j\u00e4rveen laskeva joki on valjastettu vesivoiman tuotantoa varten, mutta ei aivan kokonaan. Joen yl\u00e4juoksulla on viel\u00e4 virtapaikkoja. Joessa on kaksi vesivoimalaitosta ja niiden v\u00e4liss\u00e4 on s\u00e4\u00e4nn\u00f6stelyallas&#13; &#13; \u00a0 Joki virtaa voimalan ehdoilla Ylempi vesivoimala on l\u00e4pivirtausvoimala. Se toimii sen veden varassa, joka joessa kulloinkin virtaa. Joen tulovirtaama vaihtelee ja &hellip;<\/p>\n<p class=\"read-more\"> <a class=\"\" href=\"https:\/\/www.vesivoimanluonto.org\/fi\/jokimaisema\/rakennettu-joki-ylajuoksu\/\"> <span class=\"screen-reader-text\">Rakennettu joki, yl\u00e4juoksu<\/span> Lue lis\u00e4\u00e4 \u00bb<\/a><\/p>\n","protected":false},"author":4,"featured_media":0,"parent":237,"menu_order":2,"comment_status":"closed","ping_status":"closed","template":"","meta":[],"_links":{"self":[{"href":"https:\/\/www.vesivoimanluonto.org\/fi\/wp-json\/wp\/v2\/pages\/245"}],"collection":[{"href":"https:\/\/www.vesivoimanluonto.org\/fi\/wp-json\/wp\/v2\/pages"}],"about":[{"href":"https:\/\/www.vesivoimanluonto.org\/fi\/wp-json\/wp\/v2\/types\/page"}],"author":[{"embeddable":true,"href":"https:\/\/www.vesivoimanluonto.org\/fi\/wp-json\/wp\/v2\/users\/4"}],"replies":[{"embeddable":true,"href":"https:\/\/www.vesivoimanluonto.org\/fi\/wp-json\/wp\/v2\/comments?post=245"}],"version-history":[{"count":5,"href":"https:\/\/www.vesivoimanluonto.org\/fi\/wp-json\/wp\/v2\/pages\/245\/revisions"}],"predecessor-version":[{"id":1182,"href":"https:\/\/www.vesivoimanluonto.org\/fi\/wp-json\/wp\/v2\/pages\/245\/revisions\/1182"}],"up":[{"embeddable":true,"href":"https:\/\/www.vesivoimanluonto.org\/fi\/wp-json\/wp\/v2\/pages\/237"}],"wp:attachment":[{"href":"https:\/\/www.vesivoimanluonto.org\/fi\/wp-json\/wp\/v2\/media?parent=245"}],"curies":[{"name":"wp","href":"https:\/\/api.w.org\/{rel}","templated":true}]}}