{"id":253,"date":"2019-10-24T07:39:31","date_gmt":"2019-10-24T07:39:31","guid":{"rendered":"http:\/\/stevenv9.sg-host.com\/jokimaisema\/kunnostettu-joki\/"},"modified":"2019-11-27T09:12:21","modified_gmt":"2019-11-27T09:12:21","slug":"kunnostettu-joki","status":"publish","type":"page","link":"https:\/\/www.vesivoimanluonto.org\/fi\/jokimaisema\/kunnostettu-joki\/","title":{"rendered":"Kunnostettu joki"},"content":{"rendered":"\n<div class=\"wp-block-image\"><figure class=\"aligncenter\"><img width=\"1024\" height=\"784\" src=\"data:image\/gif;base64,R0lGODlhAQABAIAAAAAAAP\/\/\/yH5BAEAAAAALAAAAAABAAEAAAIBRAA7\" data-src=\"https:\/\/www.vesivoimanluonto.org\/wp-content\/uploads\/2019\/10\/restored-river-1-1024x784.gif\" alt=\"restored river with hydropower\" class=\"wp-image-141 lazyload\" data-srcset=\"https:\/\/www.vesivoimanluonto.org\/wp-content\/uploads\/2019\/10\/restored-river-1-1024x784.gif 1024w, https:\/\/www.vesivoimanluonto.org\/wp-content\/uploads\/2019\/10\/restored-river-1-300x230.gif 300w, https:\/\/www.vesivoimanluonto.org\/wp-content\/uploads\/2019\/10\/restored-river-1-768x588.gif 768w\" sizes=\"(max-width: 1024px) 100vw, 1024px\" \/><noscript><img width=\"1024\" height=\"784\" src=\"https:\/\/www.vesivoimanluonto.org\/wp-content\/uploads\/2019\/10\/restored-river-1-1024x784.gif\" alt=\"restored river with hydropower\" class=\"wp-image-141 lazyload\" srcset=\"https:\/\/www.vesivoimanluonto.org\/wp-content\/uploads\/2019\/10\/restored-river-1-1024x784.gif 1024w, https:\/\/www.vesivoimanluonto.org\/wp-content\/uploads\/2019\/10\/restored-river-1-300x230.gif 300w, https:\/\/www.vesivoimanluonto.org\/wp-content\/uploads\/2019\/10\/restored-river-1-768x588.gif 768w\" sizes=\"(max-width: 1024px) 100vw, 1024px\" \/><\/noscript><\/figure><\/div>\n\n\n\n<p><strong>T\u00e4m\u00e4 joki on ollut valjastettuna vesivoiman tuotantoon, mutta nyt se on palautettu takaisin kohti luonnontilaa. Palauttamisessa on otettu huomioon vesivoimatuotannosta saatavan tehon menetys&nbsp; verrattuna saavutettaviin hy\u00f6tyihin luonnolle ja ihmisille.<\/strong><\/p>\n\n\n\n<h3>Voimalapadon avaaminen poistaa esteen ja mahdollistaa p\u00e4\u00e4syn kutualueille<br><br> <\/h3>\n\n\n\n<div class=\"wp-block-image\"><figure class=\"alignright\"><img width=\"300\" height=\"300\" src=\"data:image\/gif;base64,R0lGODlhAQABAIAAAAAAAP\/\/\/yH5BAEAAAAALAAAAAABAAEAAAIBRAA7\" data-src=\"https:\/\/www.vesivoimanluonto.org\/wp-content\/uploads\/2019\/10\/river-part-Enviromentaly-friendly-dam-300x300.png\" alt=\"river part Enviromentaly friendly dam\" class=\"wp-image-215 lazyload\" data-srcset=\"https:\/\/www.vesivoimanluonto.org\/wp-content\/uploads\/2019\/10\/river-part-Enviromentaly-friendly-dam-300x300.png 300w, https:\/\/www.vesivoimanluonto.org\/wp-content\/uploads\/2019\/10\/river-part-Enviromentaly-friendly-dam-150x150.png 150w, https:\/\/www.vesivoimanluonto.org\/wp-content\/uploads\/2019\/10\/river-part-Enviromentaly-friendly-dam.png 643w\" sizes=\"(max-width: 300px) 100vw, 300px\" \/><noscript><img width=\"300\" height=\"300\" src=\"https:\/\/www.vesivoimanluonto.org\/wp-content\/uploads\/2019\/10\/river-part-Enviromentaly-friendly-dam-300x300.png\" alt=\"river part Enviromentaly friendly dam\" class=\"wp-image-215 lazyload\" srcset=\"https:\/\/www.vesivoimanluonto.org\/wp-content\/uploads\/2019\/10\/river-part-Enviromentaly-friendly-dam-300x300.png 300w, https:\/\/www.vesivoimanluonto.org\/wp-content\/uploads\/2019\/10\/river-part-Enviromentaly-friendly-dam-150x150.png 150w, https:\/\/www.vesivoimanluonto.org\/wp-content\/uploads\/2019\/10\/river-part-Enviromentaly-friendly-dam.png 643w\" sizes=\"(max-width: 300px) 100vw, 300px\" \/><\/noscript><\/figure><\/div>\n\n\n\n<p>Vanha minivoimalaitos on museoitu. Minivesivoimalaitos tuotti vain v\u00e4h\u00e4n s\u00e4hk\u00f6\u00e4 verrattuna sen jokiluonnolle aiheuttamaan haittaan. Vanha voimalapato on avattu ja toimii siltana. Voimalarakennuksessa toimii kahvila. Padon ja voimalan v\u00e4linen vedenottoputki on osa ulkoilmamuseota.<\/p>\n\n\n\n<p>Vanhassa luonnonuomassa virtaa j\u00e4lleen vesi jatkuvasti eik\u00e4 vain silloin, kun vett\u00e4 riitt\u00e4\u00e4 yli voimatuotannon tarpeen. Taimenet kutevat uudelleen vesitettyss\u00e4 luonnonuomassa, jossa on valmiiksi sopiva kaltevuus ja pohjarakenne.<\/p>\n\n\n\n<h3>Ohitusuoma jakaa veden voimalan ja virtavesieli\u00f6iden kesken<br><br> <\/h3>\n\n\n\n<div class=\"wp-block-image\"><figure class=\"alignright\"><img width=\"300\" height=\"300\" src=\"data:image\/gif;base64,R0lGODlhAQABAIAAAAAAAP\/\/\/yH5BAEAAAAALAAAAAABAAEAAAIBRAA7\" data-src=\"https:\/\/www.vesivoimanluonto.org\/wp-content\/uploads\/2019\/10\/river-part-hydropower-with-fish-stairs-1-300x300.png\" alt=\"river part hydropower with fish stairs\" class=\"wp-image-151 lazyload\" data-srcset=\"https:\/\/www.vesivoimanluonto.org\/wp-content\/uploads\/2019\/10\/river-part-hydropower-with-fish-stairs-1-300x300.png 300w, https:\/\/www.vesivoimanluonto.org\/wp-content\/uploads\/2019\/10\/river-part-hydropower-with-fish-stairs-1-150x150.png 150w, https:\/\/www.vesivoimanluonto.org\/wp-content\/uploads\/2019\/10\/river-part-hydropower-with-fish-stairs-1-768x768.png 768w, https:\/\/www.vesivoimanluonto.org\/wp-content\/uploads\/2019\/10\/river-part-hydropower-with-fish-stairs-1-1024x1024.png 1024w, https:\/\/www.vesivoimanluonto.org\/wp-content\/uploads\/2019\/10\/river-part-hydropower-with-fish-stairs-1.png 1185w\" sizes=\"(max-width: 300px) 100vw, 300px\" \/><noscript><img width=\"300\" height=\"300\" src=\"https:\/\/www.vesivoimanluonto.org\/wp-content\/uploads\/2019\/10\/river-part-hydropower-with-fish-stairs-1-300x300.png\" alt=\"river part hydropower with fish stairs\" class=\"wp-image-151 lazyload\" srcset=\"https:\/\/www.vesivoimanluonto.org\/wp-content\/uploads\/2019\/10\/river-part-hydropower-with-fish-stairs-1-300x300.png 300w, https:\/\/www.vesivoimanluonto.org\/wp-content\/uploads\/2019\/10\/river-part-hydropower-with-fish-stairs-1-150x150.png 150w, https:\/\/www.vesivoimanluonto.org\/wp-content\/uploads\/2019\/10\/river-part-hydropower-with-fish-stairs-1-768x768.png 768w, https:\/\/www.vesivoimanluonto.org\/wp-content\/uploads\/2019\/10\/river-part-hydropower-with-fish-stairs-1-1024x1024.png 1024w, https:\/\/www.vesivoimanluonto.org\/wp-content\/uploads\/2019\/10\/river-part-hydropower-with-fish-stairs-1.png 1185w\" sizes=\"(max-width: 300px) 100vw, 300px\" \/><\/noscript><\/figure><\/div>\n\n\n\n<p>Alempi vesivoimalaitos toimii ja tuottaa s\u00e4hk\u00f6\u00e4. Siihen on rakennettu luonnonmukainen ohitusuoma, jota pitkin kalat ja muut vesieli\u00f6t voivat liikkua voimalapadon ohi. Luonnonmukainen ohitusuoma on tehty kaivinkoneella sopivan loivaksi ja mutkittelevaksi. Ohitusuomaan on lis\u00e4tty sopivasti kivi\u00e4 ja pohjamateriaalia, jotka hidastavat ja monipuolistavat virtausta. Eroa luonnonpuroon ei en\u00e4\u00e4 huomaa.<\/p>\n\n\n\n<p>Voimalaitos luovuttaa vett\u00e4 ohitusuomaan ymp\u00e4ri vuoden, vaikka vesi on voimalalle arvokasta. Vesi virtaa ohitusuomassa my\u00f6s talvella ja v\u00e4h\u00e4vetisin\u00e4 aikoina. Siksi kalat ja muut vesieli\u00f6t my\u00f6s asuvat ja lis\u00e4\u00e4ntyv\u00e4t siell\u00e4. Vesi on poissa s\u00e4hk\u00f6ntuotannosta, mutta tilalle saadaan el\u00e4v\u00e4 virtavesi.<\/p>\n\n\n\n<h3>S\u00e4\u00e4nn\u00f6stelypadon korvaus pohjapadolla avaa luusuan<\/h3>\n\n\n\n<div class=\"wp-block-image\"><figure class=\"alignright\"><img width=\"300\" height=\"300\" src=\"data:image\/gif;base64,R0lGODlhAQABAIAAAAAAAP\/\/\/yH5BAEAAAAALAAAAAABAAEAAAIBRAA7\" data-src=\"https:\/\/www.vesivoimanluonto.org\/wp-content\/uploads\/2019\/10\/river-part-breaking-dam-300x300.png\" alt=\"river part breaking dam\" class=\"wp-image-145 lazyload\" data-srcset=\"https:\/\/www.vesivoimanluonto.org\/wp-content\/uploads\/2019\/10\/river-part-breaking-dam-300x300.png 300w, https:\/\/www.vesivoimanluonto.org\/wp-content\/uploads\/2019\/10\/river-part-breaking-dam-150x150.png 150w, https:\/\/www.vesivoimanluonto.org\/wp-content\/uploads\/2019\/10\/river-part-breaking-dam.png 628w\" sizes=\"(max-width: 300px) 100vw, 300px\" \/><noscript><img width=\"300\" height=\"300\" src=\"https:\/\/www.vesivoimanluonto.org\/wp-content\/uploads\/2019\/10\/river-part-breaking-dam-300x300.png\" alt=\"river part breaking dam\" class=\"wp-image-145 lazyload\" srcset=\"https:\/\/www.vesivoimanluonto.org\/wp-content\/uploads\/2019\/10\/river-part-breaking-dam-300x300.png 300w, https:\/\/www.vesivoimanluonto.org\/wp-content\/uploads\/2019\/10\/river-part-breaking-dam-150x150.png 150w, https:\/\/www.vesivoimanluonto.org\/wp-content\/uploads\/2019\/10\/river-part-breaking-dam.png 628w\" sizes=\"(max-width: 300px) 100vw, 300px\" \/><\/noscript><\/figure><\/div>\n\n\n\n<p>Yl\u00e4puolisen j\u00e4rven luusuassa sijainnut s\u00e4\u00e4nn\u00f6stelypato on purettu. Kalat ja muut vesieli\u00f6t p\u00e4\u00e4sev\u00e4t liikkumaan j\u00e4rven ja joen v\u00e4lill\u00e4. S\u00e4\u00e4nn\u00f6stelypadon paikalle luusuaan on rakennettu mahdollisimman luonnollisen n\u00e4k\u00f6inen pohjapato, jonka alivesiaukosta kalat p\u00e4\u00e4sev\u00e4t aina uimaan. Sen avulla j\u00e4rven vedenpinta on pysynyt rajoissa joihin ranta-asukkaat ovat tottuneet. Alapuolisen joen tulvarytmi on palautunut l\u00e4helle luonnontilaa.<\/p>\n\n\n\n<h3> Kunnostus tuo kutualueita<br> <\/h3>\n\n\n\n<div class=\"wp-block-image\"><figure class=\"alignright\"><img width=\"300\" height=\"300\" src=\"data:image\/gif;base64,R0lGODlhAQABAIAAAAAAAP\/\/\/yH5BAEAAAAALAAAAAABAAEAAAIBRAA7\" data-src=\"https:\/\/www.vesivoimanluonto.org\/wp-content\/uploads\/2019\/10\/river-part-bend-with-restoration-1-300x300.png\" alt=\"river part bend with restoration\" class=\"wp-image-143 lazyload\" data-srcset=\"https:\/\/www.vesivoimanluonto.org\/wp-content\/uploads\/2019\/10\/river-part-bend-with-restoration-1-300x300.png 300w, https:\/\/www.vesivoimanluonto.org\/wp-content\/uploads\/2019\/10\/river-part-bend-with-restoration-1-150x150.png 150w, https:\/\/www.vesivoimanluonto.org\/wp-content\/uploads\/2019\/10\/river-part-bend-with-restoration-1.png 645w\" sizes=\"(max-width: 300px) 100vw, 300px\" \/><noscript><img width=\"300\" height=\"300\" src=\"https:\/\/www.vesivoimanluonto.org\/wp-content\/uploads\/2019\/10\/river-part-bend-with-restoration-1-300x300.png\" alt=\"river part bend with restoration\" class=\"wp-image-143 lazyload\" srcset=\"https:\/\/www.vesivoimanluonto.org\/wp-content\/uploads\/2019\/10\/river-part-bend-with-restoration-1-300x300.png 300w, https:\/\/www.vesivoimanluonto.org\/wp-content\/uploads\/2019\/10\/river-part-bend-with-restoration-1-150x150.png 150w, https:\/\/www.vesivoimanluonto.org\/wp-content\/uploads\/2019\/10\/river-part-bend-with-restoration-1.png 645w\" sizes=\"(max-width: 300px) 100vw, 300px\" \/><\/noscript><\/figure><\/div>\n\n\n\n<p>My\u00f6s muita joen muita koskipaikkoja on kunnostettu. Aiemmin perattuun ja suoristettuun uomaan on tuotu suuria kivi\u00e4 vesieli\u00f6iden suojapaikoiksi ja soraa kutualustaksi. Uomaan on rakennettu my\u00f6s puusta ja kivist\u00e4 suisteita ohjaamaan virtauksia.<\/p>\n\n\n\n<div class=\"wp-block-image\"><figure class=\"aligncenter\"><img width=\"800\" height=\"600\" src=\"data:image\/gif;base64,R0lGODlhAQABAIAAAAAAAP\/\/\/yH5BAEAAAAALAAAAAABAAEAAAIBRAA7\" data-src=\"https:\/\/www.vesivoimanluonto.org\/wp-content\/uploads\/2019\/10\/River-restoration-in-progress-1.jpg\" alt=\"River restoration in progress\" class=\"wp-image-159 lazyload\" data-srcset=\"https:\/\/www.vesivoimanluonto.org\/wp-content\/uploads\/2019\/10\/River-restoration-in-progress-1.jpg 800w, https:\/\/www.vesivoimanluonto.org\/wp-content\/uploads\/2019\/10\/River-restoration-in-progress-1-300x225.jpg 300w, https:\/\/www.vesivoimanluonto.org\/wp-content\/uploads\/2019\/10\/River-restoration-in-progress-1-768x576.jpg 768w\" sizes=\"(max-width: 800px) 100vw, 800px\" \/><noscript><img width=\"800\" height=\"600\" src=\"https:\/\/www.vesivoimanluonto.org\/wp-content\/uploads\/2019\/10\/River-restoration-in-progress-1.jpg\" alt=\"River restoration in progress\" class=\"wp-image-159 lazyload\" srcset=\"https:\/\/www.vesivoimanluonto.org\/wp-content\/uploads\/2019\/10\/River-restoration-in-progress-1.jpg 800w, https:\/\/www.vesivoimanluonto.org\/wp-content\/uploads\/2019\/10\/River-restoration-in-progress-1-300x225.jpg 300w, https:\/\/www.vesivoimanluonto.org\/wp-content\/uploads\/2019\/10\/River-restoration-in-progress-1-768x576.jpg 768w\" sizes=\"(max-width: 800px) 100vw, 800px\" \/><\/noscript><\/figure><\/div>\n\n\n\n<p>Virtavesien hoitoyhdistys rakensi vuonna 2008 luonnonmukaisen ohitusuoman Vihtijoelle, Haimoon vanhan mekaanisen viljamyllyn padolle. Nyky\u00e4\u00e4n maisemoitunut, luonnonpuroa muistuttava ohitusuoma on taimelle sek\u00e4 kulkuyhteys ett\u00e4 elinymp\u00e4rist\u00f6, jossa taimen my\u00f6s lis\u00e4\u00e4ntyy. Vihtijoki on Karjaanjoen vesist\u00f6alueeseen kuuluva, Hiidenveteen laskeva joki Uudellamaalla. Kuva: Markus Penttinen<\/p>\n","protected":false},"excerpt":{"rendered":"<p>T\u00e4m\u00e4 joki on ollut valjastettuna vesivoiman tuotantoon, mutta nyt se on palautettu takaisin kohti luonnontilaa. Palauttamisessa on otettu huomioon vesivoimatuotannosta saatavan tehon menetys&nbsp; verrattuna saavutettaviin hy\u00f6tyihin luonnolle ja ihmisille. Voimalapadon avaaminen poistaa esteen ja mahdollistaa p\u00e4\u00e4syn kutualueille Vanha minivoimalaitos on museoitu. Minivesivoimalaitos tuotti vain v\u00e4h\u00e4n s\u00e4hk\u00f6\u00e4 verrattuna sen jokiluonnolle aiheuttamaan haittaan. Vanha voimalapato on avattu &hellip;<\/p>\n<p class=\"read-more\"> <a class=\"\" href=\"https:\/\/www.vesivoimanluonto.org\/fi\/jokimaisema\/kunnostettu-joki\/\"> <span class=\"screen-reader-text\">Kunnostettu joki<\/span> Lue lis\u00e4\u00e4 \u00bb<\/a><\/p>\n","protected":false},"author":4,"featured_media":0,"parent":237,"menu_order":4,"comment_status":"closed","ping_status":"closed","template":"","meta":[],"_links":{"self":[{"href":"https:\/\/www.vesivoimanluonto.org\/fi\/wp-json\/wp\/v2\/pages\/253"}],"collection":[{"href":"https:\/\/www.vesivoimanluonto.org\/fi\/wp-json\/wp\/v2\/pages"}],"about":[{"href":"https:\/\/www.vesivoimanluonto.org\/fi\/wp-json\/wp\/v2\/types\/page"}],"author":[{"embeddable":true,"href":"https:\/\/www.vesivoimanluonto.org\/fi\/wp-json\/wp\/v2\/users\/4"}],"replies":[{"embeddable":true,"href":"https:\/\/www.vesivoimanluonto.org\/fi\/wp-json\/wp\/v2\/comments?post=253"}],"version-history":[{"count":3,"href":"https:\/\/www.vesivoimanluonto.org\/fi\/wp-json\/wp\/v2\/pages\/253\/revisions"}],"predecessor-version":[{"id":1451,"href":"https:\/\/www.vesivoimanluonto.org\/fi\/wp-json\/wp\/v2\/pages\/253\/revisions\/1451"}],"up":[{"embeddable":true,"href":"https:\/\/www.vesivoimanluonto.org\/fi\/wp-json\/wp\/v2\/pages\/237"}],"wp:attachment":[{"href":"https:\/\/www.vesivoimanluonto.org\/fi\/wp-json\/wp\/v2\/media?parent=253"}],"curies":[{"name":"wp","href":"https:\/\/api.w.org\/{rel}","templated":true}]}}