{"id":313,"date":"2019-10-24T08:45:44","date_gmt":"2019-10-24T08:45:44","guid":{"rendered":"http:\/\/stevenv9.sg-host.com\/?page_id=313"},"modified":"2019-10-24T08:46:40","modified_gmt":"2019-10-24T08:46:40","slug":"tuotantomaarat","status":"publish","type":"page","link":"https:\/\/www.vesivoimanluonto.org\/fi\/vesivoima-suomessa\/tuotantomaarat\/","title":{"rendered":"Tuotantom\u00e4\u00e4r\u00e4t"},"content":{"rendered":"\n<h1>Vesivoimas\u00e4hk\u00f6n tuotantom\u00e4\u00e4r\u00e4t Suomessa<\/h1>\n\n\n\n<h2>Vesivoimaa alle viidennes kaikesta s\u00e4hk\u00f6st\u00e4<\/h2>\n\n\n\n<p>Suomeen rakennettiin koko 1900-luvun ajan lis\u00e4\u00e4 \nvesivoimakapasiteetti\u00e4 ja t\u00e4m\u00e4nhetkinen kokonaiskapasiteetti on \n10-kertainen verrattuna sotia edelt\u00e4neeseen aikaan. Vesivoiman osuus \nSuomen s\u00e4hk\u00f6ntuotannosta oli suurimmillaan 1950-60-luvuilla, jolloin \nsill\u00e4 tuotettiin jopa 90 prosenttia s\u00e4hk\u00f6st\u00e4.&nbsp; Vaikka vesivoimas\u00e4hk\u00f6n \ntuotanto nousi saavuttaen nykytasonsa 1990-luvulla, on 2010-luvulle \ntultaessa sen osuus s\u00e4hk\u00f6n tuotannosta ja kulutuksesta laskenut 10-20 \nprosenttiin. T\u00e4m\u00e4 johtuu siit\u00e4, ett\u00e4 s\u00e4hk\u00f6n kokonaiskulutus ja -tuotanto\n on samaan aikaan noussut.<\/p>\n\n\n\n<div class=\"wp-block-image\"><figure class=\"aligncenter\"><img width=\"491\" height=\"303\" src=\"data:image\/gif;base64,R0lGODlhAQABAIAAAAAAAP\/\/\/yH5BAEAAAAALAAAAAABAAEAAAIBRAA7\" data-src=\"https:\/\/www.vesivoimanluonto.org\/wp-content\/uploads\/2019\/10\/salatuo_2016_2017-11-02_kuv_003_fi_001.gif\" alt=\"\" class=\"wp-image-283 lazyload\"\/><noscript><img width=\"491\" height=\"303\" src=\"https:\/\/www.vesivoimanluonto.org\/wp-content\/uploads\/2019\/10\/salatuo_2016_2017-11-02_kuv_003_fi_001.gif\" alt=\"\" class=\"wp-image-283 lazyload\"\/><\/noscript><figcaption> S\u00e4hk\u00f6n  tuotanto Suomessa tuotantomuodoittain 2000-2016. Suomen  virallinen  tilasto: S\u00e4hk\u00f6n ja l\u00e4mm\u00f6n tuotanto, 2016, Liitekuvio 3.  ISSN=1798-5072.  Tilastokeskus [viitattu: 8.3.2018]. Saantitapa:   http:\/\/www.stat.fi\/til\/salatuo\/2016\/salatuo_2016_2017-11-02_kuv_003_fi.html <\/figcaption><\/figure><\/div>\n\n\n\n<h3>Vesivoimaloiden kokonaiskapasiteetti noin 3 100 megawattia<\/h3>\n\n\n\n<p>Suomen vesivoimaloiden yhteenlaskettu kapasiteetti eli teho on noin 3\n 100 megawattia (MW). Voimaloiden vuosittain tuottama s\u00e4hk\u00f6m\u00e4\u00e4r\u00e4 \nvaihtelee, koska sadem\u00e4\u00e4r\u00e4t vaihtelevat. Suomen vesivoimaloiden \nvuosituotanto vaihtelee noin 10-15 terawattitunnin (TWh) v\u00e4lill\u00e4.<\/p>\n\n\n\n<p>Suurvesivoimalat ovat teholtaan yli 10 MW, pienvesivoimalat 1-10 MW \nv\u00e4lilt\u00e4 ja minivesivoimalat alle 1 MW. Yhteens\u00e4 vesivoimaloita on yli \n220, mutta suurin osa s\u00e4hk\u00f6st\u00e4 saadaan muutamista kymmenist\u00e4 \nsuurvesivoimaloista.<\/p>\n\n\n\n<p>Vett\u00e4 on mahdollista varastoida ja k\u00e4ytt\u00e4\u00e4 juuri silloin, kun sit\u00e4 \ntarvitaan s\u00e4hk\u00f6ntuotannossa. Vesivoima on siis hyv\u00e4\u00e4 s\u00e4\u00e4t\u00f6voimaa, jolla \ns\u00e4hk\u00f6ntuotannon m\u00e4\u00e4r\u00e4\u00e4 on mahdollista s\u00e4\u00e4dell\u00e4 p\u00e4iv\u00e4-, viikko- ja \nvuositasolla, kulutuksen mukaan. S\u00e4\u00e4t\u00f6voima tasaa energian \nkulutushuippuja niin, ett\u00e4 s\u00e4hk\u00f6n jakeluverkon j\u00e4nnite pysyy kausittain \nja jopa sekunneittain vakaana (talvikausi, jouluhuippu). Tulevaisuudessa\n s\u00e4\u00e4t\u00f6\u00e4 on mahdollista toteuttaa my\u00f6s kulutuksen puolella \u00e4lykk\u00e4iden \nj\u00e4rjestelmien ja uusien akkuteknologioiden avulla.<\/p>\n\n\n\n<p>Vesivoiman tuotanto ei ole Suomessa en\u00e4\u00e4 kasvanut, sill\u00e4 \nvoimatuotannon kannalta merkitt\u00e4v\u00e4t vesist\u00f6t on jo rakennettu tai niill\u00e4\n on merkitt\u00e4vi\u00e4 luonnonsuojelullisia arvoja. Virtavesiluonnon heikko \ntila edellytt\u00e4\u00e4 pid\u00e4tt\u00e4ytymist\u00e4 vesivoiman lis\u00e4\u00e4misest\u00e4. Silti \nvuosikymmenten tauon j\u00e4lkeen Kemijoki Oy&nbsp; panostaa uusien voimalaitosten\n rakentamiseen Kemijoen vesist\u00f6\u00f6n.<\/p>\n","protected":false},"excerpt":{"rendered":"<p>Vesivoimas\u00e4hk\u00f6n tuotantom\u00e4\u00e4r\u00e4t Suomessa Vesivoimaa alle viidennes kaikesta s\u00e4hk\u00f6st\u00e4 Suomeen rakennettiin koko 1900-luvun ajan lis\u00e4\u00e4 vesivoimakapasiteetti\u00e4 ja t\u00e4m\u00e4nhetkinen kokonaiskapasiteetti on 10-kertainen verrattuna sotia edelt\u00e4neeseen aikaan. Vesivoiman osuus Suomen s\u00e4hk\u00f6ntuotannosta oli suurimmillaan 1950-60-luvuilla, jolloin sill\u00e4 tuotettiin jopa 90 prosenttia s\u00e4hk\u00f6st\u00e4.&nbsp; Vaikka vesivoimas\u00e4hk\u00f6n tuotanto nousi saavuttaen nykytasonsa 1990-luvulla, on 2010-luvulle tultaessa sen osuus s\u00e4hk\u00f6n tuotannosta ja kulutuksesta laskenut &hellip;<\/p>\n<p class=\"read-more\"> <a class=\"\" href=\"https:\/\/www.vesivoimanluonto.org\/fi\/vesivoima-suomessa\/tuotantomaarat\/\"> <span class=\"screen-reader-text\">Tuotantom\u00e4\u00e4r\u00e4t<\/span> Lue lis\u00e4\u00e4 \u00bb<\/a><\/p>\n","protected":false},"author":4,"featured_media":0,"parent":258,"menu_order":2,"comment_status":"closed","ping_status":"closed","template":"","meta":[],"_links":{"self":[{"href":"https:\/\/www.vesivoimanluonto.org\/fi\/wp-json\/wp\/v2\/pages\/313"}],"collection":[{"href":"https:\/\/www.vesivoimanluonto.org\/fi\/wp-json\/wp\/v2\/pages"}],"about":[{"href":"https:\/\/www.vesivoimanluonto.org\/fi\/wp-json\/wp\/v2\/types\/page"}],"author":[{"embeddable":true,"href":"https:\/\/www.vesivoimanluonto.org\/fi\/wp-json\/wp\/v2\/users\/4"}],"replies":[{"embeddable":true,"href":"https:\/\/www.vesivoimanluonto.org\/fi\/wp-json\/wp\/v2\/comments?post=313"}],"version-history":[{"count":1,"href":"https:\/\/www.vesivoimanluonto.org\/fi\/wp-json\/wp\/v2\/pages\/313\/revisions"}],"predecessor-version":[{"id":316,"href":"https:\/\/www.vesivoimanluonto.org\/fi\/wp-json\/wp\/v2\/pages\/313\/revisions\/316"}],"up":[{"embeddable":true,"href":"https:\/\/www.vesivoimanluonto.org\/fi\/wp-json\/wp\/v2\/pages\/258"}],"wp:attachment":[{"href":"https:\/\/www.vesivoimanluonto.org\/fi\/wp-json\/wp\/v2\/media?parent=313"}],"curies":[{"name":"wp","href":"https:\/\/api.w.org\/{rel}","templated":true}]}}