{"id":317,"date":"2019-10-24T08:49:37","date_gmt":"2019-10-24T08:49:37","guid":{"rendered":"http:\/\/stevenv9.sg-host.com\/?page_id=317"},"modified":"2024-01-09T20:30:05","modified_gmt":"2024-01-09T18:30:05","slug":"vesivoimalat","status":"publish","type":"page","link":"https:\/\/www.vesivoimanluonto.org\/fi\/vesivoima-suomessa\/vesivoimalat\/","title":{"rendered":"Vesivoimalat"},"content":{"rendered":"\n<h1>Vesivoimalat Suomessa<\/h1>\n\n\n\n<p>T\u00e4ll\u00e4 sivulla vesivoimalaitoksia esitelll\u00e4\u00e4n merkitt\u00e4vimpien omistajan mukaan.<\/p>\n\n\n\n<p>Suomessa on 220 vesivoimalaa, jotka ovat n\u00e4ht\u00e4vill\u00e4 vesist\u00f6itt\u00e4in muun muassa <a href=\"http:\/\/www.vesirakentaja.fi\/voimalaitokset\/laitosluettelo.html\" target=\"_blank\" rel=\"noreferrer noopener\">Vesirakentajan listassa<\/a>.&nbsp; Oheisessa SYKE:n Vesikartassa on kuvattu jokien muuttuneisuutta ja keskeisi\u00e4 vaellusesteit\u00e4, jotka usein ovat vesivoimaloita.<\/p>\n\n\n\n<figure class=\"wp-block-gallery aligncenter columns-2 is-cropped\"><ul class=\"blocks-gallery-grid\"><li class=\"blocks-gallery-item\"><figure><img width=\"531\" height=\"1024\" src=\"data:image\/gif;base64,R0lGODlhAQABAIAAAAAAAP\/\/\/yH5BAEAAAAALAAAAAABAAEAAAIBRAA7\" data-src=\"https:\/\/www.vesivoimanluonto.org\/wp-content\/uploads\/2019\/10\/SYKE_Vesikartta_VAELLUSESTEET-531x1024.png\" alt=\"\" data-id=\"289\" data-link=\"https:\/\/www.vesivoimanluonto.org\/fi\/syke_vesikartta_vaellusesteet\/\" class=\"wp-image-289 lazyload\" data-srcset=\"https:\/\/www.vesivoimanluonto.org\/wp-content\/uploads\/2019\/10\/SYKE_Vesikartta_VAELLUSESTEET-531x1024.png 531w, https:\/\/www.vesivoimanluonto.org\/wp-content\/uploads\/2019\/10\/SYKE_Vesikartta_VAELLUSESTEET-156x300.png 156w, https:\/\/www.vesivoimanluonto.org\/wp-content\/uploads\/2019\/10\/SYKE_Vesikartta_VAELLUSESTEET.png 554w\" sizes=\"(max-width: 531px) 100vw, 531px\" \/><noscript><img width=\"531\" height=\"1024\" src=\"https:\/\/www.vesivoimanluonto.org\/wp-content\/uploads\/2019\/10\/SYKE_Vesikartta_VAELLUSESTEET-531x1024.png\" alt=\"\" data-id=\"289\" data-link=\"https:\/\/www.vesivoimanluonto.org\/fi\/syke_vesikartta_vaellusesteet\/\" class=\"wp-image-289 lazyload\" srcset=\"https:\/\/www.vesivoimanluonto.org\/wp-content\/uploads\/2019\/10\/SYKE_Vesikartta_VAELLUSESTEET-531x1024.png 531w, https:\/\/www.vesivoimanluonto.org\/wp-content\/uploads\/2019\/10\/SYKE_Vesikartta_VAELLUSESTEET-156x300.png 156w, https:\/\/www.vesivoimanluonto.org\/wp-content\/uploads\/2019\/10\/SYKE_Vesikartta_VAELLUSESTEET.png 554w\" sizes=\"(max-width: 531px) 100vw, 531px\" \/><\/noscript><\/figure><\/li><li class=\"blocks-gallery-item\"><figure><img width=\"348\" height=\"634\" src=\"data:image\/gif;base64,R0lGODlhAQABAIAAAAAAAP\/\/\/yH5BAEAAAAALAAAAAABAAEAAAIBRAA7\" data-src=\"https:\/\/www.vesivoimanluonto.org\/wp-content\/uploads\/2019\/10\/SYKE_Vesikartta_SELITE.png\" alt=\"\" data-id=\"287\" data-link=\"https:\/\/www.vesivoimanluonto.org\/fi\/syke_vesikartta_selite\/\" class=\"wp-image-287 lazyload\" data-srcset=\"https:\/\/www.vesivoimanluonto.org\/wp-content\/uploads\/2019\/10\/SYKE_Vesikartta_SELITE.png 348w, https:\/\/www.vesivoimanluonto.org\/wp-content\/uploads\/2019\/10\/SYKE_Vesikartta_SELITE-165x300.png 165w\" sizes=\"(max-width: 348px) 100vw, 348px\" \/><noscript><img width=\"348\" height=\"634\" src=\"https:\/\/www.vesivoimanluonto.org\/wp-content\/uploads\/2019\/10\/SYKE_Vesikartta_SELITE.png\" alt=\"\" data-id=\"287\" data-link=\"https:\/\/www.vesivoimanluonto.org\/fi\/syke_vesikartta_selite\/\" class=\"wp-image-287 lazyload\" srcset=\"https:\/\/www.vesivoimanluonto.org\/wp-content\/uploads\/2019\/10\/SYKE_Vesikartta_SELITE.png 348w, https:\/\/www.vesivoimanluonto.org\/wp-content\/uploads\/2019\/10\/SYKE_Vesikartta_SELITE-165x300.png 165w\" sizes=\"(max-width: 348px) 100vw, 348px\" \/><\/noscript><\/figure><\/li><\/ul><\/figure>\n\n\n\n<p><em> Jokien hydrologis-morfologinen muuttuneisuus ja keskeiset vaellusesteet.  Useimmat pisteet ovat vesivoimaloita ja muutetut joet vesivoimalle  rakennettuja jokia.&nbsp; L\u00e4hde: SYKE www.vesikartta.fi <\/em><\/p>\n\n\n\n<h3><strong>Kemijoki Oy<\/strong><\/h3>\n\n\n\n<p>Kemijoki Oy omistaa yhteens\u00e4 20 vesivoimalaa, joiden yhteenlaskettu \nteho on Kemijoen vesist\u00f6ss\u00e4 1088 MW,&nbsp; Lieksanjoessa 32 MW ja Kymijoessa \n37 MW.<\/p>\n\n\n\n<p>Kemijoen vesist\u00f6ss\u00e4 yhti\u00f6ll\u00e4 on 16 voimalaa: <em>Taivalkoski, Ossauskoski, Pet\u00e4j\u00e4skoski<\/em> (182 MW \u2013 Suomen 2. suurin vesivoimala), <em>Valajaskoski,\n Permantokoski, Vanttauskoski, Pirttikoski, Seitakorva, Kokkosniva, \nKurkiaska, Kelukoski, Vajukoski, Kurittukoski, Porttipahta<\/em> ja <em>Lokka<\/em>.&nbsp;\n Lis\u00e4ksi yhti\u00f6 s\u00e4\u00e4nn\u00f6stelee Lokkan ja Porttipahdan tekoaltaita, \nOlkkaj\u00e4rve\u00e4 ja Kemij\u00e4rve\u00e4 sek\u00e4 10 pienemp\u00e4\u00e4 j\u00e4rve\u00e4. Yhti\u00f6n \nsuunnitelmissa on rakentaa uusi Sieril\u00e4n voimala l\u00e4hes luonnontilaiselle\n Kemijoen p\u00e4\u00e4haaran osalle. Lieksanjoessa yhti\u00f6 omistaa <em>Pankakosken<\/em> ja <em>Lieksankosken<\/em> ja Kymijoessa <em>Anjalankosken<\/em> ja <em>Inkeroisen<\/em> voimalat.<\/p>\n\n\n\n<p>Kemijoki Oy:n rahaosakkeet omistaa Suomen valtio (52%), Fortum (27%),\n Lapin S\u00e4hk\u00f6voima (11%), UPM (7%), Helen (1,5%), Ounastuotanto (1%) ja \nNapapiirin energia ja vesi (0,5%). Edulliseen omakustannuss\u00e4hk\u00f6\u00f6n \noikeuttavista vesivoimaosakkeista 64% omistaa Fortum ja 19% UPM.&nbsp; \nP\u00e4\u00e4omistaja Suomen valtio on siirt\u00e4nyt Kemijoki Oy:n Valtion \nkehitysyritykseen (<a href=\"http:\/\/vnk.fi\/vake-oy\" target=\"_blank\" rel=\"noreferrer noopener\">Vake<\/a>), mik\u00e4 mahdollistaa yritysmyynnin esimerkiksi ulkomaisille sijoittajille.<\/p>\n\n\n\n<ul><li><a href=\"https:\/\/www.kemijoki.fi\/toimintamme\/voimalaitokset-ja-tuotanto.html\" target=\"_blank\" rel=\"noreferrer noopener\">Voimalaitokset ja tuotanto<\/a> \u2013 Kemijoki Oy<\/li><\/ul>\n\n\n\n<h3><strong>Pohjolan Voima Oy<br>\n<\/strong><\/h3>\n\n\n\n<p>Yhteens\u00e4 12 omaa tai osakkuuslaitosta&nbsp; Iijoella, Kemijoella, \nKokem\u00e4enjoella ja Tengeli\u00f6njoella. Niiden yhteisteho on 528 MW, josta \nPohjolan Voiman osuus on 447 MW.<\/p>\n\n\n\n<p>Yhti\u00f6 omistaa Kemijoen suulla <em>Isohaaran<\/em> voimalaitoksen ja Kemij\u00e4rvell\u00e4 <em>Jumiskon<\/em> voimalan. Iijoella yhti\u00f6 omistaa viisi voimalaa eli <em>Raasakan, Maalismaan, Kierikin<\/em>, <em>Pahkakosken ja Haapakosken<\/em> voimalat, ja Kokem\u00e4enjoella kaksi voimalaa eli <em>Melon<\/em> ja <em>Harjavallan<\/em> voimalat. Tornionjoen sivujoessa, Tengeli\u00f6njoella Tornionlaakson Voima (jossa PVO:lla on 50% omistusosuus), omistaa <em>Portimokosken, Jolmankosken<\/em> ja <em>Kaaranneskosken<\/em> voimalat.<\/p>\n\n\n\n<p>Pohjolan Voiman suurimmat osakkaat ovat Stora Enso (16%) ja UPM (47%).<\/p>\n\n\n\n<ul><li><a href=\"https:\/\/www.pohjolanvoima.fi\/energiantuotanto\/vesivoima\/12-vesivoimalaitosta\" target=\"_blank\" rel=\"noreferrer noopener\">12 vesivoimalaitosta<\/a> \u2013 Pohjolan voima Oy<\/li><\/ul>\n\n\n\n<h3><strong>Fortum Oy<br>\n<\/strong><\/h3>\n\n\n\n<p>Fortum omistaa Oulujoen vesist\u00f6alueella 11 voimalaitosta, yhteisteholtaan 565,5 MW:&nbsp; <em>Aittokoski, Ala-Utos, Jylh\u00e4m\u00e4, Leppikoski, Montta, Nuojua, Pyh\u00e4koski, P\u00e4lli, Seitenoikea, Utanen<\/em> ja <em>\u00c4mm\u00e4<\/em>. Vuoksen vesist\u00f6ss\u00e4 yhtie\u00f6 omistaa <em>Imatran<\/em> (192 MW \u2013 Suomen suurin vesivoimala) ja <em>Tainionkosken<\/em> (62W) voimalat. Fortumilla on vesivoimaloita my\u00f6s Ruotsissa.<\/p>\n\n\n\n<p>Suomen valtion omistusosuus yhti\u00f6ss\u00e4 on 50,76%. P\u00e4\u00e4omistaja Suomen valtio on siirt\u00e4nyt Fortumin Valtion kehitysyritykseen (<a href=\"http:\/\/vnk.fi\/vake-oy\" target=\"_blank\" rel=\"noreferrer noopener\">Vake<\/a>), mik\u00e4 mahdollistaa yritysmyynnin esimerkiksi ulkomaisille sijoittajille.<\/p>\n\n\n\n<ul><li><a href=\"https:\/\/www.fortum.fi\/tietoa-meista\/yhtiomme\/energiantuotantomme\/voimalaitoksemme\" target=\"_blank\" rel=\"noreferrer noopener\">Voimalaitoksemme <\/a>\u2013 Fortum<\/li><\/ul>\n\n\n\n<h3><strong>Vattenfall<\/strong><\/h3>\n\n\n\n<p>Vattenfall omistaa Suomessa viisi vesivoimalaitosta, yhteisteholtaan 112 MW.&nbsp; Suurin eli <em>Pamilo<\/em> (84 MW) sijaitsee Koitajoessa, <em>Hilmo<\/em> ja <em>Hietama<\/em> Kymijoessa, <em>Hirvikoski<\/em> Nurmonjoessa ja <em>Hinkua<\/em> Kalajoessa.<\/p>\n\n\n\n<ul><li><a href=\"https:\/\/powerplants.vattenfall.com\/#\/types=Hydro\/countries=Finland\/view=map\/sort=name\" target=\"_blank\" rel=\"noreferrer noopener\">Vesivoimalaitokset Suomessa<\/a> \u2013 Vattenfall (enganniksi)<\/li><\/ul>\n\n\n\n<h3><strong>Oulun Energia<\/strong><\/h3>\n\n\n\n<p>Yhti\u00f6 omistaaa <em>Merikosken<\/em> voimalaitoksen (40 MW) Oulujoen suulla.<\/p>\n\n\n\n<ul><li><a href=\"https:\/\/www.oulunenergia.fi\/energia-ja-ymparisto\/energiantuotanto\/voimalaitokset\/merikosken-voimalaitos\" target=\"_blank\" rel=\"noreferrer noopener\">Merikosken voimalaitos<\/a> \u2013 Oulun energia<\/li><\/ul>\n\n\n\n<h3><strong>Koskienergia<\/strong><\/h3>\n\n\n\n<p>Omistaa 30 vesivoimalaitosta ymp\u00e4ri Suomea, etup\u00e4\u00e4ss\u00e4 pienvesivoimaa.\n Yhti\u00f6ll\u00e4 on voimaloita Kymijoen vesist\u00f6ss\u00e4, Mustionjoessa, \nPaimionjoessa, Kokem\u00e4enjoen vesist\u00f6ss\u00e4, Kyr\u00f6njoessa, Lapuanjoessa, \nIijoessa ja Kuusinkijoessa.<\/p>\n\n\n\n<ul><li><a href=\"http:\/\/www.koskienergia.fi\/\" target=\"_blank\" rel=\"noreferrer noopener\">Koskienergia<\/a> \u2013 Koskienergia<\/li><li><a href=\"https:\/\/fi.wikipedia.org\/wiki\/Koskienergia\" target=\"_blank\" rel=\"noreferrer noopener\">Koskienergia<\/a> \u2013 Wikipedia (kooste vesivoimalaitoksista vesist\u00f6itt\u00e4in)<\/li><\/ul>\n\n\n\n<h3><strong>Helen<\/strong><\/h3>\n\n\n\n<p>Yhtie\u00f6 omistaa nelj\u00e4 voimalaitosta Kymijoella, yhteisteholtaan 60 MW: <em>Ahvenkoski, Mankala, Kl\u00e5sar\u00f6<\/em> ja <em>Ediskoski<\/em>. Lis\u00e4ksi Vantaanjoessa <em>Vanhankaupunginkosken<\/em> museovoimalaitos (0,2 MW).<\/p>\n\n\n\n<ul><li><a href=\"https:\/\/www.helen.fi\/yritys\/energia\/energiantuotanto\/voimalaitokset\/kymijoen-vesivoimalaitokset\/\" target=\"_blank\" rel=\"noreferrer noopener\">Kymijoen vesivoimalaitokset <\/a>\u2013 Helen<\/li><\/ul>\n","protected":false},"excerpt":{"rendered":"<p>Vesivoimalat Suomessa T\u00e4ll\u00e4 sivulla vesivoimalaitoksia esitelll\u00e4\u00e4n merkitt\u00e4vimpien omistajan mukaan. Suomessa on 220 vesivoimalaa, jotka ovat n\u00e4ht\u00e4vill\u00e4 vesist\u00f6itt\u00e4in muun muassa Vesirakentajan listassa.&nbsp; Oheisessa SYKE:n Vesikartassa on kuvattu jokien muuttuneisuutta ja keskeisi\u00e4 vaellusesteit\u00e4, jotka usein ovat vesivoimaloita. Jokien hydrologis-morfologinen muuttuneisuus ja keskeiset vaellusesteet. Useimmat pisteet ovat vesivoimaloita ja muutetut joet vesivoimalle rakennettuja jokia.&nbsp; L\u00e4hde: SYKE www.vesikartta.fi Kemijoki &hellip;<\/p>\n<p class=\"read-more\"> <a class=\"\" href=\"https:\/\/www.vesivoimanluonto.org\/fi\/vesivoima-suomessa\/vesivoimalat\/\"> <span class=\"screen-reader-text\">Vesivoimalat<\/span> Lue lis\u00e4\u00e4 \u00bb<\/a><\/p>\n","protected":false},"author":4,"featured_media":0,"parent":258,"menu_order":3,"comment_status":"closed","ping_status":"closed","template":"","meta":[],"_links":{"self":[{"href":"https:\/\/www.vesivoimanluonto.org\/fi\/wp-json\/wp\/v2\/pages\/317"}],"collection":[{"href":"https:\/\/www.vesivoimanluonto.org\/fi\/wp-json\/wp\/v2\/pages"}],"about":[{"href":"https:\/\/www.vesivoimanluonto.org\/fi\/wp-json\/wp\/v2\/types\/page"}],"author":[{"embeddable":true,"href":"https:\/\/www.vesivoimanluonto.org\/fi\/wp-json\/wp\/v2\/users\/4"}],"replies":[{"embeddable":true,"href":"https:\/\/www.vesivoimanluonto.org\/fi\/wp-json\/wp\/v2\/comments?post=317"}],"version-history":[{"count":29,"href":"https:\/\/www.vesivoimanluonto.org\/fi\/wp-json\/wp\/v2\/pages\/317\/revisions"}],"predecessor-version":[{"id":1581,"href":"https:\/\/www.vesivoimanluonto.org\/fi\/wp-json\/wp\/v2\/pages\/317\/revisions\/1581"}],"up":[{"embeddable":true,"href":"https:\/\/www.vesivoimanluonto.org\/fi\/wp-json\/wp\/v2\/pages\/258"}],"wp:attachment":[{"href":"https:\/\/www.vesivoimanluonto.org\/fi\/wp-json\/wp\/v2\/media?parent=317"}],"curies":[{"name":"wp","href":"https:\/\/api.w.org\/{rel}","templated":true}]}}