{"id":347,"date":"2019-10-24T09:08:01","date_gmt":"2019-10-24T09:08:01","guid":{"rendered":"http:\/\/stevenv9.sg-host.com\/?page_id=347"},"modified":"2019-10-24T09:13:30","modified_gmt":"2019-10-24T09:13:30","slug":"saannostelyaltaat","status":"publish","type":"page","link":"https:\/\/www.vesivoimanluonto.org\/fi\/vesivoima-suomessa\/saannostelyaltaat\/","title":{"rendered":"S\u00e4\u00e4nn\u00f6stelyaltaat"},"content":{"rendered":"\n<div class=\"wp-block-image\"><figure class=\"aligncenter\"><img width=\"800\" height=\"450\" src=\"data:image\/gif;base64,R0lGODlhAQABAIAAAAAAAP\/\/\/yH5BAEAAAAALAAAAAABAAEAAAIBRAA7\" data-src=\"https:\/\/www.vesivoimanluonto.org\/wp-content\/uploads\/2019\/10\/Porttipahta_Reservoir_Finland_Feb_2017-ja\u0308a\u0308tynyt_-Markus-Sa\u0308ynevirta-CC-BY-SA-4.0_800.jpg\" alt=\"\" class=\"wp-image-281 lazyload\" data-srcset=\"https:\/\/www.vesivoimanluonto.org\/wp-content\/uploads\/2019\/10\/Porttipahta_Reservoir_Finland_Feb_2017-ja\u0308a\u0308tynyt_-Markus-Sa\u0308ynevirta-CC-BY-SA-4.0_800.jpg 800w, https:\/\/www.vesivoimanluonto.org\/wp-content\/uploads\/2019\/10\/Porttipahta_Reservoir_Finland_Feb_2017-ja\u0308a\u0308tynyt_-Markus-Sa\u0308ynevirta-CC-BY-SA-4.0_800-300x169.jpg 300w, https:\/\/www.vesivoimanluonto.org\/wp-content\/uploads\/2019\/10\/Porttipahta_Reservoir_Finland_Feb_2017-ja\u0308a\u0308tynyt_-Markus-Sa\u0308ynevirta-CC-BY-SA-4.0_800-768x432.jpg 768w\" sizes=\"(max-width: 800px) 100vw, 800px\" \/><noscript><img width=\"800\" height=\"450\" src=\"https:\/\/www.vesivoimanluonto.org\/wp-content\/uploads\/2019\/10\/Porttipahta_Reservoir_Finland_Feb_2017-ja\u0308a\u0308tynyt_-Markus-Sa\u0308ynevirta-CC-BY-SA-4.0_800.jpg\" alt=\"\" class=\"wp-image-281 lazyload\" srcset=\"https:\/\/www.vesivoimanluonto.org\/wp-content\/uploads\/2019\/10\/Porttipahta_Reservoir_Finland_Feb_2017-ja\u0308a\u0308tynyt_-Markus-Sa\u0308ynevirta-CC-BY-SA-4.0_800.jpg 800w, https:\/\/www.vesivoimanluonto.org\/wp-content\/uploads\/2019\/10\/Porttipahta_Reservoir_Finland_Feb_2017-ja\u0308a\u0308tynyt_-Markus-Sa\u0308ynevirta-CC-BY-SA-4.0_800-300x169.jpg 300w, https:\/\/www.vesivoimanluonto.org\/wp-content\/uploads\/2019\/10\/Porttipahta_Reservoir_Finland_Feb_2017-ja\u0308a\u0308tynyt_-Markus-Sa\u0308ynevirta-CC-BY-SA-4.0_800-768x432.jpg 768w\" sizes=\"(max-width: 800px) 100vw, 800px\" \/><\/noscript><figcaption> Lapissa, Kemijoen vesist\u00f6n latvoilla sijaitseva Porttipahdan tekoj\u00e4rvi helmikuussa 2017. Kuva: Markus S\u00e4ynevirta <\/figcaption><\/figure><\/div>\n\n\n\n<h3>S\u00e4\u00e4nn\u00f6stely\u00e4 luonnonj\u00e4rviss\u00e4 ja tekoj\u00e4rviss\u00e4<\/h3>\n\n\n\n<p>Suomessa s\u00e4\u00e4nn\u00f6stell\u00e4\u00e4n kaikkiaan noin 310 j\u00e4rven pintaa vesivoiman, \ntulvasuojelun tai molempien takia. Voimakkaimmin s\u00e4\u00e4nn\u00f6stellyt j\u00e4rvet \nsijaitsevat Lapin ja Oulun l\u00e4\u00e4neiss\u00e4. Esimerkiksi Kemij\u00e4rven \ns\u00e4\u00e4nn\u00f6stelyv\u00e4li on seitsem\u00e4n metri\u00e4.<\/p>\n\n\n\n<p>Suomessa on my\u00f6s kolmisenkymment\u00e4 tekoj\u00e4rve\u00e4, joita on rakennettu \neryisesti v\u00e4h\u00e4j\u00e4rvisiin vesist\u00f6ihin. Tekoj\u00e4rvist\u00e4 useimmat ovat \nPohjanmaalle rakennettuja tulvasuojelualtaita.<\/p>\n\n\n\n<h3>Lokka ja Porttipahta<\/h3>\n\n\n\n<p>Suurimmat tekoj\u00e4rvet ovat Lapissa ja ne on rakennettu palvelemaan \nvesivoiman tuotantoa. Lokka ja Porttipahta rakennettiin Kemijoen \nvaltavan valuma-alueen latvoilla 1960-luvun lopulla. Allasparia \nyhdist\u00e4m\u00e4\u00e4n rakennettiin Vuotson kanava. Lokka toimii ylivuotisena \nvesivarastona, josta vedet johdetaan Vuotson kanavaa pitkin \nPorttipahtaan ja sielt\u00e4 edelleen Kitisen ja Kemijoen voimalaitosketjuun.\n Lokan laskujoessa Luirossa on vain yksi voimala.<\/p>\n\n\n\n<p>Lokka on paitsi Suomen my\u00f6s EU:n suurin tekoj\u00e4rvi, tilavuudeltaan \nl\u00e4hes 2 kuutiokilometri\u00e4. Sen pinta-ala heilahtelee s\u00e4\u00e4nn\u00f6stelyn mukaan \njopa puolella, 216:sta 417:n neli\u00f6kilometriin. Ylimm\u00e4n ja alimman \nvedenpinnan korkeuden erotus (s\u00e4\u00e4nn\u00f6stelyv\u00e4li) on viisi metri\u00e4.<\/p>\n\n\n\n<p>Lokan altaan alle j\u00e4iv\u00e4t Luirojoen ja sen sivuhaarojen halkomat \naapasuoalueet, joilla pesi 111 lintulajia, yhteens\u00e4 noin 40 000 paria. \nSuomen suurimman suon Posoaavan lis\u00e4ksi allas hukutti veteen Korvasen, \nRieston ja Mutenian kyl\u00e4t<\/p>\n\n\n\n<div class=\"wp-block-columns has-2-columns\">\n<div class=\"wp-block-column\">\n<figure class=\"wp-block-image alignfull\"><img width=\"800\" height=\"516\" src=\"data:image\/gif;base64,R0lGODlhAQABAIAAAAAAAP\/\/\/yH5BAEAAAAALAAAAAABAAEAAAIBRAA7\" data-src=\"https:\/\/www.vesivoimanluonto.org\/wp-content\/uploads\/2019\/10\/Sodankyla_Korvanen_Naarasaapa_Rauno_Ruuhijarvi_1959_800.jpg\" alt=\"\" class=\"wp-image-285 lazyload\" data-srcset=\"https:\/\/www.vesivoimanluonto.org\/wp-content\/uploads\/2019\/10\/Sodankyla_Korvanen_Naarasaapa_Rauno_Ruuhijarvi_1959_800.jpg 800w, https:\/\/www.vesivoimanluonto.org\/wp-content\/uploads\/2019\/10\/Sodankyla_Korvanen_Naarasaapa_Rauno_Ruuhijarvi_1959_800-300x194.jpg 300w, https:\/\/www.vesivoimanluonto.org\/wp-content\/uploads\/2019\/10\/Sodankyla_Korvanen_Naarasaapa_Rauno_Ruuhijarvi_1959_800-768x495.jpg 768w\" sizes=\"(max-width: 800px) 100vw, 800px\" \/><noscript><img width=\"800\" height=\"516\" src=\"https:\/\/www.vesivoimanluonto.org\/wp-content\/uploads\/2019\/10\/Sodankyla_Korvanen_Naarasaapa_Rauno_Ruuhijarvi_1959_800.jpg\" alt=\"\" class=\"wp-image-285 lazyload\" srcset=\"https:\/\/www.vesivoimanluonto.org\/wp-content\/uploads\/2019\/10\/Sodankyla_Korvanen_Naarasaapa_Rauno_Ruuhijarvi_1959_800.jpg 800w, https:\/\/www.vesivoimanluonto.org\/wp-content\/uploads\/2019\/10\/Sodankyla_Korvanen_Naarasaapa_Rauno_Ruuhijarvi_1959_800-300x194.jpg 300w, https:\/\/www.vesivoimanluonto.org\/wp-content\/uploads\/2019\/10\/Sodankyla_Korvanen_Naarasaapa_Rauno_Ruuhijarvi_1959_800-768x495.jpg 768w\" sizes=\"(max-width: 800px) 100vw, 800px\" \/><\/noscript><figcaption> Lapissa, Kemijoen vesist\u00f6n latvoilla sijaitseva Porttipahdan tekoj\u00e4rvi helmikuussa 2017. Kuva: Markus S\u00e4ynevirta <\/figcaption><\/figure>\n<\/div>\n\n\n\n<div class=\"wp-block-column\">\n<figure class=\"wp-block-image alignfull\"><img width=\"706\" height=\"915\" src=\"data:image\/gif;base64,R0lGODlhAQABAIAAAAAAAP\/\/\/yH5BAEAAAAALAAAAAABAAEAAAIBRAA7\" data-src=\"https:\/\/www.vesivoimanluonto.org\/wp-content\/uploads\/2019\/10\/Kemijoki_RAKENNUSKAAVIO_Alatalo1988-2.png\" alt=\"\" class=\"wp-image-277 lazyload\" data-srcset=\"https:\/\/www.vesivoimanluonto.org\/wp-content\/uploads\/2019\/10\/Kemijoki_RAKENNUSKAAVIO_Alatalo1988-2.png 706w, https:\/\/www.vesivoimanluonto.org\/wp-content\/uploads\/2019\/10\/Kemijoki_RAKENNUSKAAVIO_Alatalo1988-2-231x300.png 231w\" sizes=\"(max-width: 706px) 100vw, 706px\" \/><noscript><img width=\"706\" height=\"915\" src=\"https:\/\/www.vesivoimanluonto.org\/wp-content\/uploads\/2019\/10\/Kemijoki_RAKENNUSKAAVIO_Alatalo1988-2.png\" alt=\"\" class=\"wp-image-277 lazyload\" srcset=\"https:\/\/www.vesivoimanluonto.org\/wp-content\/uploads\/2019\/10\/Kemijoki_RAKENNUSKAAVIO_Alatalo1988-2.png 706w, https:\/\/www.vesivoimanluonto.org\/wp-content\/uploads\/2019\/10\/Kemijoki_RAKENNUSKAAVIO_Alatalo1988-2-231x300.png 231w\" sizes=\"(max-width: 706px) 100vw, 706px\" \/><\/noscript><\/figure>\n\n\n\n<p>\n Kemijoen vesist\u00f6n voimalaitokset ja s\u00e4\u00e4nn\u00f6stely 1980-luvulla. Kaaviosta\n  puuttuvat 1990-luvulla valmistuneet Kitisen voimalat Kelukoski,  \nKurkiaska ja Kokkosniva sek\u00e4 Luirojoen voimala Lokka. My\u00f6s  \nvoimalaitosten rakennusvirtaamat ovat sittemmin kasvaneet. Ounasjoki  \ns\u00e4\u00e4styi rakentamiselta koskiensuojelains\u00e4\u00e4d\u00e4nnn\u00f6n my\u00f6t\u00e4. 2000-luvulla on\n  perusteltua s\u00e4ilytt\u00e4\u00e4 rakentamattomana my\u00f6s Kemijoen p\u00e4\u00e4uoman \nviimeinen  virtapaikka Sieril\u00e4 Valajas- ja Vanttauskosken voimaloiden \nv\u00e4liss\u00e4,  sek\u00e4 Vuotoksen alue Kemihaarassa. L\u00e4hde: Alatalo, J. (toim.) \n1988.  Kemijoen vesist\u00f6n tulvantorjunnan toimintasuunnitelma. Vesi- ja  \nymp\u00e4rist\u00f6hallituksen monistesarja 111.\n\n<\/p>\n<\/div>\n<\/div>\n","protected":false},"excerpt":{"rendered":"<p>S\u00e4\u00e4nn\u00f6stely\u00e4 luonnonj\u00e4rviss\u00e4 ja tekoj\u00e4rviss\u00e4 Suomessa s\u00e4\u00e4nn\u00f6stell\u00e4\u00e4n kaikkiaan noin 310 j\u00e4rven pintaa vesivoiman, tulvasuojelun tai molempien takia. Voimakkaimmin s\u00e4\u00e4nn\u00f6stellyt j\u00e4rvet sijaitsevat Lapin ja Oulun l\u00e4\u00e4neiss\u00e4. Esimerkiksi Kemij\u00e4rven s\u00e4\u00e4nn\u00f6stelyv\u00e4li on seitsem\u00e4n metri\u00e4. Suomessa on my\u00f6s kolmisenkymment\u00e4 tekoj\u00e4rve\u00e4, joita on rakennettu eryisesti v\u00e4h\u00e4j\u00e4rvisiin vesist\u00f6ihin. Tekoj\u00e4rvist\u00e4 useimmat ovat Pohjanmaalle rakennettuja tulvasuojelualtaita. Lokka ja Porttipahta Suurimmat tekoj\u00e4rvet ovat Lapissa ja &hellip;<\/p>\n<p class=\"read-more\"> <a class=\"\" href=\"https:\/\/www.vesivoimanluonto.org\/fi\/vesivoima-suomessa\/saannostelyaltaat\/\"> <span class=\"screen-reader-text\">S\u00e4\u00e4nn\u00f6stelyaltaat<\/span> Lue lis\u00e4\u00e4 \u00bb<\/a><\/p>\n","protected":false},"author":4,"featured_media":0,"parent":258,"menu_order":4,"comment_status":"closed","ping_status":"closed","template":"","meta":[],"_links":{"self":[{"href":"https:\/\/www.vesivoimanluonto.org\/fi\/wp-json\/wp\/v2\/pages\/347"}],"collection":[{"href":"https:\/\/www.vesivoimanluonto.org\/fi\/wp-json\/wp\/v2\/pages"}],"about":[{"href":"https:\/\/www.vesivoimanluonto.org\/fi\/wp-json\/wp\/v2\/types\/page"}],"author":[{"embeddable":true,"href":"https:\/\/www.vesivoimanluonto.org\/fi\/wp-json\/wp\/v2\/users\/4"}],"replies":[{"embeddable":true,"href":"https:\/\/www.vesivoimanluonto.org\/fi\/wp-json\/wp\/v2\/comments?post=347"}],"version-history":[{"count":10,"href":"https:\/\/www.vesivoimanluonto.org\/fi\/wp-json\/wp\/v2\/pages\/347\/revisions"}],"predecessor-version":[{"id":357,"href":"https:\/\/www.vesivoimanluonto.org\/fi\/wp-json\/wp\/v2\/pages\/347\/revisions\/357"}],"up":[{"embeddable":true,"href":"https:\/\/www.vesivoimanluonto.org\/fi\/wp-json\/wp\/v2\/pages\/258"}],"wp:attachment":[{"href":"https:\/\/www.vesivoimanluonto.org\/fi\/wp-json\/wp\/v2\/media?parent=347"}],"curies":[{"name":"wp","href":"https:\/\/api.w.org\/{rel}","templated":true}]}}