{"id":358,"date":"2019-10-24T09:15:34","date_gmt":"2019-10-24T09:15:34","guid":{"rendered":"http:\/\/stevenv9.sg-host.com\/?page_id=358"},"modified":"2019-10-24T09:15:35","modified_gmt":"2019-10-24T09:15:35","slug":"lainsaadanto","status":"publish","type":"page","link":"https:\/\/www.vesivoimanluonto.org\/fi\/vesivoima-suomessa\/lainsaadanto\/","title":{"rendered":"Lains\u00e4\u00e4d\u00e4nt\u00f6"},"content":{"rendered":"\n<h1>Vesivoimaa koskeva lains\u00e4\u00e4d\u00e4nt\u00f6<\/h1>\n\n\n\n<div class=\"wp-block-image\"><figure class=\"aligncenter\"><img width=\"800\" height=\"600\" src=\"data:image\/gif;base64,R0lGODlhAQABAIAAAAAAAP\/\/\/yH5BAEAAAAALAAAAAABAAEAAAIBRAA7\" data-src=\"https:\/\/www.vesivoimanluonto.org\/wp-content\/uploads\/2019\/10\/DSCN8055_vesilaki_800.jpg\" alt=\"\" class=\"wp-image-261 lazyload\" data-srcset=\"https:\/\/www.vesivoimanluonto.org\/wp-content\/uploads\/2019\/10\/DSCN8055_vesilaki_800.jpg 800w, https:\/\/www.vesivoimanluonto.org\/wp-content\/uploads\/2019\/10\/DSCN8055_vesilaki_800-300x225.jpg 300w, https:\/\/www.vesivoimanluonto.org\/wp-content\/uploads\/2019\/10\/DSCN8055_vesilaki_800-768x576.jpg 768w\" sizes=\"(max-width: 800px) 100vw, 800px\" \/><noscript><img width=\"800\" height=\"600\" src=\"https:\/\/www.vesivoimanluonto.org\/wp-content\/uploads\/2019\/10\/DSCN8055_vesilaki_800.jpg\" alt=\"\" class=\"wp-image-261 lazyload\" srcset=\"https:\/\/www.vesivoimanluonto.org\/wp-content\/uploads\/2019\/10\/DSCN8055_vesilaki_800.jpg 800w, https:\/\/www.vesivoimanluonto.org\/wp-content\/uploads\/2019\/10\/DSCN8055_vesilaki_800-300x225.jpg 300w, https:\/\/www.vesivoimanluonto.org\/wp-content\/uploads\/2019\/10\/DSCN8055_vesilaki_800-768x576.jpg 768w\" sizes=\"(max-width: 800px) 100vw, 800px\" \/><\/noscript><figcaption> Kuva: Virpi Sahi <\/figcaption><\/figure><\/div>\n\n\n\n<h3>Vesilaki s\u00e4\u00e4t\u00e4\u00e4 vesivoiman luvituksesta<\/h3>\n\n\n\n<p>Vesivoimaloiden toiminnasta ja luvista s\u00e4\u00e4det\u00e4\u00e4n vesilaissa. \nVesivoimalaitoksen rakentaminen on Suomessa luvanvaraista ja \nlupaviranomaisena toimii aluehallintovirasto (AVI).<\/p>\n\n\n\n<p>K\u00e4yt\u00e4nn\u00f6ss\u00e4 lupaharkinta perustuu pitk\u00e4lti intressivertailuun eli \nhy\u00f6tyjen ja haittojen arviointiin. Luvan my\u00f6nt\u00e4j\u00e4 asettaa voimalalle \naina my\u00f6s joukon lupam\u00e4\u00e4r\u00e4yksi\u00e4, jotka ovat keskeinen osa lupap\u00e4\u00e4t\u00f6st\u00e4. \nNiiss\u00e4 m\u00e4\u00e4r\u00e4t\u00e4\u00e4n vedenpinnan s\u00e4\u00e4nn\u00f6stelyst\u00e4, veden juoksutuksesta ja \nluovuttamisesta pois voimantuotannosta. Lupaehdoissa voidaan m\u00e4\u00e4r\u00e4t\u00e4 \nkalatalousvelvoite (kalatie, kalataloudellinen kunnostustoimenpide, \nistutus, muu kalataloudellinen hoitotoimenpide, yhdistelm\u00e4velvoite), \nkalatalousmaksu tai muu velvoite.<\/p>\n\n\n\n<p>Leimaavaa voimalaitosten luville on niiden pysyv\u00e4isyyssuoja. Sen \nmukaan lupaa ja lupaehtoja arvioidaan sen lains\u00e4\u00e4d\u00e4nn\u00f6n mukaan, joka on \nollut lupaa my\u00f6nt\u00e4ess\u00e4 voimassa. T\u00e4m\u00e4 on merkitt\u00e4v\u00e4\u00e4, sill\u00e4 2010-luvun \nSuomessa uusien vesivoimalaitosten rakentaminen ei ole ajankohtaista ja \nuseimmiten voimaloiden vesilupa-asiat koskevat vanhojen voimaloiden \nmuutost\u00f6it\u00e4, lupam\u00e4\u00e4r\u00e4yksi\u00e4 ja velvoitteita. Suomen 220 \nvesivoimalaitoksen luvat ovat per\u00e4isin vaihtelevasti eri vuosisadoilta \nja -kymmenilt\u00e4 ja asetetut lupaehdot ovat kirjavia. Osa luvista on \nkirjaimellisesti tsaarinaikaisia, sill\u00e4 vanhin vesivoimaa koskeva \nlains\u00e4\u00e4d\u00e4nt\u00f6 juontaa juurensa Suomi-Ruotsin ja Suomen suurruhtinaskunnan\n aikoihin. Esimerkiksi alle 5 MW:n tehoisia voimalaitoksia on Suomessa \nnoin 153 ja niist\u00e4 48 ei ole lainkaan kalatalousvelvoitetta tai asiaa ei\n ole pystytty selvitt\u00e4m\u00e4\u00e4n.<\/p>\n\n\n\n<h3>Sotavuosien poikkeuslait<\/h3>\n\n\n\n<p>Sotavuosina ja niiden j\u00e4lkeen s\u00e4hk\u00f6ntuotannon tarve kasvoi ja johti \nSuomen suurjokien valjastamiseen. Vuoden 1902 vesioikeuslain mukaan \nvesivoimalan rakentaminen ja toiminta vaativat hallintoluvan, jonka \nmenettelytavat laki s\u00e4\u00e4ti. Sotavuosina 1940 ja 1941 s\u00e4\u00e4dettiin kuitenkin\n vesioikeuslain rinnalle poikkeuslait, joiden nojalla \nvoimalaitoshankkeita voitiin toteuttaa ilman lupa-asian lainvoimaista \nratkaisua ja katselmusmenettely\u00e4. T\u00e4ll\u00f6in paikallisten oikeuksista tai \nluonto- ja ymp\u00e4rist\u00f6asioista ei v\u00e4litetty. N\u00e4ihin v\u00e4liaikaisiin lupiin \nei voinut hakea muutosta.<\/p>\n\n\n\n<p>V\u00e4liaikaiseksi tarkoitettu poikkeuslains\u00e4\u00e4d\u00e4nt\u00f6 kumottiin kokonaan \nvasta vuonna 1962 niin sanotun vanhan vesilain astuessa voimaan. \nPoikkeuslakien turvin ehdittiin rakentaa huomattava osa Suomen \nnykyisest\u00e4 vesivoimakapasiteetista. Hoitamattoman ymp\u00e4rist\u00f6taakan purku \non alkanut vasta j\u00e4lkeenp\u00e4in ja jatkuu. Esimerkiksi Kemijoella \nvoimalaitosten lupaehdojen kalatalousvelvoitteet on todettu nykytiedon \nvalossa puutteellisiksi ja Lapin ELY-keskus haki niihin muutosta vuonna \n2017.<\/p>\n\n\n\n<h3>Nykyinen vesilaki ja muut velvoitteet<\/h3>\n\n\n\n<p>Nykyinen, voimassaoleva vesilaki tuli voimaan vuonna 2012, korvaten \nvuoden 1962 vanhan vesilain. Nyky\u00e4\u00e4n lupaharkinnassa on aina huomioitava\n my\u00f6s luonnonsuojelulain s\u00e4\u00e4nn\u00f6kset esimerkiksi lajien suojelusta ja \nNatura 2000 -alueista. Vesilain ja luonnonsuojelulain lis\u00e4ksi \nvesivoimaan liittyv\u00e4\u00e4 lains\u00e4\u00e4d\u00e4nt\u00f6\u00e4 on mm. koskiensuojelulaeissa, \nYVA-laissa ja patoturvallisuuslaissa.<\/p>\n\n\n\n<p>My\u00f6s kansalliset ja kansainv\u00e4liset sopimukset ja s\u00e4\u00e4d\u00f6kset, kuten \nEU:n vesipuitedirektiivi ja meristrategiadirektiivi velvoittavat Suomea \nhuolehtimaan uhanalaisten vaelluskalalajien s\u00e4ilymisest\u00e4 ja luontaisen \nlis\u00e4\u00e4ntymiskierron edist\u00e4misest\u00e4. My\u00f6s uusi kalastuslaki sek\u00e4 \nkansallinen kalatiestrategia ja lohi- ja meritaimenstrategia ohjaavat \ntavoitteiden toimeenpanoa.<\/p>\n\n\n\n<p>My\u00f6s uuden vesilain muutostarpeista k\u00e4yd\u00e4\u00e4n jo keskustelua.<\/p>\n\n\n\n<p><a href=\"https:\/\/www.finlex.fi\/fi\/laki\/ajantasa\/2011\/20110587\" target=\"_blank\" rel=\"noreferrer noopener\">Vesilaki<\/a> \u2013 Finlex<\/p>\n\n\n\n<p><a href=\"https:\/\/www.ely-keskus.fi\/web\/ely\/-\/lapin-ely-keskus-vaatii-kalateiden-rakentamista-kemijokeen-lappi-\" target=\"_blank\" rel=\"noreferrer noopener\">Lapin ELY-keskus vaatii kalateiden rakentamista Kemijokeen<\/a> \u2013 ELY-keskus tiedote 17.3.2017<\/p>\n\n\n\n<p><a href=\"https:\/\/wwf.fi\/mediabank\/9692.pdf\" target=\"_blank\" rel=\"noreferrer noopener\">Esitys vesilain tarkistamiseksi uuden kalatalousvelvoitteen m\u00e4\u00e4r\u00e4\u00e4misen osalta&nbsp;<\/a>\u2013 Suomen luonnonsuojeluliitto, Suomen vapaa-ajan kalastajien keskusj\u00e4rjest\u00f6 ja Suomen WWF 5.4.2017<\/p>\n\n\n\n<p><\/p>\n","protected":false},"excerpt":{"rendered":"<p>Vesivoimaa koskeva lains\u00e4\u00e4d\u00e4nt\u00f6 Vesilaki s\u00e4\u00e4t\u00e4\u00e4 vesivoiman luvituksesta Vesivoimaloiden toiminnasta ja luvista s\u00e4\u00e4det\u00e4\u00e4n vesilaissa. Vesivoimalaitoksen rakentaminen on Suomessa luvanvaraista ja lupaviranomaisena toimii aluehallintovirasto (AVI). K\u00e4yt\u00e4nn\u00f6ss\u00e4 lupaharkinta perustuu pitk\u00e4lti intressivertailuun eli hy\u00f6tyjen ja haittojen arviointiin. Luvan my\u00f6nt\u00e4j\u00e4 asettaa voimalalle aina my\u00f6s joukon lupam\u00e4\u00e4r\u00e4yksi\u00e4, jotka ovat keskeinen osa lupap\u00e4\u00e4t\u00f6st\u00e4. Niiss\u00e4 m\u00e4\u00e4r\u00e4t\u00e4\u00e4n vedenpinnan s\u00e4\u00e4nn\u00f6stelyst\u00e4, veden juoksutuksesta ja luovuttamisesta pois &hellip;<\/p>\n<p class=\"read-more\"> <a class=\"\" href=\"https:\/\/www.vesivoimanluonto.org\/fi\/vesivoima-suomessa\/lainsaadanto\/\"> <span class=\"screen-reader-text\">Lains\u00e4\u00e4d\u00e4nt\u00f6<\/span> Lue lis\u00e4\u00e4 \u00bb<\/a><\/p>\n","protected":false},"author":4,"featured_media":0,"parent":258,"menu_order":5,"comment_status":"closed","ping_status":"closed","template":"","meta":[],"_links":{"self":[{"href":"https:\/\/www.vesivoimanluonto.org\/fi\/wp-json\/wp\/v2\/pages\/358"}],"collection":[{"href":"https:\/\/www.vesivoimanluonto.org\/fi\/wp-json\/wp\/v2\/pages"}],"about":[{"href":"https:\/\/www.vesivoimanluonto.org\/fi\/wp-json\/wp\/v2\/types\/page"}],"author":[{"embeddable":true,"href":"https:\/\/www.vesivoimanluonto.org\/fi\/wp-json\/wp\/v2\/users\/4"}],"replies":[{"embeddable":true,"href":"https:\/\/www.vesivoimanluonto.org\/fi\/wp-json\/wp\/v2\/comments?post=358"}],"version-history":[{"count":1,"href":"https:\/\/www.vesivoimanluonto.org\/fi\/wp-json\/wp\/v2\/pages\/358\/revisions"}],"predecessor-version":[{"id":359,"href":"https:\/\/www.vesivoimanluonto.org\/fi\/wp-json\/wp\/v2\/pages\/358\/revisions\/359"}],"up":[{"embeddable":true,"href":"https:\/\/www.vesivoimanluonto.org\/fi\/wp-json\/wp\/v2\/pages\/258"}],"wp:attachment":[{"href":"https:\/\/www.vesivoimanluonto.org\/fi\/wp-json\/wp\/v2\/media?parent=358"}],"curies":[{"name":"wp","href":"https:\/\/api.w.org\/{rel}","templated":true}]}}