{"id":365,"date":"2019-10-24T09:22:10","date_gmt":"2019-10-24T09:22:10","guid":{"rendered":"http:\/\/stevenv9.sg-host.com\/?page_id=365"},"modified":"2019-11-22T07:29:21","modified_gmt":"2019-11-22T07:29:21","slug":"suojellut-joet","status":"publish","type":"page","link":"https:\/\/www.vesivoimanluonto.org\/fi\/vesivoima-suomessa\/suojellut-joet\/","title":{"rendered":"Suojellut joet"},"content":{"rendered":"\n<div class=\"wp-block-image\"><figure class=\"aligncenter\"><img width=\"800\" height=\"452\" src=\"data:image\/gif;base64,R0lGODlhAQABAIAAAAAAAP\/\/\/yH5BAEAAAAALAAAAAABAAEAAAIBRAA7\" data-src=\"https:\/\/www.vesivoimanluonto.org\/wp-content\/uploads\/2019\/10\/Iijoki_in_Ii_kuvaaja-Ninaras-CC-BY-4.0_800.jpg\" alt=\"\" class=\"wp-image-263 lazyload\" data-srcset=\"https:\/\/www.vesivoimanluonto.org\/wp-content\/uploads\/2019\/10\/Iijoki_in_Ii_kuvaaja-Ninaras-CC-BY-4.0_800.jpg 800w, https:\/\/www.vesivoimanluonto.org\/wp-content\/uploads\/2019\/10\/Iijoki_in_Ii_kuvaaja-Ninaras-CC-BY-4.0_800-300x170.jpg 300w, https:\/\/www.vesivoimanluonto.org\/wp-content\/uploads\/2019\/10\/Iijoki_in_Ii_kuvaaja-Ninaras-CC-BY-4.0_800-768x434.jpg 768w\" sizes=\"(max-width: 800px) 100vw, 800px\" \/><noscript><img width=\"800\" height=\"452\" src=\"https:\/\/www.vesivoimanluonto.org\/wp-content\/uploads\/2019\/10\/Iijoki_in_Ii_kuvaaja-Ninaras-CC-BY-4.0_800.jpg\" alt=\"\" class=\"wp-image-263 lazyload\" srcset=\"https:\/\/www.vesivoimanluonto.org\/wp-content\/uploads\/2019\/10\/Iijoki_in_Ii_kuvaaja-Ninaras-CC-BY-4.0_800.jpg 800w, https:\/\/www.vesivoimanluonto.org\/wp-content\/uploads\/2019\/10\/Iijoki_in_Ii_kuvaaja-Ninaras-CC-BY-4.0_800-300x170.jpg 300w, https:\/\/www.vesivoimanluonto.org\/wp-content\/uploads\/2019\/10\/Iijoki_in_Ii_kuvaaja-Ninaras-CC-BY-4.0_800-768x434.jpg 768w\" sizes=\"(max-width: 800px) 100vw, 800px\" \/><\/noscript><figcaption> Pohjois-Pohjanmaalla virtaavan Iijoen keski- ja yl\u00e4juoksu on suojeltu koskiensuojelulailla. Kuva: Ninaras (CC-BY-4.0) <\/figcaption><\/figure><\/div>\n\n\n\n<p>Mereen laskevista suurjoistamme kokonaan valjastamatta ovat j\u00e4\u00e4neet \nrajajoet Tornio ja Teno sek\u00e4 Per\u00e4-Pohjolan Simo.&nbsp; My\u00f6s Kemijokeen \nlaskeva Ounasjoki on rakentamaton.&nbsp; Kun vesivoimarakentamisen&nbsp; \nymp\u00e4rist\u00f6vaikutukset alkoivat valjeta, s\u00e4\u00e4ti Suomen eduskunta niin \nsanottujen koskisotien tuloksina lakeja s\u00e4ilyneiden jokien pit\u00e4miseksi \nvapaana my\u00f6s tulevaisuudessa.<\/p>\n\n\n\n<p><strong>Laki Ounasjoen erityissuojelusta<\/strong> (1983) kielt\u00e4\u00e4 voimalarakentamisen Ounasjoessa, siihen laskevissa sivujoissa sek\u00e4 Ounasj\u00e4rveen laskevissa joissa. <strong>Kyr\u00f6njoen erityissuojelulaki<\/strong>\n (1991) suojelee Kyr\u00f6njoen keski- ja alaosan Hanhikosken alapuolella. \nOunasjoki ja osa Kyr\u00f6njoesta kuuulvat my\u00f6s Natura 2000 -verkostoon.<\/p>\n\n\n\n<p><strong>Koskiensuojelulaki<\/strong> (1987) suojaa kaikkiaan 53 \nvesist\u00f6\u00e4 uudelta vesivoimarakentamiselta. Koskiensuojelulaki koskee \nseuraavia vesis\u00f6j\u00e4 ja vesist\u00f6nosia:<\/p>\n\n\n\n<p>Voimalaitosrakentamiselta\n suojellut vesist\u00f6t ja vesist\u00f6nosat. L\u00e4hde: H\u00e4kkinen, K., Karmala, P., \nOllila, M. ja Paronen, R. (2005). Koskiensuojelulain sek\u00e4 Ounasjoen ja \nKyr\u00f6njoen erityissuojelulakien mukaiset korvaustoimitukset. Suomen \nymp\u00e4rist\u00f6 772. SYKE.<\/p>\n\n\n\n<div class=\"wp-block-image\"><figure class=\"alignright is-resized\"><img src=\"data:image\/gif;base64,R0lGODlhAQABAIAAAAAAAP\/\/\/yH5BAEAAAAALAAAAAABAAEAAAIBRAA7\" data-src=\"https:\/\/www.vesivoimanluonto.org\/wp-content\/uploads\/2019\/10\/KoskiensuojelulakiKARTTA_SY722.png\" alt=\"\" class=\"wp-image-279 lazyload\" width=\"442\" height=\"768\" data-srcset=\"https:\/\/www.vesivoimanluonto.org\/wp-content\/uploads\/2019\/10\/KoskiensuojelulakiKARTTA_SY722.png 442w, https:\/\/www.vesivoimanluonto.org\/wp-content\/uploads\/2019\/10\/KoskiensuojelulakiKARTTA_SY722-173x300.png 173w\" sizes=\"(max-width: 442px) 100vw, 442px\" \/><noscript><img src=\"https:\/\/www.vesivoimanluonto.org\/wp-content\/uploads\/2019\/10\/KoskiensuojelulakiKARTTA_SY722.png\" alt=\"\" class=\"wp-image-279 lazyload\" width=\"442\" height=\"768\" srcset=\"https:\/\/www.vesivoimanluonto.org\/wp-content\/uploads\/2019\/10\/KoskiensuojelulakiKARTTA_SY722.png 442w, https:\/\/www.vesivoimanluonto.org\/wp-content\/uploads\/2019\/10\/KoskiensuojelulakiKARTTA_SY722-173x300.png 173w\" sizes=\"(max-width: 442px) 100vw, 442px\" \/><\/noscript><figcaption> Voimalaitosrakentamiselta suojellut vesist\u00f6t ja vesist\u00f6nosat. L\u00e4hde:  H\u00e4kkinen, K., Karmala, P., Ollila, M. ja Paronen, R. (2005).  Koskiensuojelulain sek\u00e4 Ounasjoen ja Kyr\u00f6njoen erityissuojelulakien  mukaiset korvaustoimitukset. Suomen ymp\u00e4rist\u00f6 772. SYKE. <\/figcaption><\/figure><\/div>\n\n\n\n<p>1) <em>Partakoski ja K\u00e4rn\u00e4koski. <\/em>Savitaipale.<\/p>\n\n\n\n<p>2)<em> Kermanvirta Kermankoskessa.<\/em> Hein\u00e4vesi.<\/p>\n\n\n\n<p>3) <em>Karvionkoski Varisveden ja Kermaj\u00e4rven v\u00e4lill\u00e4<\/em>. Hein\u00e4vesi.<\/p>\n\n\n\n<p>4) <em>Konnuskoski Konnusveden ja Saviveden v\u00e4lill\u00e4<\/em>. Lepp\u00e4virta.<\/p>\n\n\n\n<p>5) <em>Pielisen reitti Pankaj\u00e4rven yl\u00e4puolisissa vesist\u00f6iss\u00e4.<\/em> Lieksa, Nurmes ja Kuhmo.<\/p>\n\n\n\n<p>6) <em>Nurmijoki Haapaj\u00e4rven ja S\u00e4lev\u00e4j\u00e4rven v\u00e4liss\u00e4<\/em>. Sonkaj\u00e4rvi.<\/p>\n\n\n\n<p>7) <em>Keyritynjoki ja Puntinjoki.<\/em> Juankoski, Nilsi\u00e4 ja Rautavaara.<\/p>\n\n\n\n<p>8) <em>Tiilikanjoki.<\/em> Rautavaara.<\/p>\n\n\n\n<p>9) <em>Vaikkojoki.<\/em> Juuka ja Kaavi.<\/p>\n\n\n\n<p>10) <em>Koitajoki valtakunnanrajan ja Kahvisaaren v\u00e4liss\u00e4.<\/em> Ilomantsi.<\/p>\n\n\n\n<p>11) <em>Haapajoen\u2013Ukonjoen vesist\u00f6<\/em>. Ilomantsi ja Lieksa.<\/p>\n\n\n\n<p>12) <em>Kymijoen alaosa Koivukosken alapuolelle asti<\/em>. Kotka.<\/p>\n\n\n\n<p>13) Kymijoki Hirvij\u00e4rven ja Tammij\u00e4rven v\u00e4lill\u00e4 Pyht\u00e4\u00e4 ja Ruotsinpyht\u00e4\u00e4.<\/p>\n\n\n\n<p>14) <em>Kymijoen Ahvionkoski Kultaankoski ja Pernoonkoski.<\/em> Anjalankoski ja Kotka.<\/p>\n\n\n\n<p>15) <em>Kivij\u00e4rven reitti.<\/em> Lemi, Luum\u00e4ki, Savitaipale, Valkeala, Anjalankoski ja Kouvola.<\/p>\n\n\n\n<p>16) <em>Kalkkistenkoski P\u00e4ij\u00e4nteen ja Ruotsalaisen v\u00e4liss\u00e4.<\/em> Asikkala.<\/p>\n\n\n\n<p>17) <em>Arvajan reitti.<\/em> Kuhmoinen, L\u00e4ngelm\u00e4ki ja J\u00e4ms\u00e4.<\/p>\n\n\n\n<p>18) <em>Kuusaankoski, Luijankoski ja Kapeenkoski Kuhnamon ja Saraveden v\u00e4liss\u00e4<\/em>. Laukaa ja \u00c4\u00e4nekoski.<\/p>\n\n\n\n<p>19) <em>Huopanankoski ja Keih\u00e4rinkoski Vuosj\u00e4rven ja Pihkurinsel\u00e4n v\u00e4lill\u00e4.<\/em> Viitasaari.<\/p>\n\n\n\n<p>20) <em>Koliman koskireitti K\u00e4rn\u00e4nkoskesta Kym\u00f6nkoskeen.<\/em> Viitasaari<\/p>\n\n\n\n<p>21) <em>Naarakoski Naaraj\u00e4rven ja Kuhnamon v\u00e4lill\u00e4.<\/em> \u00c4\u00e4nekoski.<\/p>\n\n\n\n<p>22) <em>Saarij\u00e4rven reitti Leuhunkosken yl\u00e4puolella.<\/em> Karstula, Kyyj\u00e4rvi, Multia, Perho, Pylk\u00f6nm\u00e4ki, Soini, Alaj\u00e4rven ja Saarij\u00e4rvi.<\/p>\n\n\n\n<p>23) <em>Rautalammin reitti Kuhankosken yl\u00e4puolisessa vesist\u00f6ss\u00e4.<\/em>\n Hankasalmi, J\u00e4ppil\u00e4, Kangasniemi, Karttula, Keitele, Kiuruvesi, \nKonnevesi, Laukaa, Maaninka, Pielavesi, Pihtiputaa, Pyh\u00e4j\u00e4rvi, \nRautalammi, Sumiainen, Tervo, Toivakka, Vesanto, Viitasaari, Pieks\u00e4m\u00e4ki \nja Kuopio.<\/p>\n\n\n\n<p>24) <em>Puuskankoski Pienen S\u00e4mpi\u00e4n ja Tuusj\u00e4rven v\u00e4liss\u00e4.<\/em> M\u00e4ntyharju.<\/p>\n\n\n\n<p>25) <em>Kiskonjoen \u2013 Perni\u00f6njoen vesist\u00f6.<\/em> Karjalohja, Kiikala, Kisko, Muurla, Perni\u00f6, Pertteli, Pohja, Sammatti, Suomusj\u00e4rvi, S\u00e4rkisalo, Tenhola ja Salo.<\/p>\n\n\n\n<p>26) <em>Kokem\u00e4enjoen Kilpikoski sek\u00e4 Rautaveden Kutalanvuolle ja Hiedanvuolle.<\/em> Vammala ja \u00c4ets\u00e4.<\/p>\n\n\n\n<p>27) <em>Kuokkalankoski ja Herralankoski Ahtialanj\u00e4rven ja Kirkkoj\u00e4rven v\u00e4lill\u00e4.<\/em> Lemp\u00e4\u00e4l\u00e4.<\/p>\n\n\n\n<p>28) <em>Pihlajaveden reitti.<\/em> Virrat, Keuruu ja \u00c4ht\u00e4ri.<\/p>\n\n\n\n<p>29) <em>Noormarkunjoen Myllykoski.<\/em> Noormarkku.<\/p>\n\n\n\n<p>30) <em>Lapv\u00e4\u00e4rtinjoen\u2013Isojoen vesist\u00f6.<\/em> Kristiinankaupunki, Isojoki, Karijoki, Kauhajoki ja Teuva.<\/p>\n\n\n\n<p>31) <em>\u00c4ht\u00e4v\u00e4njoen alaosa Evij\u00e4rven alapuolelle<\/em>. Evij\u00e4rvi ja Pietarsaari.<\/p>\n\n\n\n<p>32) <em>Perhonjoki Murikinkoskesta rautatiesillalle.<\/em> Kruunupyy ja Kokkola.<\/p>\n\n\n\n<p>33) <em>Lestijoen vesist\u00f6.<\/em>&nbsp; Himanka, K\u00e4lvi\u00e4, Lestij\u00e4rvi, Lohtaja, Toholampi ja Kannus.<\/p>\n\n\n\n<p>34) <em>Siiponjoki.<\/em> Kalajoki.<\/p>\n\n\n\n<p>35) <em>Kalajoen alaosa Hamarinkosken alapuolelle asti.&nbsp;<\/em> Alavieska, Kalajoki ja Ylivieska.<\/p>\n\n\n\n<p>36) <em>Pyh\u00e4joen alaosa Haapakosken alapuolelle asti.<\/em> Pyh\u00e4joki, Merij\u00e4rvi, ja Haapavesi ja Oulainen.<\/p>\n\n\n\n<p>37) <em>Siikajoen alaosa P\u00f6yrynkosken alapuolelle.<\/em> Ruukki ja Siikajoki.<\/p>\n\n\n\n<p>38) <em>Kuhmon reitti Saarikoskessa ja sen yl\u00e4puolisessa vesist\u00f6ss\u00e4<\/em>. Kuhmo.<\/p>\n\n\n\n<p>39) <em>Kiiminkijoen vesist\u00f6<\/em>.&nbsp; Haukipudas, Kiiminki, Ylikiiminki, Pudasj\u00e4rvi, Puolanka ja Utaj\u00e4rvi.<\/p>\n\n\n\n<p>40) <em>Iijoen vesist\u00f6n keski- ja yl\u00e4osa.<\/em> Kuusamo, Posio, Pudasj\u00e4rvi, Puolanka, Ranua, Suomussalmi, Taivalkoski, Yli-Ii ja Ylikiiminki.<\/p>\n\n\n\n<p>41) <em>Kuivajoen vesist\u00f6<\/em>. Kuivaniemi, Ranua ja Simo.<\/p>\n\n\n\n<p>42) <em>Simojoen vesist\u00f6.<\/em> Posio, Ranua, Simo, Tervola ja Rovaniemi. My\u00f6s Natura 2000 -verkostossa.<\/p>\n\n\n\n<p>43) <em>V\u00e4h\u00e4joen vesist\u00f6<\/em>. Tervola ja Rovaniemi.<\/p>\n\n\n\n<p>44) <em>Auttijoen vesist\u00f6.<\/em> Rovaniemi ja Posio.<\/p>\n\n\n\n<p>45) <em>K\u00e4sm\u00e4joen vesist\u00f6.<\/em> Sallan ja Kemij\u00e4rvi.<\/p>\n\n\n\n<p>46) <em>Kemijoen ja Tenni\u00f6joen yhtym\u00e4kohdan yl\u00e4puoliset vesist\u00f6t.<\/em> Savukoski ja Salla. My\u00f6s Natura 2000 -verkostossa.<\/p>\n\n\n\n<p>47) <em>Tornionjoen \u2013 Muonionjoen sivuvesist\u00f6t.<\/em> Enonteki\u00f6, Kittil\u00e4, Kolari, Muonio, Pello, Ylitornio, Rovaniemi ja Tornio. My\u00f6s Natura 2000 -verkostossa.<\/p>\n\n\n\n<p>48) <em>Tenojoen sivuvesist\u00f6t<\/em>. Inari ja Utsjoki.<\/p>\n\n\n\n<p>49) <em>N\u00e4\u00e4t\u00e4m\u00f6joen vesist\u00f6.<\/em> Inari ja Utsjoki.<\/p>\n\n\n\n<p>50) <em>Juutuanjoki ja sen yl\u00e4puoliset vesist\u00f6t.<\/em> Inari ja Utsjoki.<\/p>\n\n\n\n<p>51) <em>Ivalojoen vesist\u00f6.<\/em> Inari, Enonteki\u00f6, Kittil\u00e4 ja Sodankyl\u00e4.<\/p>\n\n\n\n<p>52) <em>Tuulomajoen vesist\u00f6.<\/em> Inari, Salla, Savukoski ja Sodankyl\u00e4.<\/p>\n\n\n\n<p>53) <em>Koutajoen vesist\u00f6.<\/em> Kuusamo, Posio ja Salla.<\/p>\n\n\n\n<div class=\"wp-block-image\"><figure class=\"aligncenter\"><img width=\"800\" height=\"600\" src=\"data:image\/gif;base64,R0lGODlhAQABAIAAAAAAAP\/\/\/yH5BAEAAAAALAAAAAABAAEAAAIBRAA7\" data-src=\"https:\/\/www.vesivoimanluonto.org\/wp-content\/uploads\/2019\/10\/Utsjoki-Nuorgam_Tenojoki-kuva-BishkekRocks-CC-BY-SA-2.0_800.jpg\" alt=\"\" class=\"wp-image-291 lazyload\" data-srcset=\"https:\/\/www.vesivoimanluonto.org\/wp-content\/uploads\/2019\/10\/Utsjoki-Nuorgam_Tenojoki-kuva-BishkekRocks-CC-BY-SA-2.0_800.jpg 800w, https:\/\/www.vesivoimanluonto.org\/wp-content\/uploads\/2019\/10\/Utsjoki-Nuorgam_Tenojoki-kuva-BishkekRocks-CC-BY-SA-2.0_800-300x225.jpg 300w, https:\/\/www.vesivoimanluonto.org\/wp-content\/uploads\/2019\/10\/Utsjoki-Nuorgam_Tenojoki-kuva-BishkekRocks-CC-BY-SA-2.0_800-768x576.jpg 768w\" sizes=\"(max-width: 800px) 100vw, 800px\" \/><noscript><img width=\"800\" height=\"600\" src=\"https:\/\/www.vesivoimanluonto.org\/wp-content\/uploads\/2019\/10\/Utsjoki-Nuorgam_Tenojoki-kuva-BishkekRocks-CC-BY-SA-2.0_800.jpg\" alt=\"\" class=\"wp-image-291 lazyload\" srcset=\"https:\/\/www.vesivoimanluonto.org\/wp-content\/uploads\/2019\/10\/Utsjoki-Nuorgam_Tenojoki-kuva-BishkekRocks-CC-BY-SA-2.0_800.jpg 800w, https:\/\/www.vesivoimanluonto.org\/wp-content\/uploads\/2019\/10\/Utsjoki-Nuorgam_Tenojoki-kuva-BishkekRocks-CC-BY-SA-2.0_800-300x225.jpg 300w, https:\/\/www.vesivoimanluonto.org\/wp-content\/uploads\/2019\/10\/Utsjoki-Nuorgam_Tenojoki-kuva-BishkekRocks-CC-BY-SA-2.0_800-768x576.jpg 768w\" sizes=\"(max-width: 800px) 100vw, 800px\" \/><\/noscript><figcaption> Lapin Tenojoki Suomen ja Norjan rajalla on rajajokena s\u00e4\u00e4stynyt vesivoimarakentamiselta. Kuva: BishkekRocks (CC-BY-SA-2.0) <\/figcaption><\/figure><\/div>\n","protected":false},"excerpt":{"rendered":"<p>Mereen laskevista suurjoistamme kokonaan valjastamatta ovat j\u00e4\u00e4neet rajajoet Tornio ja Teno sek\u00e4 Per\u00e4-Pohjolan Simo.&nbsp; My\u00f6s Kemijokeen laskeva Ounasjoki on rakentamaton.&nbsp; Kun vesivoimarakentamisen&nbsp; ymp\u00e4rist\u00f6vaikutukset alkoivat valjeta, s\u00e4\u00e4ti Suomen eduskunta niin sanottujen koskisotien tuloksina lakeja s\u00e4ilyneiden jokien pit\u00e4miseksi vapaana my\u00f6s tulevaisuudessa. Laki Ounasjoen erityissuojelusta (1983) kielt\u00e4\u00e4 voimalarakentamisen Ounasjoessa, siihen laskevissa sivujoissa sek\u00e4 Ounasj\u00e4rveen laskevissa joissa. Kyr\u00f6njoen erityissuojelulaki &hellip;<\/p>\n<p class=\"read-more\"> <a class=\"\" href=\"https:\/\/www.vesivoimanluonto.org\/fi\/vesivoima-suomessa\/suojellut-joet\/\"> <span class=\"screen-reader-text\">Suojellut joet<\/span> Lue lis\u00e4\u00e4 \u00bb<\/a><\/p>\n","protected":false},"author":4,"featured_media":0,"parent":258,"menu_order":7,"comment_status":"closed","ping_status":"closed","template":"","meta":[],"_links":{"self":[{"href":"https:\/\/www.vesivoimanluonto.org\/fi\/wp-json\/wp\/v2\/pages\/365"}],"collection":[{"href":"https:\/\/www.vesivoimanluonto.org\/fi\/wp-json\/wp\/v2\/pages"}],"about":[{"href":"https:\/\/www.vesivoimanluonto.org\/fi\/wp-json\/wp\/v2\/types\/page"}],"author":[{"embeddable":true,"href":"https:\/\/www.vesivoimanluonto.org\/fi\/wp-json\/wp\/v2\/users\/4"}],"replies":[{"embeddable":true,"href":"https:\/\/www.vesivoimanluonto.org\/fi\/wp-json\/wp\/v2\/comments?post=365"}],"version-history":[{"count":4,"href":"https:\/\/www.vesivoimanluonto.org\/fi\/wp-json\/wp\/v2\/pages\/365\/revisions"}],"predecessor-version":[{"id":1420,"href":"https:\/\/www.vesivoimanluonto.org\/fi\/wp-json\/wp\/v2\/pages\/365\/revisions\/1420"}],"up":[{"embeddable":true,"href":"https:\/\/www.vesivoimanluonto.org\/fi\/wp-json\/wp\/v2\/pages\/258"}],"wp:attachment":[{"href":"https:\/\/www.vesivoimanluonto.org\/fi\/wp-json\/wp\/v2\/media?parent=365"}],"curies":[{"name":"wp","href":"https:\/\/api.w.org\/{rel}","templated":true}]}}