{"id":486,"date":"2019-10-24T11:24:14","date_gmt":"2019-10-24T11:24:14","guid":{"rendered":"http:\/\/stevenv9.sg-host.com\/?page_id=486"},"modified":"2019-10-24T11:24:15","modified_gmt":"2019-10-24T11:24:15","slug":"luontovaikutukset","status":"publish","type":"page","link":"https:\/\/www.vesivoimanluonto.org\/fi\/luontovaikutukset\/","title":{"rendered":"Luontovaikutukset"},"content":{"rendered":"\n<h1>Vesivoiman vaikutukset luontoon<\/h1>\n\n\n\n<div class=\"wp-block-image\"><figure class=\"aligncenter\"><img width=\"800\" height=\"332\" src=\"data:image\/gif;base64,R0lGODlhAQABAIAAAAAAAP\/\/\/yH5BAEAAAAALAAAAAABAAEAAAIBRAA7\" data-src=\"https:\/\/www.vesivoimanluonto.org\/wp-content\/uploads\/2019\/10\/Harjavallan_vesivoimalaitos_10-kuvaaja-kallerna-CC-BY_SA-3.0_800.jpg\" alt=\"\" class=\"wp-image-424 lazyload\" data-srcset=\"https:\/\/www.vesivoimanluonto.org\/wp-content\/uploads\/2019\/10\/Harjavallan_vesivoimalaitos_10-kuvaaja-kallerna-CC-BY_SA-3.0_800.jpg 800w, https:\/\/www.vesivoimanluonto.org\/wp-content\/uploads\/2019\/10\/Harjavallan_vesivoimalaitos_10-kuvaaja-kallerna-CC-BY_SA-3.0_800-300x125.jpg 300w, https:\/\/www.vesivoimanluonto.org\/wp-content\/uploads\/2019\/10\/Harjavallan_vesivoimalaitos_10-kuvaaja-kallerna-CC-BY_SA-3.0_800-768x319.jpg 768w\" sizes=\"(max-width: 800px) 100vw, 800px\" \/><noscript><img width=\"800\" height=\"332\" src=\"https:\/\/www.vesivoimanluonto.org\/wp-content\/uploads\/2019\/10\/Harjavallan_vesivoimalaitos_10-kuvaaja-kallerna-CC-BY_SA-3.0_800.jpg\" alt=\"\" class=\"wp-image-424 lazyload\" srcset=\"https:\/\/www.vesivoimanluonto.org\/wp-content\/uploads\/2019\/10\/Harjavallan_vesivoimalaitos_10-kuvaaja-kallerna-CC-BY_SA-3.0_800.jpg 800w, https:\/\/www.vesivoimanluonto.org\/wp-content\/uploads\/2019\/10\/Harjavallan_vesivoimalaitos_10-kuvaaja-kallerna-CC-BY_SA-3.0_800-300x125.jpg 300w, https:\/\/www.vesivoimanluonto.org\/wp-content\/uploads\/2019\/10\/Harjavallan_vesivoimalaitos_10-kuvaaja-kallerna-CC-BY_SA-3.0_800-768x319.jpg 768w\" sizes=\"(max-width: 800px) 100vw, 800px\" \/><\/noscript><figcaption> Kokem\u00e4enjoessa  sijaitseva, vuonna 1939 valmistunut Harjavallan  vesivoimalaitos on  Etel\u00e4-Suomen suurimpia, teholtaan 110 MW.  Voimalaitospadolta  alajuoksulle p\u00e4in otetussa kuvassa vasemmalla  voimala ja alakanava,  oikealla padottu uoma. Kuva: Kallerna  (CC-BY_SA-3.0) <\/figcaption><\/figure><\/div>\n\n\n\n<h3>Estevaikutus on vesivoiman ymp\u00e4rist\u00f6vaikutusten perusta<\/h3>\n\n\n\n<p>Voimala- ja s\u00e4\u00e4nn\u00f6stelypadojen rakentaminen aiheuttaa joessa \nv\u00e4litt\u00f6m\u00e4sti estevaikutuksen. Estevaikutus on vesivoiman kielteisten \nluontovaikutusten \u201dperuskivi\u201d, joka n\u00e4kyy heti muutoksina \nvirtausoloissa, sedimentin kulkeutumisessa ja vedenlaadussa. V\u00e4hitellen \nmy\u00f6s jokiuoma, sen muoto ja pohjarakenne muuttuvat.<\/p>\n\n\n\n<p>Estevaikutus aiheuttaa jokijatkumon katkeamisen. Olosuhteiden muutos \nvaikuttaa heti ja ajan kuluessa my\u00f6s elolliseen luontoon. Vesist\u00f6n \nalkutuotanto kuten lev\u00e4st\u00f6, plankton ja irtonaisen eloper\u00e4isen \nmateriaalin kulkeutuminen muuttuvat. Kaikkien tekij\u00f6iden summana \ntapahtuu muutos pohjael\u00e4imiss\u00e4 ja kalastossa sek\u00e4 linnustossa ja \nnis\u00e4kk\u00e4iss\u00e4. Vesivoimarakentaminen muuttaa my\u00f6s rantavy\u00f6hykett\u00e4 ja \ntulvatasankoja.<\/p>\n\n\n\n<div class=\"wp-block-image\"><figure class=\"aligncenter\"><img width=\"1000\" height=\"964\" src=\"data:image\/gif;base64,R0lGODlhAQABAIAAAAAAAP\/\/\/yH5BAEAAAAALAAAAAABAAEAAAIBRAA7\" data-src=\"https:\/\/www.vesivoimanluonto.org\/wp-content\/uploads\/2019\/10\/Luontovaikutukset_Petts_Berglund_Sahi_Vuorinen_1000.jpg\" alt=\"\" class=\"wp-image-430 lazyload\" data-srcset=\"https:\/\/www.vesivoimanluonto.org\/wp-content\/uploads\/2019\/10\/Luontovaikutukset_Petts_Berglund_Sahi_Vuorinen_1000.jpg 1000w, https:\/\/www.vesivoimanluonto.org\/wp-content\/uploads\/2019\/10\/Luontovaikutukset_Petts_Berglund_Sahi_Vuorinen_1000-300x289.jpg 300w, https:\/\/www.vesivoimanluonto.org\/wp-content\/uploads\/2019\/10\/Luontovaikutukset_Petts_Berglund_Sahi_Vuorinen_1000-768x740.jpg 768w\" sizes=\"(max-width: 1000px) 100vw, 1000px\" \/><noscript><img width=\"1000\" height=\"964\" src=\"https:\/\/www.vesivoimanluonto.org\/wp-content\/uploads\/2019\/10\/Luontovaikutukset_Petts_Berglund_Sahi_Vuorinen_1000.jpg\" alt=\"\" class=\"wp-image-430 lazyload\" srcset=\"https:\/\/www.vesivoimanluonto.org\/wp-content\/uploads\/2019\/10\/Luontovaikutukset_Petts_Berglund_Sahi_Vuorinen_1000.jpg 1000w, https:\/\/www.vesivoimanluonto.org\/wp-content\/uploads\/2019\/10\/Luontovaikutukset_Petts_Berglund_Sahi_Vuorinen_1000-300x289.jpg 300w, https:\/\/www.vesivoimanluonto.org\/wp-content\/uploads\/2019\/10\/Luontovaikutukset_Petts_Berglund_Sahi_Vuorinen_1000-768x740.jpg 768w\" sizes=\"(max-width: 1000px) 100vw, 1000px\" \/><\/noscript><figcaption> Vesivoiman luontovaikutusten pyramidi, jonka perustana on estevaikutus  ja jokijatkumon katkeaminen. Pettsin (1984 ja Berglundin (2013)  esityksen pohjalta suomeksi soveltanut Virpi Sahi. Piirros: Tupu  Vuorinen <\/figcaption><\/figure><\/div>\n","protected":false},"excerpt":{"rendered":"<p>Vesivoiman vaikutukset luontoon Estevaikutus on vesivoiman ymp\u00e4rist\u00f6vaikutusten perusta Voimala- ja s\u00e4\u00e4nn\u00f6stelypadojen rakentaminen aiheuttaa joessa v\u00e4litt\u00f6m\u00e4sti estevaikutuksen. Estevaikutus on vesivoiman kielteisten luontovaikutusten \u201dperuskivi\u201d, joka n\u00e4kyy heti muutoksina virtausoloissa, sedimentin kulkeutumisessa ja vedenlaadussa. V\u00e4hitellen my\u00f6s jokiuoma, sen muoto ja pohjarakenne muuttuvat. Estevaikutus aiheuttaa jokijatkumon katkeamisen. Olosuhteiden muutos vaikuttaa heti ja ajan kuluessa my\u00f6s elolliseen luontoon. Vesist\u00f6n alkutuotanto &hellip;<\/p>\n<p class=\"read-more\"> <a class=\"\" href=\"https:\/\/www.vesivoimanluonto.org\/fi\/luontovaikutukset\/\"> <span class=\"screen-reader-text\">Luontovaikutukset<\/span> Lue lis\u00e4\u00e4 \u00bb<\/a><\/p>\n","protected":false},"author":4,"featured_media":0,"parent":0,"menu_order":0,"comment_status":"closed","ping_status":"closed","template":"","meta":[],"_links":{"self":[{"href":"https:\/\/www.vesivoimanluonto.org\/fi\/wp-json\/wp\/v2\/pages\/486"}],"collection":[{"href":"https:\/\/www.vesivoimanluonto.org\/fi\/wp-json\/wp\/v2\/pages"}],"about":[{"href":"https:\/\/www.vesivoimanluonto.org\/fi\/wp-json\/wp\/v2\/types\/page"}],"author":[{"embeddable":true,"href":"https:\/\/www.vesivoimanluonto.org\/fi\/wp-json\/wp\/v2\/users\/4"}],"replies":[{"embeddable":true,"href":"https:\/\/www.vesivoimanluonto.org\/fi\/wp-json\/wp\/v2\/comments?post=486"}],"version-history":[{"count":2,"href":"https:\/\/www.vesivoimanluonto.org\/fi\/wp-json\/wp\/v2\/pages\/486\/revisions"}],"predecessor-version":[{"id":664,"href":"https:\/\/www.vesivoimanluonto.org\/fi\/wp-json\/wp\/v2\/pages\/486\/revisions\/664"}],"wp:attachment":[{"href":"https:\/\/www.vesivoimanluonto.org\/fi\/wp-json\/wp\/v2\/media?parent=486"}],"curies":[{"name":"wp","href":"https:\/\/api.w.org\/{rel}","templated":true}]}}