{"id":495,"date":"2019-10-24T12:19:17","date_gmt":"2019-10-24T12:19:17","guid":{"rendered":"http:\/\/stevenv9.sg-host.com\/?page_id=495"},"modified":"2019-10-28T07:39:23","modified_gmt":"2019-10-28T07:39:23","slug":"aineksen-kuljetus","status":"publish","type":"page","link":"https:\/\/www.vesivoimanluonto.org\/fi\/luontovaikutukset\/aineksen-kuljetus\/","title":{"rendered":"Aineksen kuljetus"},"content":{"rendered":"\n<h1>Aineksen kuljetus: sedimentin kuluminen, kuljetus ja kasautuminen muuttuvat<\/h1>\n\n\n\n<div class=\"wp-block-image\"><figure class=\"alignright\"><a href=\"https:\/\/www.vesivoimanluonto.org\/fi\/luontovaikutukset\/\"><img width=\"300\" height=\"281\" src=\"data:image\/gif;base64,R0lGODlhAQABAIAAAAAAAP\/\/\/yH5BAEAAAAALAAAAAABAAEAAAIBRAA7\" data-src=\"https:\/\/www.vesivoimanluonto.org\/wp-content\/uploads\/2019\/10\/vinjetti_aineksenkuljetus_1-300x281.jpg\" alt=\"\" class=\"wp-image-464 lazyload\" data-srcset=\"https:\/\/www.vesivoimanluonto.org\/wp-content\/uploads\/2019\/10\/vinjetti_aineksenkuljetus_1-300x281.jpg 300w, https:\/\/www.vesivoimanluonto.org\/wp-content\/uploads\/2019\/10\/vinjetti_aineksenkuljetus_1.jpg 496w\" sizes=\"(max-width: 300px) 100vw, 300px\" \/><noscript><img width=\"300\" height=\"281\" src=\"https:\/\/www.vesivoimanluonto.org\/wp-content\/uploads\/2019\/10\/vinjetti_aineksenkuljetus_1-300x281.jpg\" alt=\"\" class=\"wp-image-464 lazyload\" srcset=\"https:\/\/www.vesivoimanluonto.org\/wp-content\/uploads\/2019\/10\/vinjetti_aineksenkuljetus_1-300x281.jpg 300w, https:\/\/www.vesivoimanluonto.org\/wp-content\/uploads\/2019\/10\/vinjetti_aineksenkuljetus_1.jpg 496w\" sizes=\"(max-width: 300px) 100vw, 300px\" \/><\/noscript><\/a><figcaption> Mik\u00e4 merkitys aineksen kuljetuksen muutoksella on vesivoiman luontovaikutuksissa? Klikkaa kuvaa. <\/figcaption><\/figure><\/div>\n\n\n\n<p>Mik\u00e4 merkitys aineksen kuljetuksen muutoksella on vesivoiman luontovaikutuksissa? Klikkaa kuvaa.<\/p>\n\n\n\n<p>Vesist\u00f6ss\u00e4 virtaa tietysti vett\u00e4, mutta se on my\u00f6s valtava irtainta \nmaa-ainesta kuljettava j\u00e4rjestelm\u00e4. Kuljetettavana on kaikenkokoista \ntavaraa savihiukkasista kivenj\u00e4rk\u00e4leisiin. Hiukkaset leijuvat vedess\u00e4, \nj\u00e4rk\u00e4leet vy\u00f6ryv\u00e4t pohjaa my\u00f6ten. Aineksen eli sedimentin kulkeutuminen \nk\u00e4sitt\u00e4\u00e4 kulumisen eli eroosion, kuljetuksen ja kasautumisen (tai \nlaskeutumisen) eli sedimentaation.<\/p>\n\n\n\n<p>Luonnontilaisen joen uoma ja pohja ovat sille ominaisen kulumisen ja \nkasautumisen tasapainon tulosta. Runsaimmin ainesta l\u00e4htee liikkeelle \ntulvan aikana. Kuluminen on voimakasta yl\u00e4juoksun kaltevilla osuuksilla \nja laskeutuminen alajuoksun hitaasti virtaavilla jokiosuuksilla ja \ntulvatasagoilla.<\/p>\n\n\n\n<h3><strong>Kulumisen, kuljetuksen ja kasautumisen tasapaino h\u00e4iriytyy<\/strong><\/h3>\n\n\n\n<p>Vesist\u00f6n rakentamisen aikana eroosio ja kulkeutuminen lis\u00e4\u00e4ntyv\u00e4t \nv\u00e4liaikaisesti. Pitk\u00e4ll\u00e4 aikav\u00e4lill\u00e4 kyse on siit\u00e4, ett\u00e4 kulutuksen, \nkuljetuksen ja kasautumisen tasapaino muuttuu pysyv\u00e4sti. Padon \nyl\u00e4puolelle alkaa kasautua ainesta, josta osa ei koskaan p\u00e4\u00e4se padon \nohi. Padon alapuolinen jokiosuus puolestaan kuluu.<\/p>\n\n\n\n<p>Kokonaisuudessaan vesist\u00f6n kyky siirt\u00e4\u00e4 aineksia paikasta toiseen \nv\u00e4henee. Erityisesti pohjaa my\u00f6ten voimakkaassa virrassa vy\u00f6ryv\u00e4n \naineksen kulku vaimenee ja tyss\u00e4\u00e4 viimeist\u00e4\u00e4n patoon. Liuennut ja \nleijuva aines voi ohittaa padon, ellei se sit\u00e4 ennen laskeudu pohjaan \nliian vaimean virtauksen vuoksi. Savipartikkeli voi leijua vedess\u00e4 \nviikkojakin. Pieni l\u00e4pivirtausvoimala pys\u00e4ytt\u00e4\u00e4 ennen muuta karkean \naineksen, mutta suuri patoallasvoim<\/p>\n\n\n\n<div class=\"wp-block-image\"><figure class=\"alignright\"><img width=\"223\" height=\"300\" src=\"data:image\/gif;base64,R0lGODlhAQABAIAAAAAAAP\/\/\/yH5BAEAAAAALAAAAAABAAEAAAIBRAA7\" data-src=\"https:\/\/www.vesivoimanluonto.org\/wp-content\/uploads\/2019\/10\/PohjasoraaVihtijoella4_VirpiSahi_800-223x300.jpg\" alt=\"\" class=\"wp-image-436 lazyload\" data-srcset=\"https:\/\/www.vesivoimanluonto.org\/wp-content\/uploads\/2019\/10\/PohjasoraaVihtijoella4_VirpiSahi_800-223x300.jpg 223w, https:\/\/www.vesivoimanluonto.org\/wp-content\/uploads\/2019\/10\/PohjasoraaVihtijoella4_VirpiSahi_800-768x1035.jpg 768w, https:\/\/www.vesivoimanluonto.org\/wp-content\/uploads\/2019\/10\/PohjasoraaVihtijoella4_VirpiSahi_800-760x1024.jpg 760w, https:\/\/www.vesivoimanluonto.org\/wp-content\/uploads\/2019\/10\/PohjasoraaVihtijoella4_VirpiSahi_800.jpg 800w\" sizes=\"(max-width: 223px) 100vw, 223px\" \/><noscript><img width=\"223\" height=\"300\" src=\"https:\/\/www.vesivoimanluonto.org\/wp-content\/uploads\/2019\/10\/PohjasoraaVihtijoella4_VirpiSahi_800-223x300.jpg\" alt=\"\" class=\"wp-image-436 lazyload\" srcset=\"https:\/\/www.vesivoimanluonto.org\/wp-content\/uploads\/2019\/10\/PohjasoraaVihtijoella4_VirpiSahi_800-223x300.jpg 223w, https:\/\/www.vesivoimanluonto.org\/wp-content\/uploads\/2019\/10\/PohjasoraaVihtijoella4_VirpiSahi_800-768x1035.jpg 768w, https:\/\/www.vesivoimanluonto.org\/wp-content\/uploads\/2019\/10\/PohjasoraaVihtijoella4_VirpiSahi_800-760x1024.jpg 760w, https:\/\/www.vesivoimanluonto.org\/wp-content\/uploads\/2019\/10\/PohjasoraaVihtijoella4_VirpiSahi_800.jpg 800w\" sizes=\"(max-width: 223px) 100vw, 223px\" \/><\/noscript><figcaption> Pohjasoraa Vihtijoella. Kuva: Virpi Sahi <\/figcaption><\/figure><\/div>\n\n\n\n<p>ala v\u00e4hent\u00e4\u00e4 my\u00f6s hienoaineksen kulkeutumista. Varsinkin hiekkamailla patoaltaita joudutaan ruoppaamaan.<\/p>\n\n\n\n<p>Kun virtaus vaimenee patoaltaassa ja my\u00f6s joen kev\u00e4tsiivous eli \nkunnon tulva heikkenee s\u00e4\u00e4nn\u00f6stelyn my\u00f6t\u00e4, muuttuu joen pohjarakenne. \nJos pohja on ollut aiemmin huokoinen, sen ontelot t\u00e4yttyv\u00e4t \nhienoaineksella ja pohja tiivistyy kiinte\u00e4ksi massaksi.<\/p>\n\n\n\n<p>Patoaltaaseen laskeutuva ja kasautuva aines on poissa padon \nalapuolelta sek\u00e4 tulvatasangoilta ja suistoista, joita alkaa vaivata \nsedimentin puute.<\/p>\n","protected":false},"excerpt":{"rendered":"<p>Aineksen kuljetus: sedimentin kuluminen, kuljetus ja kasautuminen muuttuvat Mik\u00e4 merkitys aineksen kuljetuksen muutoksella on vesivoiman luontovaikutuksissa? Klikkaa kuvaa. Vesist\u00f6ss\u00e4 virtaa tietysti vett\u00e4, mutta se on my\u00f6s valtava irtainta maa-ainesta kuljettava j\u00e4rjestelm\u00e4. Kuljetettavana on kaikenkokoista tavaraa savihiukkasista kivenj\u00e4rk\u00e4leisiin. Hiukkaset leijuvat vedess\u00e4, j\u00e4rk\u00e4leet vy\u00f6ryv\u00e4t pohjaa my\u00f6ten. Aineksen eli sedimentin kulkeutuminen k\u00e4sitt\u00e4\u00e4 kulumisen eli eroosion, kuljetuksen ja kasautumisen &hellip;<\/p>\n<p class=\"read-more\"> <a class=\"\" href=\"https:\/\/www.vesivoimanluonto.org\/fi\/luontovaikutukset\/aineksen-kuljetus\/\"> <span class=\"screen-reader-text\">Aineksen kuljetus<\/span> Lue lis\u00e4\u00e4 \u00bb<\/a><\/p>\n","protected":false},"author":4,"featured_media":0,"parent":486,"menu_order":4,"comment_status":"closed","ping_status":"closed","template":"","meta":[],"_links":{"self":[{"href":"https:\/\/www.vesivoimanluonto.org\/fi\/wp-json\/wp\/v2\/pages\/495"}],"collection":[{"href":"https:\/\/www.vesivoimanluonto.org\/fi\/wp-json\/wp\/v2\/pages"}],"about":[{"href":"https:\/\/www.vesivoimanluonto.org\/fi\/wp-json\/wp\/v2\/types\/page"}],"author":[{"embeddable":true,"href":"https:\/\/www.vesivoimanluonto.org\/fi\/wp-json\/wp\/v2\/users\/4"}],"replies":[{"embeddable":true,"href":"https:\/\/www.vesivoimanluonto.org\/fi\/wp-json\/wp\/v2\/comments?post=495"}],"version-history":[{"count":2,"href":"https:\/\/www.vesivoimanluonto.org\/fi\/wp-json\/wp\/v2\/pages\/495\/revisions"}],"predecessor-version":[{"id":672,"href":"https:\/\/www.vesivoimanluonto.org\/fi\/wp-json\/wp\/v2\/pages\/495\/revisions\/672"}],"up":[{"embeddable":true,"href":"https:\/\/www.vesivoimanluonto.org\/fi\/wp-json\/wp\/v2\/pages\/486"}],"wp:attachment":[{"href":"https:\/\/www.vesivoimanluonto.org\/fi\/wp-json\/wp\/v2\/media?parent=495"}],"curies":[{"name":"wp","href":"https:\/\/api.w.org\/{rel}","templated":true}]}}