{"id":505,"date":"2019-10-24T12:33:14","date_gmt":"2019-10-24T12:33:14","guid":{"rendered":"http:\/\/stevenv9.sg-host.com\/?page_id=505"},"modified":"2019-10-28T07:38:37","modified_gmt":"2019-10-28T07:38:37","slug":"linnut-ja-nisakkaat","status":"publish","type":"page","link":"https:\/\/www.vesivoimanluonto.org\/fi\/luontovaikutukset\/linnut-ja-nisakkaat\/","title":{"rendered":"Linnut ja nis\u00e4kk\u00e4\u00e4t"},"content":{"rendered":"\n<h1>Linnut ja nis\u00e4kk\u00e4\u00e4t: jokirantojen lajit taantuvat<\/h1>\n\n\n\n<p><em>T\u00e4m\u00e4 sivu on ty\u00f6n alla.<\/em><\/p>\n\n\n\n<div class=\"wp-block-image\"><figure class=\"alignright\"><a href=\"https:\/\/www.vesivoimanluonto.org\/fi\/luontovaikutukset\/\"><img width=\"300\" height=\"285\" src=\"data:image\/gif;base64,R0lGODlhAQABAIAAAAAAAP\/\/\/yH5BAEAAAAALAAAAAABAAEAAAIBRAA7\" data-src=\"https:\/\/www.vesivoimanluonto.org\/wp-content\/uploads\/2019\/10\/vinjetti_linnutnisakkaat_1_320-300x285.jpg\" alt=\"\" class=\"wp-image-472 lazyload\" data-srcset=\"https:\/\/www.vesivoimanluonto.org\/wp-content\/uploads\/2019\/10\/vinjetti_linnutnisakkaat_1_320-300x285.jpg 300w, https:\/\/www.vesivoimanluonto.org\/wp-content\/uploads\/2019\/10\/vinjetti_linnutnisakkaat_1_320.jpg 320w\" sizes=\"(max-width: 300px) 100vw, 300px\" \/><noscript><img width=\"300\" height=\"285\" src=\"https:\/\/www.vesivoimanluonto.org\/wp-content\/uploads\/2019\/10\/vinjetti_linnutnisakkaat_1_320-300x285.jpg\" alt=\"\" class=\"wp-image-472 lazyload\" srcset=\"https:\/\/www.vesivoimanluonto.org\/wp-content\/uploads\/2019\/10\/vinjetti_linnutnisakkaat_1_320-300x285.jpg 300w, https:\/\/www.vesivoimanluonto.org\/wp-content\/uploads\/2019\/10\/vinjetti_linnutnisakkaat_1_320.jpg 320w\" sizes=\"(max-width: 300px) 100vw, 300px\" \/><\/noscript><\/a><figcaption>Miten vesivoiman rakentaminen liittyy lintuihin ja nis\u00e4kk\u00e4isiin? Klikkaa kuvaa.<\/figcaption><\/figure><\/div>\n\n\n\n<ul class=\"wp-block-gallery aligncenter columns-2 is-cropped\"><li class=\"blocks-gallery-item\"><figure><img width=\"500\" height=\"274\" src=\"data:image\/gif;base64,R0lGODlhAQABAIAAAAAAAP\/\/\/yH5BAEAAAAALAAAAAABAAEAAAIBRAA7\" data-src=\"https:\/\/www.vesivoimanluonto.org\/wp-content\/uploads\/2019\/10\/Saukko_Lutra_Lutra-kuva-Bernard-LandgrafCC-BY-SA-3.0_500.jpg\" alt=\"\" data-id=\"442\" data-link=\"https:\/\/www.vesivoimanluonto.org\/fi\/saukko_lutra_lutra-kuva-bernard-landgrafcc-by-sa-3-0_500\/\" class=\"wp-image-442 lazyload\" data-srcset=\"https:\/\/www.vesivoimanluonto.org\/wp-content\/uploads\/2019\/10\/Saukko_Lutra_Lutra-kuva-Bernard-LandgrafCC-BY-SA-3.0_500.jpg 500w, https:\/\/www.vesivoimanluonto.org\/wp-content\/uploads\/2019\/10\/Saukko_Lutra_Lutra-kuva-Bernard-LandgrafCC-BY-SA-3.0_500-300x164.jpg 300w\" sizes=\"(max-width: 500px) 100vw, 500px\" \/><noscript><img width=\"500\" height=\"274\" src=\"https:\/\/www.vesivoimanluonto.org\/wp-content\/uploads\/2019\/10\/Saukko_Lutra_Lutra-kuva-Bernard-LandgrafCC-BY-SA-3.0_500.jpg\" alt=\"\" data-id=\"442\" data-link=\"https:\/\/www.vesivoimanluonto.org\/fi\/saukko_lutra_lutra-kuva-bernard-landgrafcc-by-sa-3-0_500\/\" class=\"wp-image-442 lazyload\" srcset=\"https:\/\/www.vesivoimanluonto.org\/wp-content\/uploads\/2019\/10\/Saukko_Lutra_Lutra-kuva-Bernard-LandgrafCC-BY-SA-3.0_500.jpg 500w, https:\/\/www.vesivoimanluonto.org\/wp-content\/uploads\/2019\/10\/Saukko_Lutra_Lutra-kuva-Bernard-LandgrafCC-BY-SA-3.0_500-300x164.jpg 300w\" sizes=\"(max-width: 500px) 100vw, 500px\" \/><\/noscript><figcaption>Saukko on jokivarsien nis\u00e4k\u00e4s. Kuva: Bernard Landgraf (CC BY-SA 3.0)<\/figcaption><\/figure><\/li><li class=\"blocks-gallery-item\"><figure><img width=\"600\" height=\"397\" src=\"data:image\/gif;base64,R0lGODlhAQABAIAAAAAAAP\/\/\/yH5BAEAAAAALAAAAAABAAEAAAIBRAA7\" data-src=\"https:\/\/www.vesivoimanluonto.org\/wp-content\/uploads\/2019\/10\/Linnunpesa\u0308-ja\u0308rven-rantato\u0308yra\u0308a\u0308lla\u0308-Reijo-Viljasalo_600.jpg\" alt=\"\" data-id=\"428\" data-link=\"https:\/\/www.vesivoimanluonto.org\/fi\/linnunpesa%cc%88-ja%cc%88rven-rantato%cc%88yra%cc%88a%cc%88lla%cc%88-reijo-viljasalo_600\/\" class=\"wp-image-428 lazyload\" data-srcset=\"https:\/\/www.vesivoimanluonto.org\/wp-content\/uploads\/2019\/10\/Linnunpesa\u0308-ja\u0308rven-rantato\u0308yra\u0308a\u0308lla\u0308-Reijo-Viljasalo_600.jpg 600w, https:\/\/www.vesivoimanluonto.org\/wp-content\/uploads\/2019\/10\/Linnunpesa\u0308-ja\u0308rven-rantato\u0308yra\u0308a\u0308lla\u0308-Reijo-Viljasalo_600-300x199.jpg 300w\" sizes=\"(max-width: 600px) 100vw, 600px\" \/><noscript><img width=\"600\" height=\"397\" src=\"https:\/\/www.vesivoimanluonto.org\/wp-content\/uploads\/2019\/10\/Linnunpesa\u0308-ja\u0308rven-rantato\u0308yra\u0308a\u0308lla\u0308-Reijo-Viljasalo_600.jpg\" alt=\"\" data-id=\"428\" data-link=\"https:\/\/www.vesivoimanluonto.org\/fi\/linnunpesa%cc%88-ja%cc%88rven-rantato%cc%88yra%cc%88a%cc%88lla%cc%88-reijo-viljasalo_600\/\" class=\"wp-image-428 lazyload\" srcset=\"https:\/\/www.vesivoimanluonto.org\/wp-content\/uploads\/2019\/10\/Linnunpesa\u0308-ja\u0308rven-rantato\u0308yra\u0308a\u0308lla\u0308-Reijo-Viljasalo_600.jpg 600w, https:\/\/www.vesivoimanluonto.org\/wp-content\/uploads\/2019\/10\/Linnunpesa\u0308-ja\u0308rven-rantato\u0308yra\u0308a\u0308lla\u0308-Reijo-Viljasalo_600-300x199.jpg 300w\" sizes=\"(max-width: 600px) 100vw, 600px\" \/><\/noscript><figcaption>Linnunpesa\u0308 ja\u0308rven rantato\u0308yra\u0308a\u0308lla\u0308. Rannan tuntumassa pesivien lintujen kannalta on t\u00e4rke\u00e4\u00e4, ettei veden pinta nouse kesken pesinn\u00e4n. Kuva Reijo Viljasalo<\/figcaption><\/figure><\/li><\/ul>\n","protected":false},"excerpt":{"rendered":"<p>Linnut ja nis\u00e4kk\u00e4\u00e4t: jokirantojen lajit taantuvat T\u00e4m\u00e4 sivu on ty\u00f6n alla.<\/p>\n","protected":false},"author":4,"featured_media":0,"parent":486,"menu_order":9,"comment_status":"closed","ping_status":"closed","template":"","meta":[],"_links":{"self":[{"href":"https:\/\/www.vesivoimanluonto.org\/fi\/wp-json\/wp\/v2\/pages\/505"}],"collection":[{"href":"https:\/\/www.vesivoimanluonto.org\/fi\/wp-json\/wp\/v2\/pages"}],"about":[{"href":"https:\/\/www.vesivoimanluonto.org\/fi\/wp-json\/wp\/v2\/types\/page"}],"author":[{"embeddable":true,"href":"https:\/\/www.vesivoimanluonto.org\/fi\/wp-json\/wp\/v2\/users\/4"}],"replies":[{"embeddable":true,"href":"https:\/\/www.vesivoimanluonto.org\/fi\/wp-json\/wp\/v2\/comments?post=505"}],"version-history":[{"count":3,"href":"https:\/\/www.vesivoimanluonto.org\/fi\/wp-json\/wp\/v2\/pages\/505\/revisions"}],"predecessor-version":[{"id":667,"href":"https:\/\/www.vesivoimanluonto.org\/fi\/wp-json\/wp\/v2\/pages\/505\/revisions\/667"}],"up":[{"embeddable":true,"href":"https:\/\/www.vesivoimanluonto.org\/fi\/wp-json\/wp\/v2\/pages\/486"}],"wp:attachment":[{"href":"https:\/\/www.vesivoimanluonto.org\/fi\/wp-json\/wp\/v2\/media?parent=505"}],"curies":[{"name":"wp","href":"https:\/\/api.w.org\/{rel}","templated":true}]}}