{"id":508,"date":"2019-10-24T12:39:50","date_gmt":"2019-10-24T12:39:50","guid":{"rendered":"http:\/\/stevenv9.sg-host.com\/?page_id=508"},"modified":"2019-10-28T07:37:37","modified_gmt":"2019-10-28T07:37:37","slug":"rannat-ja-tulvatasangot","status":"publish","type":"page","link":"https:\/\/www.vesivoimanluonto.org\/fi\/luontovaikutukset\/rannat-ja-tulvatasangot\/","title":{"rendered":"Rannat ja tulvatasangot"},"content":{"rendered":"\n<h1>Rannat ja tulvatasangot: luontainen tulvarytmi h\u00e4iriintyy<\/h1>\n\n\n\n<div class=\"wp-block-image\"><figure class=\"aligncenter\"><img width=\"600\" height=\"402\" src=\"data:image\/gif;base64,R0lGODlhAQABAIAAAAAAAP\/\/\/yH5BAEAAAAALAAAAAABAAEAAAIBRAA7\" data-src=\"https:\/\/www.vesivoimanluonto.org\/wp-content\/uploads\/2019\/10\/Glimsinjoki-Tulva-2010-04-20_0022_VirpiSahi_600.jpg\" alt=\"\" class=\"wp-image-422 lazyload\" data-srcset=\"https:\/\/www.vesivoimanluonto.org\/wp-content\/uploads\/2019\/10\/Glimsinjoki-Tulva-2010-04-20_0022_VirpiSahi_600.jpg 600w, https:\/\/www.vesivoimanluonto.org\/wp-content\/uploads\/2019\/10\/Glimsinjoki-Tulva-2010-04-20_0022_VirpiSahi_600-300x201.jpg 300w\" sizes=\"(max-width: 600px) 100vw, 600px\" \/><noscript><img width=\"600\" height=\"402\" src=\"https:\/\/www.vesivoimanluonto.org\/wp-content\/uploads\/2019\/10\/Glimsinjoki-Tulva-2010-04-20_0022_VirpiSahi_600.jpg\" alt=\"\" class=\"wp-image-422 lazyload\" srcset=\"https:\/\/www.vesivoimanluonto.org\/wp-content\/uploads\/2019\/10\/Glimsinjoki-Tulva-2010-04-20_0022_VirpiSahi_600.jpg 600w, https:\/\/www.vesivoimanluonto.org\/wp-content\/uploads\/2019\/10\/Glimsinjoki-Tulva-2010-04-20_0022_VirpiSahi_600-300x201.jpg 300w\" sizes=\"(max-width: 600px) 100vw, 600px\" \/><\/noscript><figcaption>Glimsinjoen kev\u00e4ttulvaa huhtikuussa 2010. Uudellamaalla sijaitseva, Espoonjoen vesist\u00f6alueeseen kuuluva Glimsinjoki on pieni savimaiden joki, joka on kokonaan patoamaton. Kuva: Virpi Sahi<\/figcaption><\/figure><\/div>\n\n\n\n<p>\nT\u00e4m\u00e4 sivu on ty\u00f6n alla.\n\n<\/p>\n\n\n\n<div class=\"wp-block-image\"><figure class=\"aligncenter\"><a href=\"https:\/\/www.vesivoimanluonto.org\/fi\/luontovaikutukset\/\"><img width=\"320\" height=\"367\" src=\"data:image\/gif;base64,R0lGODlhAQABAIAAAAAAAP\/\/\/yH5BAEAAAAALAAAAAABAAEAAAIBRAA7\" data-src=\"https:\/\/www.vesivoimanluonto.org\/wp-content\/uploads\/2019\/10\/vinjetti_maaekosysteemi_1_320.jpg\" alt=\"\" class=\"wp-image-474 lazyload\" data-srcset=\"https:\/\/www.vesivoimanluonto.org\/wp-content\/uploads\/2019\/10\/vinjetti_maaekosysteemi_1_320.jpg 320w, https:\/\/www.vesivoimanluonto.org\/wp-content\/uploads\/2019\/10\/vinjetti_maaekosysteemi_1_320-262x300.jpg 262w\" sizes=\"(max-width: 320px) 100vw, 320px\" \/><noscript><img width=\"320\" height=\"367\" src=\"https:\/\/www.vesivoimanluonto.org\/wp-content\/uploads\/2019\/10\/vinjetti_maaekosysteemi_1_320.jpg\" alt=\"\" class=\"wp-image-474 lazyload\" srcset=\"https:\/\/www.vesivoimanluonto.org\/wp-content\/uploads\/2019\/10\/vinjetti_maaekosysteemi_1_320.jpg 320w, https:\/\/www.vesivoimanluonto.org\/wp-content\/uploads\/2019\/10\/vinjetti_maaekosysteemi_1_320-262x300.jpg 262w\" sizes=\"(max-width: 320px) 100vw, 320px\" \/><\/noscript><\/a><figcaption> Miten tulvatasankojen muutos liittyy vesivoiman rakentamiseen? Klikkaa kuvaa <\/figcaption><\/figure><\/div>\n","protected":false},"excerpt":{"rendered":"<p>Rannat ja tulvatasangot: luontainen tulvarytmi h\u00e4iriintyy T\u00e4m\u00e4 sivu on ty\u00f6n alla.<\/p>\n","protected":false},"author":4,"featured_media":0,"parent":486,"menu_order":10,"comment_status":"closed","ping_status":"closed","template":"","meta":[],"_links":{"self":[{"href":"https:\/\/www.vesivoimanluonto.org\/fi\/wp-json\/wp\/v2\/pages\/508"}],"collection":[{"href":"https:\/\/www.vesivoimanluonto.org\/fi\/wp-json\/wp\/v2\/pages"}],"about":[{"href":"https:\/\/www.vesivoimanluonto.org\/fi\/wp-json\/wp\/v2\/types\/page"}],"author":[{"embeddable":true,"href":"https:\/\/www.vesivoimanluonto.org\/fi\/wp-json\/wp\/v2\/users\/4"}],"replies":[{"embeddable":true,"href":"https:\/\/www.vesivoimanluonto.org\/fi\/wp-json\/wp\/v2\/comments?post=508"}],"version-history":[{"count":2,"href":"https:\/\/www.vesivoimanluonto.org\/fi\/wp-json\/wp\/v2\/pages\/508\/revisions"}],"predecessor-version":[{"id":665,"href":"https:\/\/www.vesivoimanluonto.org\/fi\/wp-json\/wp\/v2\/pages\/508\/revisions\/665"}],"up":[{"embeddable":true,"href":"https:\/\/www.vesivoimanluonto.org\/fi\/wp-json\/wp\/v2\/pages\/486"}],"wp:attachment":[{"href":"https:\/\/www.vesivoimanluonto.org\/fi\/wp-json\/wp\/v2\/media?parent=508"}],"curies":[{"name":"wp","href":"https:\/\/api.w.org\/{rel}","templated":true}]}}