{"id":524,"date":"2019-10-24T13:12:19","date_gmt":"2019-10-24T13:12:19","guid":{"rendered":"http:\/\/stevenv9.sg-host.com\/?page_id=524"},"modified":"2019-10-24T13:51:52","modified_gmt":"2019-10-24T13:51:52","slug":"vaikutusten-korjaaminen","status":"publish","type":"page","link":"https:\/\/www.vesivoimanluonto.org\/fi\/vaikutusten-korjaaminen\/","title":{"rendered":"Vaikutusten korjaaminen"},"content":{"rendered":"\n<p>Vesivoimalla\n on paljon kielteisi\u00e4 vaikutuksia luontoon ja ymp\u00e4rist\u00f6\u00f6n. Vaikutuksia \ntulisi v\u00e4hent\u00e4\u00e4 lievennyshierarkian mukaisesti:<\/p>\n\n\n\n<p>1. <strong>Haittojen v\u00e4ltt\u00e4minen.<\/strong> Luontohaitat \nv\u00e4ltet\u00e4\u00e4n kokonaan. Esimerkiksi arvokkaiden vesist\u00f6nosien suojelu \nvoimalarakentamiselta on haitan v\u00e4ltt\u00e4mist\u00e4. Yksitt\u00e4isen toimija voi \ntehd\u00e4 p\u00e4\u00e4t\u00f6ksen olla sijoittamatta voimalaa kohteeseen, jossa on \nuhanalaisia luontotyyppej\u00e4 tai lajeja.<\/p>\n\n\n\n<p>2. <strong>Haittojen minimointi.<\/strong> Voimalan \nrakentamisen ja k\u00e4yt\u00f6n aikana luonto huomioidaan mahdollisimman hyvin \nennen kuin vahinkoa syntyy. Vesivoimalaitos voi minimoida haittoja \nesimerkiksi huolehtimalla kalankulusta ja turvaamalla jatkuva virtaama.<\/p>\n\n\n\n<p>3. <strong>Ennallistaminen haitta-alueella<\/strong>.&nbsp; Jo\n syntynytt\u00e4 vahinkoa korjataan vesivoimalan vaikutusalueella. \nEsimerkiksi virtapaikkojen kunnostus tai keinollisten habitaattien \nluominen menetettyjen tilalle on ennallistamista.<\/p>\n\n\n\n<p>4. <strong>Haittojen hyvitt\u00e4minen muualla.<\/strong> Jo syntynytt\u00e4 tai aiheutuvaa haittaa tai vahinkoa hyvitet\u00e4\u00e4n muualla kuin vesivoimalan vaikutusalueella.<\/p>\n","protected":false},"excerpt":{"rendered":"<p>Vesivoimalla on paljon kielteisi\u00e4 vaikutuksia luontoon ja ymp\u00e4rist\u00f6\u00f6n. Vaikutuksia tulisi v\u00e4hent\u00e4\u00e4 lievennyshierarkian mukaisesti: 1. Haittojen v\u00e4ltt\u00e4minen. Luontohaitat v\u00e4ltet\u00e4\u00e4n kokonaan. Esimerkiksi arvokkaiden vesist\u00f6nosien suojelu voimalarakentamiselta on haitan v\u00e4ltt\u00e4mist\u00e4. Yksitt\u00e4isen toimija voi tehd\u00e4 p\u00e4\u00e4t\u00f6ksen olla sijoittamatta voimalaa kohteeseen, jossa on uhanalaisia luontotyyppej\u00e4 tai lajeja. 2. Haittojen minimointi. Voimalan rakentamisen ja k\u00e4yt\u00f6n aikana luonto huomioidaan mahdollisimman hyvin ennen &hellip;<\/p>\n<p class=\"read-more\"> <a class=\"\" href=\"https:\/\/www.vesivoimanluonto.org\/fi\/vaikutusten-korjaaminen\/\"> <span class=\"screen-reader-text\">Vaikutusten korjaaminen<\/span> Lue lis\u00e4\u00e4 \u00bb<\/a><\/p>\n","protected":false},"author":4,"featured_media":0,"parent":0,"menu_order":0,"comment_status":"closed","ping_status":"closed","template":"","meta":[],"_links":{"self":[{"href":"https:\/\/www.vesivoimanluonto.org\/fi\/wp-json\/wp\/v2\/pages\/524"}],"collection":[{"href":"https:\/\/www.vesivoimanluonto.org\/fi\/wp-json\/wp\/v2\/pages"}],"about":[{"href":"https:\/\/www.vesivoimanluonto.org\/fi\/wp-json\/wp\/v2\/types\/page"}],"author":[{"embeddable":true,"href":"https:\/\/www.vesivoimanluonto.org\/fi\/wp-json\/wp\/v2\/users\/4"}],"replies":[{"embeddable":true,"href":"https:\/\/www.vesivoimanluonto.org\/fi\/wp-json\/wp\/v2\/comments?post=524"}],"version-history":[{"count":1,"href":"https:\/\/www.vesivoimanluonto.org\/fi\/wp-json\/wp\/v2\/pages\/524\/revisions"}],"predecessor-version":[{"id":525,"href":"https:\/\/www.vesivoimanluonto.org\/fi\/wp-json\/wp\/v2\/pages\/524\/revisions\/525"}],"wp:attachment":[{"href":"https:\/\/www.vesivoimanluonto.org\/fi\/wp-json\/wp\/v2\/media?parent=524"}],"curies":[{"name":"wp","href":"https:\/\/api.w.org\/{rel}","templated":true}]}}