{"id":562,"date":"2019-10-24T13:19:51","date_gmt":"2019-10-24T13:19:51","guid":{"rendered":"http:\/\/stevenv9.sg-host.com\/?page_id=562"},"modified":"2019-10-24T13:19:53","modified_gmt":"2019-10-24T13:19:53","slug":"elinymparistojen-palauttaminen","status":"publish","type":"page","link":"https:\/\/www.vesivoimanluonto.org\/fi\/vaikutusten-korjaaminen\/elinymparistojen-palauttaminen\/","title":{"rendered":"Elinymp\u00e4rist\u00f6jen palauttaminen"},"content":{"rendered":"\n<div class=\"wp-block-image\"><figure class=\"aligncenter\"><img width=\"800\" height=\"533\" src=\"data:image\/gif;base64,R0lGODlhAQABAIAAAAAAAP\/\/\/yH5BAEAAAAALAAAAAABAAEAAAIBRAA7\" data-src=\"https:\/\/www.vesivoimanluonto.org\/wp-content\/uploads\/2019\/10\/Pelastuspartio-Murronjoki-Markus-Sirkka-pieni_800.jpg\" alt=\"\" class=\"wp-image-551 lazyload\" data-srcset=\"https:\/\/www.vesivoimanluonto.org\/wp-content\/uploads\/2019\/10\/Pelastuspartio-Murronjoki-Markus-Sirkka-pieni_800.jpg 800w, https:\/\/www.vesivoimanluonto.org\/wp-content\/uploads\/2019\/10\/Pelastuspartio-Murronjoki-Markus-Sirkka-pieni_800-300x200.jpg 300w, https:\/\/www.vesivoimanluonto.org\/wp-content\/uploads\/2019\/10\/Pelastuspartio-Murronjoki-Markus-Sirkka-pieni_800-768x512.jpg 768w\" sizes=\"(max-width: 800px) 100vw, 800px\" \/><noscript><img width=\"800\" height=\"533\" src=\"https:\/\/www.vesivoimanluonto.org\/wp-content\/uploads\/2019\/10\/Pelastuspartio-Murronjoki-Markus-Sirkka-pieni_800.jpg\" alt=\"\" class=\"wp-image-551 lazyload\" srcset=\"https:\/\/www.vesivoimanluonto.org\/wp-content\/uploads\/2019\/10\/Pelastuspartio-Murronjoki-Markus-Sirkka-pieni_800.jpg 800w, https:\/\/www.vesivoimanluonto.org\/wp-content\/uploads\/2019\/10\/Pelastuspartio-Murronjoki-Markus-Sirkka-pieni_800-300x200.jpg 300w, https:\/\/www.vesivoimanluonto.org\/wp-content\/uploads\/2019\/10\/Pelastuspartio-Murronjoki-Markus-Sirkka-pieni_800-768x512.jpg 768w\" sizes=\"(max-width: 800px) 100vw, 800px\" \/><\/noscript><figcaption> Kutusoraikon tekoa Murronjoen Rimminkoskella hein\u00e4kuussa 2015. Kuva: Markus Sirkka <\/figcaption><\/figure><\/div>\n\n\n\n<p>Virtavesikunnostuksilla\n voidaan palauttaa jokien elinymp\u00e4rist\u00f6j\u00e4 takaisin kohti luonnontilaa. \nMenetettyjen elinymp\u00e4rist\u00f6jen tilalle on mahdollista rakentaa korvaavia \nhabitaatteja. Perusteellisin toimenpide on padon purku.<\/p>\n\n\n\n<h3>Virtavesikunnostukset<\/h3>\n\n\n\n<p>Virtaveden kunnostuksen tarkoituksena on palauttaa jokeen sellaiset \nvirtausolot ja pohjakoostumus, joita virtavesieli\u00f6t suosivat.<\/p>\n\n\n\n<p>Virtausoloja uomassa voidaan monipuolistaa tuomalla uomaan kivi\u00e4, \npuunrunkoja tai n\u00e4ist\u00e4 laadittuja rakennelmia, jotka ohjaavat virtausta.\n Virtausolojen monipuolistaminen on tarpeen silloin, jos uomaa on \nsuoristettu tai perattu. Kivi- ja puukunnostuksella saadaan uomaan my\u00f6s \nhitaasti virtaavia kohtia, jotka ovat virtavesieli\u00f6iden suoja- ja \nlev\u00e4hdyspaikkoja. Oikein aseteteltuna materiaali toimii my\u00f6s virtausta \nohjaavana suisteena niin, ett\u00e4 jokiprosessit (kuten jokimutkien \nmuodostuminen) voivat k\u00e4ynnisty\u00e4 uudelleen.<\/p>\n\n\n\n<p>Soraistus tarkoittaa puhtaan, riitt\u00e4v\u00e4n karkean soran tuomista \nuomaan. Soraistusta tarvitaan silloin,&nbsp;kun pohja on tiivistynyt \nhidastuneen virtauksen ja tulvarytmin h\u00e4iriintymisen vuoksi. \nPohjahuokoset t\u00e4ytt\u00e4v\u00e4 hienojakoinen kiintoaines heikent\u00e4\u00e4 t\u00e4ll\u00f6in \nesimerkiksi taimenen kutua ja pohjael\u00e4inten el\u00e4m\u00e4\u00e4.<\/p>\n\n\n\n<p>Kutusoraikkojen luominen tai kunnostaminen voi vahvistaa kalojen \nlis\u00e4\u00e4ntymist\u00e4 jos muut olosuhteet ovat kunnossa.&nbsp; Virtavesikunnostuksien\n tehoa vaelluskalakantojen palauttajana voivat heikent\u00e4\u00e4 muun muassa \nkiintoainesvalumat ja kalastusrajoituksien puute.<\/p>\n\n\n\n<h3>Korvaavien elinymp\u00e4rist\u00f6jen rakentaminen<\/h3>\n\n\n\n<p>Kun kalankulku j\u00e4rjestet\u00e4\u00e4n rakentamalla luononmukainen kalatie, se \ntoimii usein my\u00f6s korvaavana elinymp\u00e4rist\u00f6n\u00e4. Luonnonmukainen kalatie \nkannattaa vesitt\u00e4\u00e4 ymp\u00e4risvuotisesti.<\/p>\n\n\n\n<p>Korvaavia elinymp\u00e4rist\u00f6j\u00e4 voidaan rakentaa my\u00f6s niiden itsens\u00e4 \nvuoksi. Vesivoimarakentamisen muuttaman jokiuoman rinnalle voidaan \nrakentaa toinen uoma, jonka tavoitteena on tarjota mahdollisimman paljon\n elinymp\u00e4rist\u00f6j\u00e4 virtavesieli\u00f6ille. Kompensoivien habitaattien tarvetta \nvoidaan arvioida esimerkiksi silt\u00e4 pohjalta, kuinka monta hehtaaria \nalkuper\u00e4isi\u00e4 habitaatteja tuhoutui kun vesivoimala rakennettiin. \nKompensaatiouoma voi olla osa luonnonmukaista kalatiet\u00e4 ja se voi \nyhdisty\u00e4 esimerkiksi luonnonpuroihin.<\/p>\n\n\n\n<h3>Padon purku<\/h3>\n\n\n\n<p>Perusteelllisin tapa palauttaa elinymp\u00e4rist\u00f6j\u00e4 on padon purku, \njolloin estevaikutus h\u00e4vi\u00e4\u00e4 ja luonnontilaistuminen k\u00e4ynnistyy \ntehokkaasti ja pysyv\u00e4sti.&nbsp; Padon purku on j\u00e4rkev\u00e4\u00e4 varsinkin, jos \nkyseess\u00e4 on selv\u00e4sti k\u00e4yt\u00f6st\u00e4 poistunut rakenne kuten vanha myllypato.<\/p>\n\n\n\n<p>My\u00f6s vaatimattoman m\u00e4\u00e4r\u00e4n energiaa tuottava pienvesivoima, jonka pato\n tuottaa merkitt\u00e4v\u00e4n luontohaitan, voi olla j\u00e4rkev\u00e4\u00e4 purkaa.&nbsp; \nErityisesti vanhaa tekniikkaa k\u00e4ytt\u00e4v\u00e4, turvallisuussyist\u00e4 remonttia \nkaipaava tai velvoitteitaan noudattamattoman pienvoimala voi olla \nt\u00e4llainen kohde.<\/p>\n\n\n\n<div class=\"wp-block-image\"><figure class=\"aligncenter\"><img width=\"400\" height=\"534\" src=\"data:image\/gif;base64,R0lGODlhAQABAIAAAAAAAP\/\/\/yH5BAEAAAAALAAAAAABAAEAAAIBRAA7\" data-src=\"https:\/\/www.vesivoimanluonto.org\/wp-content\/uploads\/2019\/10\/Sa\u0308hko\u0308koekalastusta_SLLkuvaarkisto-Pirjo-Itkonen_400.jpg\" alt=\"\" class=\"wp-image-553 lazyload\" data-srcset=\"https:\/\/www.vesivoimanluonto.org\/wp-content\/uploads\/2019\/10\/Sa\u0308hko\u0308koekalastusta_SLLkuvaarkisto-Pirjo-Itkonen_400.jpg 400w, https:\/\/www.vesivoimanluonto.org\/wp-content\/uploads\/2019\/10\/Sa\u0308hko\u0308koekalastusta_SLLkuvaarkisto-Pirjo-Itkonen_400-225x300.jpg 225w\" sizes=\"(max-width: 400px) 100vw, 400px\" \/><noscript><img width=\"400\" height=\"534\" src=\"https:\/\/www.vesivoimanluonto.org\/wp-content\/uploads\/2019\/10\/Sa\u0308hko\u0308koekalastusta_SLLkuvaarkisto-Pirjo-Itkonen_400.jpg\" alt=\"\" class=\"wp-image-553 lazyload\" srcset=\"https:\/\/www.vesivoimanluonto.org\/wp-content\/uploads\/2019\/10\/Sa\u0308hko\u0308koekalastusta_SLLkuvaarkisto-Pirjo-Itkonen_400.jpg 400w, https:\/\/www.vesivoimanluonto.org\/wp-content\/uploads\/2019\/10\/Sa\u0308hko\u0308koekalastusta_SLLkuvaarkisto-Pirjo-Itkonen_400-225x300.jpg 225w\" sizes=\"(max-width: 400px) 100vw, 400px\" \/><\/noscript><figcaption> S\u00e4hk\u00f6koekalastuksella seurataan kalakantojen kehityst\u00e4 ennen ja j\u00e4lkeen kunnokstuksen. Kuva: Pirjo Itkonen \/ SLL <\/figcaption><\/figure><\/div>\n","protected":false},"excerpt":{"rendered":"<p>Virtavesikunnostuksilla voidaan palauttaa jokien elinymp\u00e4rist\u00f6j\u00e4 takaisin kohti luonnontilaa. Menetettyjen elinymp\u00e4rist\u00f6jen tilalle on mahdollista rakentaa korvaavia habitaatteja. Perusteellisin toimenpide on padon purku. Virtavesikunnostukset Virtaveden kunnostuksen tarkoituksena on palauttaa jokeen sellaiset virtausolot ja pohjakoostumus, joita virtavesieli\u00f6t suosivat. Virtausoloja uomassa voidaan monipuolistaa tuomalla uomaan kivi\u00e4, puunrunkoja tai n\u00e4ist\u00e4 laadittuja rakennelmia, jotka ohjaavat virtausta. Virtausolojen monipuolistaminen on tarpeen silloin, &hellip;<\/p>\n<p class=\"read-more\"> <a class=\"\" href=\"https:\/\/www.vesivoimanluonto.org\/fi\/vaikutusten-korjaaminen\/elinymparistojen-palauttaminen\/\"> <span class=\"screen-reader-text\">Elinymp\u00e4rist\u00f6jen palauttaminen<\/span> Lue lis\u00e4\u00e4 \u00bb<\/a><\/p>\n","protected":false},"author":4,"featured_media":0,"parent":524,"menu_order":3,"comment_status":"closed","ping_status":"closed","template":"","meta":[],"_links":{"self":[{"href":"https:\/\/www.vesivoimanluonto.org\/fi\/wp-json\/wp\/v2\/pages\/562"}],"collection":[{"href":"https:\/\/www.vesivoimanluonto.org\/fi\/wp-json\/wp\/v2\/pages"}],"about":[{"href":"https:\/\/www.vesivoimanluonto.org\/fi\/wp-json\/wp\/v2\/types\/page"}],"author":[{"embeddable":true,"href":"https:\/\/www.vesivoimanluonto.org\/fi\/wp-json\/wp\/v2\/users\/4"}],"replies":[{"embeddable":true,"href":"https:\/\/www.vesivoimanluonto.org\/fi\/wp-json\/wp\/v2\/comments?post=562"}],"version-history":[{"count":1,"href":"https:\/\/www.vesivoimanluonto.org\/fi\/wp-json\/wp\/v2\/pages\/562\/revisions"}],"predecessor-version":[{"id":563,"href":"https:\/\/www.vesivoimanluonto.org\/fi\/wp-json\/wp\/v2\/pages\/562\/revisions\/563"}],"up":[{"embeddable":true,"href":"https:\/\/www.vesivoimanluonto.org\/fi\/wp-json\/wp\/v2\/pages\/524"}],"wp:attachment":[{"href":"https:\/\/www.vesivoimanluonto.org\/fi\/wp-json\/wp\/v2\/media?parent=562"}],"curies":[{"name":"wp","href":"https:\/\/api.w.org\/{rel}","templated":true}]}}