{"id":564,"date":"2019-10-24T13:21:38","date_gmt":"2019-10-24T13:21:38","guid":{"rendered":"http:\/\/stevenv9.sg-host.com\/?page_id=564"},"modified":"2019-10-24T13:21:39","modified_gmt":"2019-10-24T13:21:39","slug":"rakentamattomien-virtojen-suojelu","status":"publish","type":"page","link":"https:\/\/www.vesivoimanluonto.org\/fi\/vaikutusten-korjaaminen\/rakentamattomien-virtojen-suojelu\/","title":{"rendered":"Rakentamattomien virtojen suojelu"},"content":{"rendered":"\n<div class=\"wp-block-image\"><figure class=\"aligncenter\"><img width=\"800\" height=\"533\" src=\"data:image\/gif;base64,R0lGODlhAQABAIAAAAAAAP\/\/\/yH5BAEAAAAALAAAAAABAAEAAAIBRAA7\" data-src=\"https:\/\/www.vesivoimanluonto.org\/wp-content\/uploads\/2019\/10\/Vapaa-Kemijoki-Jaakko-Posti_800.jpeg\" alt=\"\" class=\"wp-image-555 lazyload\" data-srcset=\"https:\/\/www.vesivoimanluonto.org\/wp-content\/uploads\/2019\/10\/Vapaa-Kemijoki-Jaakko-Posti_800.jpeg 800w, https:\/\/www.vesivoimanluonto.org\/wp-content\/uploads\/2019\/10\/Vapaa-Kemijoki-Jaakko-Posti_800-300x200.jpeg 300w, https:\/\/www.vesivoimanluonto.org\/wp-content\/uploads\/2019\/10\/Vapaa-Kemijoki-Jaakko-Posti_800-768x512.jpeg 768w\" sizes=\"(max-width: 800px) 100vw, 800px\" \/><noscript><img width=\"800\" height=\"533\" src=\"https:\/\/www.vesivoimanluonto.org\/wp-content\/uploads\/2019\/10\/Vapaa-Kemijoki-Jaakko-Posti_800.jpeg\" alt=\"\" class=\"wp-image-555 lazyload\" srcset=\"https:\/\/www.vesivoimanluonto.org\/wp-content\/uploads\/2019\/10\/Vapaa-Kemijoki-Jaakko-Posti_800.jpeg 800w, https:\/\/www.vesivoimanluonto.org\/wp-content\/uploads\/2019\/10\/Vapaa-Kemijoki-Jaakko-Posti_800-300x200.jpeg 300w, https:\/\/www.vesivoimanluonto.org\/wp-content\/uploads\/2019\/10\/Vapaa-Kemijoki-Jaakko-Posti_800-768x512.jpeg 768w\" sizes=\"(max-width: 800px) 100vw, 800px\" \/><\/noscript><figcaption> Vapaana virtaavaa Kemijoen p\u00e4\u00e4uomaa Sieril\u00e4n alueella. Kuva: Jaakko Posti <\/figcaption><\/figure><\/div>\n\n\n\n<p>Virtavesien lajit\n ja elinymp\u00e4rist\u00f6t ovat uhanalaistuneet Suomessa ja maailmanlaajuisesti.\n Siksi on t\u00e4rke\u00e4\u00e4, ett\u00e4 viel\u00e4 vapaana virtaavien jokien suojelu jatkuu.<\/p>\n\n\n\n<h3>Sieril\u00e4, Kemijoki<\/h3>\n\n\n\n<p>Suomesta l\u00f6ytyy viel\u00e4 suojelemattomia jokijaksoja, joita uhkaa \nvoimalarakentaminen. Rovaniemelle 1950-luvulta l\u00e4htien kaavailtu \nSieril\u00e4n voimalaitos kahlitsisi Kemijoen viimeisen vapaan osuuden. \nAlueella esiintyy virtavesien ja rantojen uhanalaisia lajeja kuten \njokihelmisimpukka ja apilakirjok\u00e4\u00e4ri\u00e4inen, sek\u00e4 uhanalaisia \nluontotyyppej\u00e4. Uuden lajien ja luontotyyppien uhanalaisuutta koskevan \ntiedon valossa Sieril\u00e4\u00e4 ei pit\u00e4isi rakentaa.<\/p>\n\n\n\n<p><a href=\"https:\/\/www.sll.fi\/mita-me-teemme\/vedet\/vapaakemijoki\" target=\"_blank\" rel=\"noreferrer noopener\">www.sll.fi\/vapaakemijoki<\/a><\/p>\n\n\n\n<h3>Vuotos, Kemijoki<\/h3>\n\n\n\n<div class=\"wp-block-image\"><figure class=\"alignright\"><img width=\"166\" height=\"300\" src=\"data:image\/gif;base64,R0lGODlhAQABAIAAAAAAAP\/\/\/yH5BAEAAAAALAAAAAABAAEAAAIBRAA7\" data-src=\"https:\/\/www.vesivoimanluonto.org\/wp-content\/uploads\/2019\/10\/Vuotoksen-alueen-luonto_KARTTA_SY635-166x300.png\" alt=\"\" class=\"wp-image-557 lazyload\" data-srcset=\"https:\/\/www.vesivoimanluonto.org\/wp-content\/uploads\/2019\/10\/Vuotoksen-alueen-luonto_KARTTA_SY635-166x300.png 166w, https:\/\/www.vesivoimanluonto.org\/wp-content\/uploads\/2019\/10\/Vuotoksen-alueen-luonto_KARTTA_SY635.png 468w\" sizes=\"(max-width: 166px) 100vw, 166px\" \/><noscript><img width=\"166\" height=\"300\" src=\"https:\/\/www.vesivoimanluonto.org\/wp-content\/uploads\/2019\/10\/Vuotoksen-alueen-luonto_KARTTA_SY635-166x300.png\" alt=\"\" class=\"wp-image-557 lazyload\" srcset=\"https:\/\/www.vesivoimanluonto.org\/wp-content\/uploads\/2019\/10\/Vuotoksen-alueen-luonto_KARTTA_SY635-166x300.png 166w, https:\/\/www.vesivoimanluonto.org\/wp-content\/uploads\/2019\/10\/Vuotoksen-alueen-luonto_KARTTA_SY635.png 468w\" sizes=\"(max-width: 166px) 100vw, 166px\" \/><\/noscript><figcaption> Edesmenneen Vuotoksen allashankkeen sijoittuminen Lapissa ja  peruskarttalehdell\u00e4. L\u00e4hde: Lindholm, T. (toim) 2003: Vuotoksen alueen  luonto. Suomen ymp\u00e4rist\u00f6 635. Suomen ymp\u00e4rist\u00f6keskus. <\/figcaption><\/figure><\/div>\n\n\n\n<p>Edesmenneen\n Vuotoksen allashankkeen sijoittuminen Lapissa ja peruskarttalehdell\u00e4. \nL\u00e4hde: Lindholm, T. (toim) 2003: Vuotoksen alueen luonto. Suomen \nymp\u00e4rist\u00f6 635. Suomen ymp\u00e4rist\u00f6keskus.<\/p>\n\n\n\n<p>My\u00f6s suojeltu virtavesiluonto voi olla rakentamisuhan alla. Lappiin \nkaavailtu Vuotoksen eli Kemihaaran tekoallas oli vireill\u00e4 vuosikymmeni\u00e4 \nKemijoki Oy:n tai Lapin liiton toimesta, laajimmillaan l\u00e4hes 250 \nneli\u00f6kilometrin laajuisena. Altaan alle olisi j\u00e4\u00e4nyt vapaana virtaavia \nosuuksia Kemijoesta ja Vuotosjoesta sek\u00e4 Kemihaaran soiden Natura 2000 \n-alue. Altaan rakentamiseksi etsittiin yhteiskunnallisesti merkitt\u00e4vi\u00e4 \nsyit\u00e4 kuten Rovaniemen tulvasuojelu. Valtioneuvosto ep\u00e4si \nNatura-poikkeaman hankkeelta talvella 2018.<\/p>\n\n\n\n<p><a href=\"http:\/\/www.vapaavuotos.fi\/\" target=\"_blank\" rel=\"noreferrer noopener\">www.vapaavuotos.fi<\/a><\/p>\n","protected":false},"excerpt":{"rendered":"<p>Virtavesien lajit ja elinymp\u00e4rist\u00f6t ovat uhanalaistuneet Suomessa ja maailmanlaajuisesti. Siksi on t\u00e4rke\u00e4\u00e4, ett\u00e4 viel\u00e4 vapaana virtaavien jokien suojelu jatkuu. Sieril\u00e4, Kemijoki Suomesta l\u00f6ytyy viel\u00e4 suojelemattomia jokijaksoja, joita uhkaa voimalarakentaminen. Rovaniemelle 1950-luvulta l\u00e4htien kaavailtu Sieril\u00e4n voimalaitos kahlitsisi Kemijoen viimeisen vapaan osuuden. Alueella esiintyy virtavesien ja rantojen uhanalaisia lajeja kuten jokihelmisimpukka ja apilakirjok\u00e4\u00e4ri\u00e4inen, sek\u00e4 uhanalaisia luontotyyppej\u00e4. Uuden &hellip;<\/p>\n<p class=\"read-more\"> <a class=\"\" href=\"https:\/\/www.vesivoimanluonto.org\/fi\/vaikutusten-korjaaminen\/rakentamattomien-virtojen-suojelu\/\"> <span class=\"screen-reader-text\">Rakentamattomien virtojen suojelu<\/span> Lue lis\u00e4\u00e4 \u00bb<\/a><\/p>\n","protected":false},"author":4,"featured_media":0,"parent":524,"menu_order":4,"comment_status":"closed","ping_status":"closed","template":"","meta":[],"_links":{"self":[{"href":"https:\/\/www.vesivoimanluonto.org\/fi\/wp-json\/wp\/v2\/pages\/564"}],"collection":[{"href":"https:\/\/www.vesivoimanluonto.org\/fi\/wp-json\/wp\/v2\/pages"}],"about":[{"href":"https:\/\/www.vesivoimanluonto.org\/fi\/wp-json\/wp\/v2\/types\/page"}],"author":[{"embeddable":true,"href":"https:\/\/www.vesivoimanluonto.org\/fi\/wp-json\/wp\/v2\/users\/4"}],"replies":[{"embeddable":true,"href":"https:\/\/www.vesivoimanluonto.org\/fi\/wp-json\/wp\/v2\/comments?post=564"}],"version-history":[{"count":1,"href":"https:\/\/www.vesivoimanluonto.org\/fi\/wp-json\/wp\/v2\/pages\/564\/revisions"}],"predecessor-version":[{"id":565,"href":"https:\/\/www.vesivoimanluonto.org\/fi\/wp-json\/wp\/v2\/pages\/564\/revisions\/565"}],"up":[{"embeddable":true,"href":"https:\/\/www.vesivoimanluonto.org\/fi\/wp-json\/wp\/v2\/pages\/524"}],"wp:attachment":[{"href":"https:\/\/www.vesivoimanluonto.org\/fi\/wp-json\/wp\/v2\/media?parent=564"}],"curies":[{"name":"wp","href":"https:\/\/api.w.org\/{rel}","templated":true}]}}