{"id":566,"date":"2019-10-24T13:22:31","date_gmt":"2019-10-24T13:22:31","guid":{"rendered":"http:\/\/stevenv9.sg-host.com\/?page_id=566"},"modified":"2019-10-24T13:28:57","modified_gmt":"2019-10-24T13:28:57","slug":"ekoenergia","status":"publish","type":"page","link":"https:\/\/www.vesivoimanluonto.org\/fi\/ekoenergia\/","title":{"rendered":"EKOenergia"},"content":{"rendered":"\n<h3 style=\"text-align:left\">Ymp\u00e4rist\u00f6merkki uusiutuvalle energialle<\/h3>\n\n\n\n<div class=\"wp-block-image\"><figure class=\"alignright\"><img src=\"data:image\/gif;base64,R0lGODlhAQABAIAAAAAAAP\/\/\/yH5BAEAAAAALAAAAAABAAEAAAIBRAA7\" data-src=\"https:\/\/www.vesivoimanluonto.org\/wp-content\/uploads\/2019\/10\/EKOenergy-logo-300x300.jpg\" alt=\"\" class=\"wp-image-535 lazyload\"\/><noscript><img src=\"https:\/\/www.vesivoimanluonto.org\/wp-content\/uploads\/2019\/10\/EKOenergy-logo-300x300.jpg\" alt=\"\" class=\"wp-image-535 lazyload\"\/><\/noscript><\/figure><\/div>\n\n\n\n<p> EKOenergia on voittoa tavoittelematon, kansainv\u00e4linen ymp\u00e4rist\u00f6merkki   uusiutuvalle energialle. Se kertoo kuluttajalle, ett\u00e4 s\u00e4hk\u00f6 on tuotettu   uusiutuvista energianl\u00e4hteist\u00e4 ja kest\u00e4vyyskriteerej\u00e4 noudattaen. <\/p>\n\n\n\n<p>EKOenergiamerkityn s\u00e4hk\u00f6n energianl\u00e4htein\u00e4 ovat muun muassa aurinko, tuuli, vesivoima, biomassa ja geoterminen energia.<\/p>\n\n\n\n<p>My\u00f6s uusiutuvan energian tuotanto aiheuttaa ymp\u00e4rist\u00f6kuormitusta. \nKest\u00e4vyyskriteeriens\u00e4 avulla EKOenergia pyrkii huomioimaan sek\u00e4 ilmaston\n ett\u00e4 luonnon monimuotoisuuden.<\/p>\n\n\n\n<h3>EKOenergia Suomessa<\/h3>\n\n\n\n<p>EKOenergiamerkitty\u00e4 s\u00e4hk\u00f6\u00e4 myyvi\u00e4 yrityksi\u00e4 on Suomessa noin \nkymmenen. EKOenergiamerkin takana on kansainv\u00e4linen ymp\u00e4rist\u00f6j\u00e4rjest\u00f6jen\n verkosto, johon kuuluu yli 40 j\u00e4rjest\u00f6\u00e4. Verkoston sihteerist\u00f6 toimii \nSuomen luonnonsuojeluliitossa.<\/p>\n\n\n\n<p>Ymp\u00e4rist\u00f6merkki ei korvaa muita ymp\u00e4rist\u00f6politiikan ohjauskeinoja, \nvaan t\u00e4ydent\u00e4\u00e4 niit\u00e4. Markkinaohjauksen rinnalla julkisen vallan \nharjoittama normiohjaus ja taloudellinen ohjaus (lains\u00e4\u00e4d\u00e4nt\u00f6 ja \nenergiapolitiikka tukineen ja veroineen) ovat avainasemassa matkalla \nkohti uusiutuvaa ja kest\u00e4v\u00e4\u00e4 energiaj\u00e4rjestelm\u00e4\u00e4.<\/p>\n\n\n\n<p>Lis\u00e4tietoa EKOenergian verkkosivuilta <a href=\"https:\/\/www.ekoenergy.org\/fi\/\" target=\"_blank\" rel=\"noreferrer noopener\">www.ekoenergia.fi<\/a><\/p>\n","protected":false},"excerpt":{"rendered":"<p>Ymp\u00e4rist\u00f6merkki uusiutuvalle energialle EKOenergia on voittoa tavoittelematon, kansainv\u00e4linen ymp\u00e4rist\u00f6merkki uusiutuvalle energialle. Se kertoo kuluttajalle, ett\u00e4 s\u00e4hk\u00f6 on tuotettu uusiutuvista energianl\u00e4hteist\u00e4 ja kest\u00e4vyyskriteerej\u00e4 noudattaen. EKOenergiamerkityn s\u00e4hk\u00f6n energianl\u00e4htein\u00e4 ovat muun muassa aurinko, tuuli, vesivoima, biomassa ja geoterminen energia. My\u00f6s uusiutuvan energian tuotanto aiheuttaa ymp\u00e4rist\u00f6kuormitusta. Kest\u00e4vyyskriteeriens\u00e4 avulla EKOenergia pyrkii huomioimaan sek\u00e4 ilmaston ett\u00e4 luonnon monimuotoisuuden. EKOenergia Suomessa EKOenergiamerkitty\u00e4 &hellip;<\/p>\n<p class=\"read-more\"> <a class=\"\" href=\"https:\/\/www.vesivoimanluonto.org\/fi\/ekoenergia\/\"> <span class=\"screen-reader-text\">EKOenergia<\/span> Lue lis\u00e4\u00e4 \u00bb<\/a><\/p>\n","protected":false},"author":4,"featured_media":0,"parent":0,"menu_order":0,"comment_status":"closed","ping_status":"closed","template":"","meta":[],"_links":{"self":[{"href":"https:\/\/www.vesivoimanluonto.org\/fi\/wp-json\/wp\/v2\/pages\/566"}],"collection":[{"href":"https:\/\/www.vesivoimanluonto.org\/fi\/wp-json\/wp\/v2\/pages"}],"about":[{"href":"https:\/\/www.vesivoimanluonto.org\/fi\/wp-json\/wp\/v2\/types\/page"}],"author":[{"embeddable":true,"href":"https:\/\/www.vesivoimanluonto.org\/fi\/wp-json\/wp\/v2\/users\/4"}],"replies":[{"embeddable":true,"href":"https:\/\/www.vesivoimanluonto.org\/fi\/wp-json\/wp\/v2\/comments?post=566"}],"version-history":[{"count":8,"href":"https:\/\/www.vesivoimanluonto.org\/fi\/wp-json\/wp\/v2\/pages\/566\/revisions"}],"predecessor-version":[{"id":574,"href":"https:\/\/www.vesivoimanluonto.org\/fi\/wp-json\/wp\/v2\/pages\/566\/revisions\/574"}],"wp:attachment":[{"href":"https:\/\/www.vesivoimanluonto.org\/fi\/wp-json\/wp\/v2\/media?parent=566"}],"curies":[{"name":"wp","href":"https:\/\/api.w.org\/{rel}","templated":true}]}}