{"id":575,"date":"2019-10-24T13:32:40","date_gmt":"2019-10-24T13:32:40","guid":{"rendered":"http:\/\/stevenv9.sg-host.com\/?page_id=575"},"modified":"2020-03-12T07:48:09","modified_gmt":"2020-03-12T07:48:09","slug":"ymparistomerkitty-vesisahko","status":"publish","type":"page","link":"https:\/\/www.vesivoimanluonto.org\/fi\/ekoenergia\/ymparistomerkitty-vesisahko\/","title":{"rendered":"Ymp\u00e4rist\u00f6merkitty vesis\u00e4hk\u00f6"},"content":{"rendered":"\n<div class=\"wp-block-image\"><figure class=\"alignright\"><img src=\"data:image\/gif;base64,R0lGODlhAQABAIAAAAAAAP\/\/\/yH5BAEAAAAALAAAAAABAAEAAAIBRAA7\" data-src=\"https:\/\/www.vesivoimanluonto.org\/wp-content\/uploads\/2019\/10\/EKOenergy-logo-150x150.jpg\" alt=\"\" class=\"wp-image-535 lazyload\"\/><noscript><img src=\"https:\/\/www.vesivoimanluonto.org\/wp-content\/uploads\/2019\/10\/EKOenergy-logo-150x150.jpg\" alt=\"\" class=\"wp-image-535 lazyload\"\/><\/noscript><\/figure><\/div>\n\n\n\n<p>EKOenergia ymp\u00e4rist\u00f6merkitsee my\u00f6s vesivoimalla \ntuotettua s\u00e4hk\u00f6\u00e4. T\u00e4ll\u00f6in ymp\u00e4rist\u00f6merkin hakemus laaditaan \nsilm\u00e4ll\u00e4pit\u00e4en voimalaa, jossa s\u00e4hk\u00f6\u00e4 tuotetaan. \nEKOenergia-ymp\u00e4rist\u00f6merkki koskee siis tuotantopaikkaa, ei yhti\u00f6t\u00e4.<\/p>\n\n\n\n<h3>Varoja virtavesihankkeisiin<\/h3>\n\n\n\n<p>Kun s\u00e4hk\u00f6n myyj\u00e4 myy EKOenergiamerkitty\u00e4 \nvesivoimas\u00e4hk\u00f6\u00e4, h\u00e4n maksaa kuten muutkin EKOenergian myyj\u00e4t \nlisenssimaksun ja ilmastorahastomaksun. Lis\u00e4ksi h\u00e4n maksaa \nymp\u00e4rist\u00f6rahastomaksun, joka koskee vain vesivoimaa. Maksut on \nm\u00e4\u00e4ritelty myyty\u00e4 megawattituntia kohden. EKOenergiamerkityn \nvesivoimas\u00e4hk\u00f6n myynnist\u00e4 tuloutuu EKOenergian ymp\u00e4rist\u00f6rahastoon 0,10 \neuroa\/MWh. Kertyneet varat suunnataan vuosittain virtavesihankkeisiin.<\/p>\n\n\n\n<h3>Kest\u00e4vyyskriteerit voimaloille<\/h3>\n\n\n\n<p>Millaisesta voimalasta EKOenergiamerkitty s\u00e4hk\u00f6 voi olla\n per\u00e4isin? Ymp\u00e4rist\u00f6merkki edellytt\u00e4\u00e4, ett\u00e4 s\u00e4hk\u00f6n tuottaja noudattaa \ntuotannossa toiminnalle s\u00e4\u00e4dettyj\u00e4 lakeja ja lupaehtoja.&nbsp; Vesivoimalle \nasetetut muut vaatimukset perustuvat voimalan ymp\u00e4rist\u00f6haittojen tasoon \nja niiden v\u00e4hent\u00e4miseen. Prosessi sis\u00e4lt\u00e4\u00e4 t\u00e4rkeiden sidosryhmien kuten \nymp\u00e4rist\u00f6j\u00e4rjest\u00f6jen ja asiantuntijoiden konsultoinnin. Merkin \nk\u00e4ytt\u00f6oikeus tarkistetaan viiden vuoden v\u00e4lein.<\/p>\n\n\n\n<p>EKOenergia tarkistaa parhaillaan vesivoimas\u00e4hk\u00f6n \nymp\u00e4rist\u00f6merkitsemisen toimintatapaa ja vaatimuksia. Tavoitteena on \nselkeytt\u00e4\u00e4 merkin hakuprosessia ja kriteerej\u00e4 ja siten saada kattavammin\n vaatimukset t\u00e4ytt\u00e4vi\u00e4 voimaloita merkin piiriin. Taustaselvitys tehtiin\n vuonna 2017 ja vesivoimaa koskevia uudistuksia EKOenergian s\u00e4\u00e4nt\u00f6ihin \nluonnostellaan vuonna 2018. Tarkistusprosessi&nbsp; valmistuu vuoteen 2021 \nmenness\u00e4 osana FRESHABIT LIFE IP -hanketta.<\/p>\n\n\n\n<p>Lis\u00e4tietoa:<\/p>\n\n\n\n<p>EKOenergiaverkosto -ja merkki (pdf, vesivoiman erityisvaatimukset sivuilla 9-11):<br> <a href=\"http:\/\/oads\/Ekoenergy_Text_Network-and-label_Finnish.pdf\" target=\"_blank\" rel=\"noreferrer noopener\" aria-label=\" (opens in a new tab)\">www.ekoenergia.fi -> ymp\u00e4rist\u00f6merkki -> EKOenergian kriteerit -> pdf<\/a><\/p>\n\n\n\n<p>EKOenergia FRESHABIT LIFE IP -vesist\u00f6hankkeessa:<br> <a href=\"https:\/\/www.vesivoimanluonto.org\/ekoenergia-2\/kehitystyo\/\" target=\"_blank\" rel=\"noreferrer noopener\" aria-label=\" (opens in a new tab)\">www.vesivoimanluonto.fi ->kehitysty\u00f6<\/a><\/p>\n","protected":false},"excerpt":{"rendered":"<p>EKOenergia ymp\u00e4rist\u00f6merkitsee my\u00f6s vesivoimalla tuotettua s\u00e4hk\u00f6\u00e4. T\u00e4ll\u00f6in ymp\u00e4rist\u00f6merkin hakemus laaditaan silm\u00e4ll\u00e4pit\u00e4en voimalaa, jossa s\u00e4hk\u00f6\u00e4 tuotetaan. EKOenergia-ymp\u00e4rist\u00f6merkki koskee siis tuotantopaikkaa, ei yhti\u00f6t\u00e4. Varoja virtavesihankkeisiin Kun s\u00e4hk\u00f6n myyj\u00e4 myy EKOenergiamerkitty\u00e4 vesivoimas\u00e4hk\u00f6\u00e4, h\u00e4n maksaa kuten muutkin EKOenergian myyj\u00e4t lisenssimaksun ja ilmastorahastomaksun. Lis\u00e4ksi h\u00e4n maksaa ymp\u00e4rist\u00f6rahastomaksun, joka koskee vain vesivoimaa. Maksut on m\u00e4\u00e4ritelty myyty\u00e4 megawattituntia kohden. EKOenergiamerkityn vesivoimas\u00e4hk\u00f6n myynnist\u00e4 &hellip;<\/p>\n<p class=\"read-more\"> <a class=\"\" href=\"https:\/\/www.vesivoimanluonto.org\/fi\/ekoenergia\/ymparistomerkitty-vesisahko\/\"> <span class=\"screen-reader-text\">Ymp\u00e4rist\u00f6merkitty vesis\u00e4hk\u00f6<\/span> Lue lis\u00e4\u00e4 \u00bb<\/a><\/p>\n","protected":false},"author":4,"featured_media":0,"parent":566,"menu_order":1,"comment_status":"closed","ping_status":"closed","template":"","meta":[],"_links":{"self":[{"href":"https:\/\/www.vesivoimanluonto.org\/fi\/wp-json\/wp\/v2\/pages\/575"}],"collection":[{"href":"https:\/\/www.vesivoimanluonto.org\/fi\/wp-json\/wp\/v2\/pages"}],"about":[{"href":"https:\/\/www.vesivoimanluonto.org\/fi\/wp-json\/wp\/v2\/types\/page"}],"author":[{"embeddable":true,"href":"https:\/\/www.vesivoimanluonto.org\/fi\/wp-json\/wp\/v2\/users\/4"}],"replies":[{"embeddable":true,"href":"https:\/\/www.vesivoimanluonto.org\/fi\/wp-json\/wp\/v2\/comments?post=575"}],"version-history":[{"count":2,"href":"https:\/\/www.vesivoimanluonto.org\/fi\/wp-json\/wp\/v2\/pages\/575\/revisions"}],"predecessor-version":[{"id":1542,"href":"https:\/\/www.vesivoimanluonto.org\/fi\/wp-json\/wp\/v2\/pages\/575\/revisions\/1542"}],"up":[{"embeddable":true,"href":"https:\/\/www.vesivoimanluonto.org\/fi\/wp-json\/wp\/v2\/pages\/566"}],"wp:attachment":[{"href":"https:\/\/www.vesivoimanluonto.org\/fi\/wp-json\/wp\/v2\/media?parent=575"}],"curies":[{"name":"wp","href":"https:\/\/api.w.org\/{rel}","templated":true}]}}