{"id":577,"date":"2019-10-24T13:41:26","date_gmt":"2019-10-24T13:41:26","guid":{"rendered":"http:\/\/stevenv9.sg-host.com\/?page_id=577"},"modified":"2019-10-24T13:41:27","modified_gmt":"2019-10-24T13:41:27","slug":"virtavesirahasto","status":"publish","type":"page","link":"https:\/\/www.vesivoimanluonto.org\/fi\/ekoenergia\/virtavesirahasto\/","title":{"rendered":"Virtavesirahasto"},"content":{"rendered":"\n<h2>EKOenergian virtavesirahasto<\/h2>\n\n\n\n<div class=\"wp-block-image\"><figure class=\"alignright\"><img src=\"data:image\/gif;base64,R0lGODlhAQABAIAAAAAAAP\/\/\/yH5BAEAAAAALAAAAAABAAEAAAIBRAA7\" data-src=\"https:\/\/www.vesivoimanluonto.org\/wp-content\/uploads\/2019\/10\/EKOenergy-logo-150x150.jpg\" alt=\"\" class=\"wp-image-535 lazyload\"\/><noscript><img src=\"https:\/\/www.vesivoimanluonto.org\/wp-content\/uploads\/2019\/10\/EKOenergy-logo-150x150.jpg\" alt=\"\" class=\"wp-image-535 lazyload\"\/><\/noscript><\/figure><\/div>\n\n\n\n<p>Vaikka vesivoima on uusiutuvaa, mutta ei kuitenkaan luonnon kannalta \nhaitatonta energiaa. Vesivoimasta k\u00e4rsiv\u00e4t paitsi vaelluskalat my\u00f6s muu \nvirtavesiluonto, joka on voimakkaasti uhanalaistunut.<\/p>\n\n\n\n<p>EKOenergia tunnistaa vesivoimasta l\u00e4ht\u00f6kohtaisesti aiheutuvan haitan \nja siksi EKOenergiamerkitty vesivoima sis\u00e4lt\u00e4\u00e4 ylim\u00e4\u00e4r\u00e4isen, \nkompensaatioluonteisen maksun. EKOenergiamerkityn vesis\u00e4hk\u00f6n myynnist\u00e4 \ntuloutetaan EKOenergian virtavesirahastoon 0,10 euroa megawattitunnilta.\n Rahasto tunnettiin aiemmin nimell\u00e4 ymp\u00e4rist\u00f6rahasto.<\/p>\n\n\n\n<p>EKOenergian virtavesirahastoon kertyneet varat k\u00e4ytet\u00e4\u00e4n \nvirtavesihankkeisiin. Hankkeiden tarkoituksena on v\u00e4hent\u00e4\u00e4, korjata tai \nkompensoida vesivoiman aiheuttamia ymp\u00e4rist\u00f6haittoja.&nbsp;&nbsp; Varoja \nvirtavesihankkeille jaetaan vuosittaisessa rahoitushaussa.<\/p>\n\n\n\n<p>Lis\u00e4tietoa Virtavesirahastosta EKOenergian sivuilta<br>\n<a href=\"https:\/\/www.ekoenergy.org\/fi\/our-results\/environmental-fund\/\" target=\"_blank\" rel=\"noreferrer noopener\">www.ekoenergia.fi -&gt; tuloksemme -&gt; virtavesirahasto<\/a><\/p>\n\n\n\n<figure class=\"wp-block-image\"><img src=\"data:image\/gif;base64,R0lGODlhAQABAIAAAAAAAP\/\/\/yH5BAEAAAAALAAAAAABAAEAAAIBRAA7\" data-src=\"https:\/\/www.ekoenergy.org\/wp-content\/uploads\/2017\/12\/KraatarinkoskenTalkoot17062017RistoSalmiLariKilpijarviToniHuhta_800-720x540.jpg\" alt=\"\" class=\"wp-image-15495 lazyload\"\/><noscript><img src=\"https:\/\/www.ekoenergy.org\/wp-content\/uploads\/2017\/12\/KraatarinkoskenTalkoot17062017RistoSalmiLariKilpijarviToniHuhta_800-720x540.jpg\" alt=\"\" class=\"wp-image-15495 lazyload\"\/><\/noscript><figcaption> EKOenergian  virtavesirahastosta (aiemmin ymp\u00e4rist\u00f6rahastosta) on  rahoitettu mm.  Virtavesien hoitoyhdistyksen ty\u00f6t\u00e4. Uudellamaalla  sijaitsevan Vihtijoen  p\u00e4\u00e4uoman koskikunnostuksien alustavat  seurantatulokset osoittavat, ett\u00e4  taimenen poikastuotanto on niiden  ansiosta yli kolminkertaistunut.  Kuvassa Risto Salmi, Lari Kilpij\u00e4rvi  ja Toni Huhta soraistavat  Kraatarinkoskea kes\u00e4ll\u00e4 2017. Kuva: Markus  Penttinen <\/figcaption><\/figure>\n","protected":false},"excerpt":{"rendered":"<p>EKOenergian virtavesirahasto Vaikka vesivoima on uusiutuvaa, mutta ei kuitenkaan luonnon kannalta haitatonta energiaa. Vesivoimasta k\u00e4rsiv\u00e4t paitsi vaelluskalat my\u00f6s muu virtavesiluonto, joka on voimakkaasti uhanalaistunut. EKOenergia tunnistaa vesivoimasta l\u00e4ht\u00f6kohtaisesti aiheutuvan haitan ja siksi EKOenergiamerkitty vesivoima sis\u00e4lt\u00e4\u00e4 ylim\u00e4\u00e4r\u00e4isen, kompensaatioluonteisen maksun. EKOenergiamerkityn vesis\u00e4hk\u00f6n myynnist\u00e4 tuloutetaan EKOenergian virtavesirahastoon 0,10 euroa megawattitunnilta. Rahasto tunnettiin aiemmin nimell\u00e4 ymp\u00e4rist\u00f6rahasto. EKOenergian virtavesirahastoon kertyneet &hellip;<\/p>\n<p class=\"read-more\"> <a class=\"\" href=\"https:\/\/www.vesivoimanluonto.org\/fi\/ekoenergia\/virtavesirahasto\/\"> <span class=\"screen-reader-text\">Virtavesirahasto<\/span> Lue lis\u00e4\u00e4 \u00bb<\/a><\/p>\n","protected":false},"author":4,"featured_media":0,"parent":566,"menu_order":2,"comment_status":"closed","ping_status":"closed","template":"","meta":[],"_links":{"self":[{"href":"https:\/\/www.vesivoimanluonto.org\/fi\/wp-json\/wp\/v2\/pages\/577"}],"collection":[{"href":"https:\/\/www.vesivoimanluonto.org\/fi\/wp-json\/wp\/v2\/pages"}],"about":[{"href":"https:\/\/www.vesivoimanluonto.org\/fi\/wp-json\/wp\/v2\/types\/page"}],"author":[{"embeddable":true,"href":"https:\/\/www.vesivoimanluonto.org\/fi\/wp-json\/wp\/v2\/users\/4"}],"replies":[{"embeddable":true,"href":"https:\/\/www.vesivoimanluonto.org\/fi\/wp-json\/wp\/v2\/comments?post=577"}],"version-history":[{"count":1,"href":"https:\/\/www.vesivoimanluonto.org\/fi\/wp-json\/wp\/v2\/pages\/577\/revisions"}],"predecessor-version":[{"id":578,"href":"https:\/\/www.vesivoimanluonto.org\/fi\/wp-json\/wp\/v2\/pages\/577\/revisions\/578"}],"up":[{"embeddable":true,"href":"https:\/\/www.vesivoimanluonto.org\/fi\/wp-json\/wp\/v2\/pages\/566"}],"wp:attachment":[{"href":"https:\/\/www.vesivoimanluonto.org\/fi\/wp-json\/wp\/v2\/media?parent=577"}],"curies":[{"name":"wp","href":"https:\/\/api.w.org\/{rel}","templated":true}]}}