{"id":579,"date":"2019-10-24T13:44:11","date_gmt":"2019-10-24T13:44:11","guid":{"rendered":"http:\/\/stevenv9.sg-host.com\/?page_id=579"},"modified":"2019-10-24T13:44:11","modified_gmt":"2019-10-24T13:44:11","slug":"kehitystyo","status":"publish","type":"page","link":"https:\/\/www.vesivoimanluonto.org\/fi\/ekoenergia\/kehitystyo\/","title":{"rendered":"Kehitysty\u00f6"},"content":{"rendered":"\n<div class=\"wp-block-image\"><figure class=\"alignright\"><img src=\"data:image\/gif;base64,R0lGODlhAQABAIAAAAAAAP\/\/\/yH5BAEAAAAALAAAAAABAAEAAAIBRAA7\" data-src=\"https:\/\/www.vesivoimanluonto.org\/wp-content\/uploads\/2019\/10\/EKOenergy-logo-150x150.jpg\" alt=\"\" class=\"wp-image-535 lazyload\"\/><noscript><img src=\"https:\/\/www.vesivoimanluonto.org\/wp-content\/uploads\/2019\/10\/EKOenergy-logo-150x150.jpg\" alt=\"\" class=\"wp-image-535 lazyload\"\/><\/noscript><\/figure><\/div>\n\n\n\n<p>EKOenergia kehitt\u00e4\u00e4 toimintaansa uusimman tiedon valossa. Uudistamme \nymp\u00e4rist\u00f6merkitty\u00e4 s\u00e4hk\u00f6\u00e4 tuottavien vesivoimalaitosten kriteerit,&nbsp; \nviestimme vesivoiman luontovaikutuksista ja kehit\u00e4mme Ymp\u00e4rist\u00f6rahaston \nkompensaatiomekanismia. Vesivoimaan liittyv\u00e4 kehitysty\u00f6mme tapahtuu \nosana FRESHABIT LIFE IP -vesist\u00f6hanketta.<\/p>\n\n\n\n<h3>Uudistamme EKOenergia-merkityn vesivoiman kriteerit<\/h3>\n\n\n\n<p>Hankkeen aikana selkeyt\u00e4mme ja uudistamme tapaa, jolla valitsemme \nvesivoimaloita tuottamaan EKOenergiamerkitty\u00e4 s\u00e4hk\u00f6\u00e4. Taustaselvityksen\u00e4\n olemme analysoineet nykyiset kriteerimme ja verranneet niit\u00e4 muihin \nvesivoiman ymp\u00e4rist\u00f6merkkeihin ja&nbsp; haastatelleet kotimaisia ja \nulkomaisia virtavesi- ja vesivoima-asiantuntijoita.<\/p>\n\n\n\n<ul><li>Tulosten yhteenveto suomeksi (<a href=\"https:\/\/www.ekoenergy.org\/wp-content\/uploads\/2016\/02\/EKOenergia_vesivoimakriteeriselvitys_-yhteenveto_Sahi_29.12.2017.pdf\">Vesivoimakriteeriselvitys_yhteenveto.pdf<\/a>).<\/li><li>Raportti englanniksi (<a href=\"https:\/\/www.ekoenergy.org\/wp-content\/uploads\/2016\/02\/EKOenergyHPCriteriaBackgroundStudyREPORT_31.12.2017.pdf\">BackgroundStudyREPORT_31.12.2017.pdf)<\/a><\/li><\/ul>\n\n\n\n<p>Tulosten pohjalta luomme ehdotuksen uusiksi kriteereiksi, joiden \ntoimivuutta on tarkoitus mallintaa viidess\u00e4 vesivoimalaitoksessa ennen \nlopullista hyv\u00e4ksynt\u00e4\u00e4. EKOenergian kansainv\u00e4linen sihteerist\u00f6 hyv\u00e4ksyy \nprosessin tuloksena valmistuneet vesivoimakriteerit vuoden 2020 loppuun \nmenness\u00e4. K\u00e4yt\u00e4mme p\u00e4ivitysty\u00f6ss\u00e4 Suomea esimerkkimaana, mutta uudet \nkriteerit sopivat k\u00e4ytett\u00e4v\u00e4ksi my\u00f6s muualla Euroopassa.<\/p>\n\n\n\n<h3>Viestimme vesivoiman luontovaikutuksista<\/h3>\n\n\n\n<p>Viestimme vesivoiman luontovaikutuksista suurelle yleis\u00f6lle, \nasiantuntijoiden kesken sek\u00e4 s\u00e4hk\u00f6n suurkuluttajille. J\u00e4rjestimme \nsyksyll\u00e4 2017 Kalatieseminaarin, jossa puitiin kalateit\u00e4, niiden \ntoimivuutta ja merkityst\u00e4 vaelluskalakantojen elvytt\u00e4j\u00e4n\u00e4. Seminaari \nvideoitiin. Alkuvuonna 2018 julkaistu Vesivoiman luonto -sivusto on \nensimm\u00e4inen yleistajuinen suomen kielell\u00e4 laadittu esitys vesivoiman \nluontovaikutuksista.<\/p>\n\n\n\n<ul><li>Kalatieseminaarin luennot videoina diaesityksineen <a href=\"http:\/\/www.sll.fi\/kalatieseminaari\">sll.fi\/kalatieseminaari<\/a>.<\/li><li>Kalatieseminaarin palaute (<a href=\"https:\/\/www.ekoenergy.org\/wp-content\/uploads\/2016\/02\/Kalatieseminaari_6.10.2017_PALAUTERAPORTTI.pdf\">Palauteraportti.pdf).&nbsp;<\/a><\/li><li>Vesivoiman luonto -sivusto <a href=\"http:\/\/www.vesivoimanluonto.fi\/fi\/vesivoiman-luonto\/\">www.vesivoimanluonto.fi<\/a><\/li><\/ul>\n\n\n\n<h3>Kehit\u00e4mme EKOenergian kompensaatiomekanismia<\/h3>\n\n\n\n<p>EKOenergian ymp\u00e4rist\u00f6rahaston toiminta-ajatus on suunnata varoja \nvesivoiman luontovaikuksia lievent\u00e4viin, korvaaviin tai kompensoiviin \nvirtavesihankkeisiin. Kehit\u00e4mme rahaston toimintatapaa nykytilan \nhuolellisen analysoinnin ja asiantuntijahaastattelujen pohjalta.&nbsp; \nVirtavesirahasto korvaa nykyisen Ymp\u00e4rist\u00f6rahaston vuoden 2018 kes\u00e4kuun \nloppuun menness\u00e4.<\/p>\n\n\n\n<h3>FRESHABIT LIFE IP vesist\u00f6hanke<\/h3>\n\n\n\n<div class=\"wp-block-image\"><figure class=\"alignright\"><img width=\"150\" height=\"150\" src=\"data:image\/gif;base64,R0lGODlhAQABAIAAAAAAAP\/\/\/yH5BAEAAAAALAAAAAABAAEAAAIBRAA7\" data-src=\"https:\/\/www.vesivoimanluonto.org\/wp-content\/uploads\/2019\/10\/Freshabit_tunnus_rgb_large-150x150.png\" alt=\"\" class=\"wp-image-539 lazyload\"\/><noscript><img width=\"150\" height=\"150\" src=\"https:\/\/www.vesivoimanluonto.org\/wp-content\/uploads\/2019\/10\/Freshabit_tunnus_rgb_large-150x150.png\" alt=\"\" class=\"wp-image-539 lazyload\"\/><\/noscript><\/figure><\/div>\n\n\n\n<p>EKOenergia\n ja Suomen luonnonsuojeluliitto osallistuvat vuosina 2016-2022 EU:n \nLIFE-ymp\u00e4rist\u00f6rahaston vesist\u00f6hankkeeseen. Koko Suomen kattavaa \nsuurhanketta koordinoi Mets\u00e4hallitus ja mukana on viranomaistahoja, \ntutkimuslaitoksia ja ymp\u00e4rist\u00f6j\u00e4rjest\u00f6j\u00e4. Hankkeessa parannetaan Suomen \nNatura 2000 -verkoston vesialueiden kuten j\u00e4rvien, jokien ja pienvesien \ntilaa monin keinoin, jotka ulottuvat ymp\u00e4rist\u00f6kasvatuksesta ja \ntutkimusty\u00f6st\u00e4 k\u00e4yt\u00e4nn\u00f6n kunnostust\u00f6ihin.<\/p>\n\n\n\n<ul><li>Mets\u00e4hallituksen hankesivut: <a href=\"http:\/\/www.metsa.fi\/freshabit\">metsa.fi\/freshabit<\/a><\/li><li>Suomen luonnonsuojeluliiton hankesivut: <a href=\"http:\/\/www.sll.fi\/freshabit\">sll.fi\/freshabit<\/a><\/li><\/ul>\n\n\n\n<h3>Mik\u00e4 on LIFE?<a href=\"https:\/\/www.ekoenergy.org\/wp-content\/uploads\/2016\/03\/Logo_Life_Natura2000.jpg\"><\/a><\/h3>\n\n\n\n<div class=\"wp-block-image\"><figure class=\"alignleft\"><img width=\"188\" height=\"300\" src=\"data:image\/gif;base64,R0lGODlhAQABAIAAAAAAAP\/\/\/yH5BAEAAAAALAAAAAABAAEAAAIBRAA7\" data-src=\"https:\/\/www.vesivoimanluonto.org\/wp-content\/uploads\/2019\/10\/Logo_Life_Natura2000-188x300.jpg\" alt=\"\" class=\"wp-image-547 lazyload\" data-srcset=\"https:\/\/www.vesivoimanluonto.org\/wp-content\/uploads\/2019\/10\/Logo_Life_Natura2000-188x300.jpg 188w, https:\/\/www.vesivoimanluonto.org\/wp-content\/uploads\/2019\/10\/Logo_Life_Natura2000.jpg 300w\" sizes=\"(max-width: 188px) 100vw, 188px\" \/><noscript><img width=\"188\" height=\"300\" src=\"https:\/\/www.vesivoimanluonto.org\/wp-content\/uploads\/2019\/10\/Logo_Life_Natura2000-188x300.jpg\" alt=\"\" class=\"wp-image-547 lazyload\" srcset=\"https:\/\/www.vesivoimanluonto.org\/wp-content\/uploads\/2019\/10\/Logo_Life_Natura2000-188x300.jpg 188w, https:\/\/www.vesivoimanluonto.org\/wp-content\/uploads\/2019\/10\/Logo_Life_Natura2000.jpg 300w\" sizes=\"(max-width: 188px) 100vw, 188px\" \/><\/noscript><\/figure><\/div>\n\n\n\n<p style=\"text-align:left\">LIFE on Euroopan Unionin ymp\u00e4rist\u00f6alan rahoitusj\u00e4rjestelm\u00e4. LIFE \nYmp\u00e4rist\u00f6\/Luonto -hankkeet toteuttavat EU:n lintu- ja \nluontotyyppidirektiivej\u00e4 sek\u00e4 suojelualueiden Natura 2000 -verkostoa.<\/p>\n\n\n\n<p>Freshabit LIFE IP -hanke on integroitu LIFE-hanke. Se on \nEU-historiamme suurin rahallinen panostus koskaan EU:lta Suomen \nymp\u00e4rist\u00f6nsuojeluun.<\/p>\n","protected":false},"excerpt":{"rendered":"<p>EKOenergia kehitt\u00e4\u00e4 toimintaansa uusimman tiedon valossa. Uudistamme ymp\u00e4rist\u00f6merkitty\u00e4 s\u00e4hk\u00f6\u00e4 tuottavien vesivoimalaitosten kriteerit,&nbsp; viestimme vesivoiman luontovaikutuksista ja kehit\u00e4mme Ymp\u00e4rist\u00f6rahaston kompensaatiomekanismia. Vesivoimaan liittyv\u00e4 kehitysty\u00f6mme tapahtuu osana FRESHABIT LIFE IP -vesist\u00f6hanketta. Uudistamme EKOenergia-merkityn vesivoiman kriteerit Hankkeen aikana selkeyt\u00e4mme ja uudistamme tapaa, jolla valitsemme vesivoimaloita tuottamaan EKOenergiamerkitty\u00e4 s\u00e4hk\u00f6\u00e4. Taustaselvityksen\u00e4 olemme analysoineet nykyiset kriteerimme ja verranneet niit\u00e4 muihin vesivoiman ymp\u00e4rist\u00f6merkkeihin &hellip;<\/p>\n<p class=\"read-more\"> <a class=\"\" href=\"https:\/\/www.vesivoimanluonto.org\/fi\/ekoenergia\/kehitystyo\/\"> <span class=\"screen-reader-text\">Kehitysty\u00f6<\/span> Lue lis\u00e4\u00e4 \u00bb<\/a><\/p>\n","protected":false},"author":4,"featured_media":0,"parent":566,"menu_order":3,"comment_status":"closed","ping_status":"closed","template":"","meta":[],"_links":{"self":[{"href":"https:\/\/www.vesivoimanluonto.org\/fi\/wp-json\/wp\/v2\/pages\/579"}],"collection":[{"href":"https:\/\/www.vesivoimanluonto.org\/fi\/wp-json\/wp\/v2\/pages"}],"about":[{"href":"https:\/\/www.vesivoimanluonto.org\/fi\/wp-json\/wp\/v2\/types\/page"}],"author":[{"embeddable":true,"href":"https:\/\/www.vesivoimanluonto.org\/fi\/wp-json\/wp\/v2\/users\/4"}],"replies":[{"embeddable":true,"href":"https:\/\/www.vesivoimanluonto.org\/fi\/wp-json\/wp\/v2\/comments?post=579"}],"version-history":[{"count":1,"href":"https:\/\/www.vesivoimanluonto.org\/fi\/wp-json\/wp\/v2\/pages\/579\/revisions"}],"predecessor-version":[{"id":580,"href":"https:\/\/www.vesivoimanluonto.org\/fi\/wp-json\/wp\/v2\/pages\/579\/revisions\/580"}],"up":[{"embeddable":true,"href":"https:\/\/www.vesivoimanluonto.org\/fi\/wp-json\/wp\/v2\/pages\/566"}],"wp:attachment":[{"href":"https:\/\/www.vesivoimanluonto.org\/fi\/wp-json\/wp\/v2\/media?parent=579"}],"curies":[{"name":"wp","href":"https:\/\/api.w.org\/{rel}","templated":true}]}}