{"id":583,"date":"2019-10-24T13:45:37","date_gmt":"2019-10-24T13:45:37","guid":{"rendered":"http:\/\/stevenv9.sg-host.com\/?page_id=583"},"modified":"2019-10-24T13:45:38","modified_gmt":"2019-10-24T13:45:38","slug":"ekstrat","status":"publish","type":"page","link":"https:\/\/www.vesivoimanluonto.org\/fi\/ekstrat\/","title":{"rendered":"Ekstrat"},"content":{"rendered":"\n<p>Kokosimme usein toistuvia kysymysi\u00e4 ja vastauksia vesivoimas\u00e4hk\u00f6st\u00e4 <strong>Usein kysytty\u00e4<\/strong> -sivulle.<\/p>\n\n\n\n<p><strong>Materiaaleihin<\/strong> on poimittu keskeisi\u00e4 asiakirjoja, \njoista useat ovat helposti saatavilla verkossa. Mukana on muutama \nruotsin- ja englanninkielinen julkaisu, sill\u00e4 vesivoiman \nluontovaikutuksista on saatavilla vain niukasti yleistajuista \nmateriaalia suomeksi.<\/p>\n\n\n\n<p><strong>Sanastossa<\/strong> esittelemme vesivoiman luontovaikutuksien terminologiaa, mik\u00e4 toivottavasti auttaa tiedon l\u00e4hteisin tutustuessasi.<\/p>\n\n\n\n<p>Lopuksi esittelemme my\u00f6s t\u00e4m\u00e4n sivuston <strong>tekij\u00e4t<\/strong>.<\/p>\n","protected":false},"excerpt":{"rendered":"<p>Kokosimme usein toistuvia kysymysi\u00e4 ja vastauksia vesivoimas\u00e4hk\u00f6st\u00e4 Usein kysytty\u00e4 -sivulle. Materiaaleihin on poimittu keskeisi\u00e4 asiakirjoja, joista useat ovat helposti saatavilla verkossa. Mukana on muutama ruotsin- ja englanninkielinen julkaisu, sill\u00e4 vesivoiman luontovaikutuksista on saatavilla vain niukasti yleistajuista materiaalia suomeksi. Sanastossa esittelemme vesivoiman luontovaikutuksien terminologiaa, mik\u00e4 toivottavasti auttaa tiedon l\u00e4hteisin tutustuessasi. Lopuksi esittelemme my\u00f6s t\u00e4m\u00e4n sivuston tekij\u00e4t.<\/p>\n","protected":false},"author":4,"featured_media":0,"parent":0,"menu_order":0,"comment_status":"closed","ping_status":"closed","template":"","meta":[],"_links":{"self":[{"href":"https:\/\/www.vesivoimanluonto.org\/fi\/wp-json\/wp\/v2\/pages\/583"}],"collection":[{"href":"https:\/\/www.vesivoimanluonto.org\/fi\/wp-json\/wp\/v2\/pages"}],"about":[{"href":"https:\/\/www.vesivoimanluonto.org\/fi\/wp-json\/wp\/v2\/types\/page"}],"author":[{"embeddable":true,"href":"https:\/\/www.vesivoimanluonto.org\/fi\/wp-json\/wp\/v2\/users\/4"}],"replies":[{"embeddable":true,"href":"https:\/\/www.vesivoimanluonto.org\/fi\/wp-json\/wp\/v2\/comments?post=583"}],"version-history":[{"count":1,"href":"https:\/\/www.vesivoimanluonto.org\/fi\/wp-json\/wp\/v2\/pages\/583\/revisions"}],"predecessor-version":[{"id":584,"href":"https:\/\/www.vesivoimanluonto.org\/fi\/wp-json\/wp\/v2\/pages\/583\/revisions\/584"}],"wp:attachment":[{"href":"https:\/\/www.vesivoimanluonto.org\/fi\/wp-json\/wp\/v2\/media?parent=583"}],"curies":[{"name":"wp","href":"https:\/\/api.w.org\/{rel}","templated":true}]}}