{"id":587,"date":"2019-10-24T13:47:24","date_gmt":"2019-10-24T13:47:24","guid":{"rendered":"http:\/\/stevenv9.sg-host.com\/?page_id=587"},"modified":"2019-10-24T13:47:25","modified_gmt":"2019-10-24T13:47:25","slug":"materiaalit","status":"publish","type":"page","link":"https:\/\/www.vesivoimanluonto.org\/fi\/ekstrat\/materiaalit\/","title":{"rendered":"Materiaalit"},"content":{"rendered":"\n<p>T\u00e4m\u00e4n sivuston laadinnassa on k\u00e4ytetty viittein\u00e4 tai virikkeen\u00e4 \nlaajaa m\u00e4\u00e4r\u00e4\u00e4 kirjallisuutta ja l\u00e4hteit\u00e4, jotka on t\u00e4ss\u00e4 luetteloitu.<\/p>\n\n\n\n<h3>Vesivoima Suomessa<\/h3>\n\n\n\n<p>Vesikartta. Suomen ymp\u00e4rist\u00f6keskus. paikkatieto.ymparisto.fi\/vesikartta\/<\/p>\n\n\n\n<p>Vesivoimatuotannon m\u00e4\u00e4r\u00e4 ja lis\u00e4\u00e4mismahdollisuudet Suomessa. Kauppa- \nja teollisuusministeri\u00f6 ja Energiateollisuus 2005. \nhttps:\/\/www.motiva.fi\/files\/700\/vesivoimatuotannon-maara-ja-lisaamismahdollisuudet-suomessa.pdf<\/p>\n\n\n\n<p>Voimaa vedest\u00e4. Selvitys vesivoiman lis\u00e4rakentamismahdollisuuksista. \nEnergiateollisuus ry ja Vesirakentaja Oy 2007. \nhttp:\/\/www.vesirakentaja.fi\/html\/Voimaa%20vedesta%202007%2012082010.pdf<\/p>\n\n\n\n<h3>Vesivoimaa koskevat lait ja luvitus<\/h3>\n\n\n\n<p>Vesilaki. Oikeusministeri\u00f6. <em>http:\/\/www.finlex.fi\/fi\/laki\/ajantasa\/2011\/20110587<\/em><\/p>\n\n\n\n<p><a href=\"https:\/\/www.ely-keskus.fi\/web\/ely\/-\/lapin-ely-keskus-vaatii-kalateiden-rakentamista-kemijokeen-lappi-\" target=\"_blank\" rel=\"noreferrer noopener\">Lapin ELY-keskus vaatii kalateiden rakentamista Kemijokeen<\/a> \u2013 ELY-keskus tiedote 17.3.2017<\/p>\n\n\n\n<p>L\u00f6yttyj\u00e4rvi, M.-L.: Vesivoima omaisuutena ja virtavesi elinymp\u00e4rist\u00f6n\u00e4. Ymp\u00e4rist\u00f6juridiikka 1\/2013 s. 30-60<\/p>\n\n\n\n<p>Selvitys Suomen alle 5 MW:n vesivoimalaitosten sek\u00e4 niihin \nv\u00e4litt\u00f6m\u00e4sti liittyvien s\u00e4\u00e4nn\u00f6stelyhankkeieen vesilain mukaisten lupien \nkalatalousvelvotteista. Varsinais-Suomen ELY ja LInnunmaa Oy 2017<\/p>\n\n\n\n<h3>Vesivoiman luontovaikutukset<\/h3>\n\n\n\n<p>Gibson, J. R.: The Myth of Hydroelectricity as \u201dGreen\u201d Energy. Canadian Society of Environmental Biologists 2002.<\/p>\n\n\n\n<p>Jansson, R.: The biological cost of hydropower. CCB report 2002:2.&nbsp; \nCoalition Clean Baltic. \nhttp:\/\/www.ccb.se\/publications\/#p-harmful-installations-maritime-transport<\/p>\n\n\n\n<p>Jonsson, M. Rikedomar runt rinnande vatten \u2013 De ekonomiska v\u00e4rdena av\n en milj\u00f6anpassad vattenkraft. WWF, Sportfiskarna, Naturskyddsf\u00f6rening, \n\u00c4lvr\u00e4ddarna. 2015.<\/p>\n\n\n\n<p>N\u00e4slund, I. et al.: Vattenkraftens p\u00e5verkan p\u00e5 akvatiska ekosystem \u2013 \nen litteratursammanst\u00e4llning. Havs- och vattenmyndighetens rapport \n2013:10. \nhttps:\/\/www.havochvatten.se\/hav\/uppdrag\u2013kontakt\/publikationer\/publikationer\/2013-10-15-vattenkraftens-paverkan-pa-akvatiska-ekosystem.html<\/p>\n\n\n\n<p>M\u00f6llersten, B.: Hydropower Hotspots in the Baltic Sea Catchment Area. Coalition Clean Baltic 2006.<\/p>\n\n\n\n<p>Lajien uhanalaisuus. Suomen ymp\u00e4rist\u00f6keskus. http:\/\/www.ymparisto.fi\/fi-FI\/Luonto\/Lajit\/Uhanalaiset_lajit<\/p>\n\n\n\n<p>Luontotyyppien uhanalaisuus. Suomen ymp\u00e4rist\u00f6keskus. http:\/\/www.ymparisto.fi\/luontotyyppienuhanalaisuus<\/p>\n\n\n\n<p>Saimaan uhanalaiset lohikalat. ELY-keskus. <em>http:\/\/www.jarvilohi.fi\/fi\/etusivu\/<\/em><\/p>\n\n\n\n<h3>Luontovaikutusten tutkimus, seuranta ja korjaaminen<\/h3>\n\n\n\n<p>Bruder et al.: A conceptual framework for hydropeaking mitigation. Science of the Total Environment 568 (2016) 1204-1212<\/p>\n\n\n\n<p>Eloranta, A.: Virtavesien kunnostus. Kalatalouden keskusliitto 2010<\/p>\n\n\n\n<p>Hirsch, P. E. et al: Effects of water level regulation in alpine \nhydropower reservoirs: an ecosystem perspective with a special emphasis \non fish. Hydrobiologia (2017) 794:287-301.<\/p>\n\n\n\n<p>Hammarlund, K.: Salmonid fish passages in the rivers Helge, M\u00f6rrum and Em\u00e5n in the South of Sweden. Coalition Clean Baltic 2006.<\/p>\n\n\n\n<p>Hanski, M. Jokien rakenteellisen tilan arviointi \u2013 Taustaa EU:n \nvesipolitiikan puitedirektiivin toimeenpanolle Suomen virtavesiss\u00e4. \nSuomen ymp\u00e4rist\u00f6 379. Suomen ymp\u00e4rist\u00f6keskus 2000.<\/p>\n\n\n\n<p>Hanski, M. ja Jormola, J.: Luonnonmukainen vesirakentaminen \nSveitsiss\u00e4 ja It\u00e4vallassa. Suomen ymp\u00e4rist\u00f6keskuksen moniste 187. Suomen\n ymp\u00e4rist\u00f6keskus 2000<\/p>\n\n\n\n<p>Jormola et al.: Luonnonmukainen vesirakentaminen \u2013 Mahdollisuudet ja \nerityispiirteet Suomessa. Suomen ymp\u00e4rist\u00f6 265. Suomen ymp\u00e4rist\u00f6keskus \n1998<\/p>\n\n\n\n<p>Jormola et al.: Ohitusuomista ja puroista korvaavia vaelluskalojen \nlis\u00e4\u00e4ntymisalueita Iijoen alaosalle. Raportti, PienvesiGIS-hanke. Suomen\n ymp\u00e4rist\u00f6keskus 2015.<\/p>\n\n\n\n<p>Jormola, J., Harula, H. ja Sarvilinna, A. (toim.) Luonnonmukainen \nvesirakentaminen. Uusia n\u00e4k\u00f6kulmia vesist\u00f6suunnitteluun. Suomen \nymp\u00e4rist\u00f6 631. Suomen ymp\u00e4rist\u00f6keskus 2003<\/p>\n\n\n\n<p>Kansallinen kalatiestrategia. Maa- ja mets\u00e4talousministeri\u00f6. <em>http:\/\/mmm.fi\/kalat\/strategiat-ja-ohjelmat\/kalatiestrategia<\/em><\/p>\n\n\n\n<p>Kalatiestrategian taustaselvitys. Maa- ja mets\u00e4talousministeri\u00f6 \nhttp:\/\/mmm.fi\/documents\/1410837\/1708289\/2012+90+(1-2012)+Kalatiestrategian+taustaselvitykset\/9efd0417-ada3-44b3-a480-5fab411e24c6<\/p>\n\n\n\n<p>Karppinen P., V\u00e4h\u00e4, J.-P. ja Vehanen, T.: Lohen vaelluspoikasten \nk\u00e4ytt\u00e4ytyminen ja kuolleisuus Mustionjoen voimalaitoksilla. Julkaisu \n281\/2018. L\u00e4nsi-Uudenmaan Vesi ja Ymp\u00e4rist\u00f6 ry<\/p>\n\n\n\n<p>Karjalainen, T. P. et al.: Monitavoitearviointi Iijoen vaelluskalojen\n palauttamisen tukena. Suomen ymp\u00e4rist\u00f6 11. Suomen ymp\u00e4rist\u00f6keskus 2011.<\/p>\n\n\n\n<p>Koljonen et al.: Vaelluskalakantojen elvytt\u00e4minen \u2013 Ymp\u00e4rist\u00f6virtaama\n ja muut ratkaisut. Valtioneuvosto 2017. \nhttp:\/\/www.ymparisto.fi\/fi-FI\/Vesi\/Lisaa_virtaa_vaelluskalakantojen_elvytta(44875)<\/p>\n\n\n\n<p>Koljonen et al.: Ymp\u00e4rist\u00f6virtaaman m\u00e4\u00e4ritt\u00e4minen erityyppisiss\u00e4 \njokivesist\u00f6iss\u00e4. Hankkeen loppuraportti. Suomen ymp\u00e4rist\u00f6keskus 2016.<\/p>\n\n\n\n<p>Lindholm, T. (toim.): Vuotoksen alueen luonto. Luonto ja luonnonvarat 635. Suomen ymp\u00e4rist\u00f6keskus 2003.<\/p>\n\n\n\n<p>Moilanen, A. ja Kotiaho, J. Ekologisen hyvityksen m\u00e4\u00e4ritt\u00e4misen \nt\u00e4rke\u00e4t operatiiviset p\u00e4\u00e4t\u00f6kset. Suomen ymp\u00e4rist\u00f6 5\/2017. \nYmp\u00e4rist\u00f6ministeri\u00f6 2017.<\/p>\n\n\n\n<p><a href=\"https:\/\/www.google.fi\/url?sa=t&amp;rct=j&amp;q=&amp;esrc=s&amp;source=web&amp;cd=6&amp;ved=0ahUKEwi2maOu2-3YAhVFhiwKHSR8B20QFghEMAU&amp;url=http%3A%2F%2Fwww.korjaustieto.fi%2Fdownload%2Fnoname%2F%257B61AD21AE-A932-4245-8559-31A1F097AF66%257D%2F99279&amp;usg=AOvVaw3i5TxywmZjqGU6LaihPfey\" target=\"_blank\" rel=\"noreferrer noopener\">Merikosken kalatien toimivuuden tehostamistarpeet ja -mahdollisuudet.<\/a> Pohjois-Pohjanmaan ELY 2011; katso my\u00f6s artikkeli <a href=\"https:\/\/yle.fi\/uutiset\/3-9145223\" target=\"_blank\" rel=\"noreferrer noopener\">Kalatien toimivuudessa on hurjia eroja \u2013 Suomi on per\u00e4npit\u00e4j\u00e4<\/a>. YLE 2016.<\/p>\n\n\n\n<p><a href=\"https:\/\/www.ely-keskus.fi\/documents\/8849951\/16465766\/Lohen+kutuvaellus+Kymijoessa%2Btalvikkoseuranta+FINAL_22.7.2013.pdf\/542321c9-2da5-4836-8c87-f9c6dd308724\" target=\"_blank\" rel=\"noreferrer noopener\">Lohen nousuvaellus Kymijoessa vuonna 2012<\/a>. Kala- ja Vesitutkimus Oy.<\/p>\n\n\n\n<p>Tarvainen et al.: Koitereen s\u00e4\u00e4nn\u00f6stelyn vaikutukset ja \nkehitt\u00e4nismahdollisuudet. Suomen ymp\u00e4rist\u00f6 37. Suomen ymp\u00e4rist\u00f6keskus \n2006.<\/p>\n\n\n\n<h3>Foorumit<\/h3>\n\n\n\n<p>Vesitalous-lehti. Ymp\u00e4rist\u00f6viestint\u00e4 YVT Oy. https:\/\/www.vesitalous.fi\/<\/p>\n\n\n\n<p>Vesist\u00f6kunnostusverkosto. Suomen ymp\u00e4rist\u00f6keskus. http:\/\/www.ymparisto.fi\/fi-FI\/Vesistokunnostusverkosto<\/p>\n\n\n\n<p>Rakennettujen jokien tutkimusohjelma. Luonnonvarakeskus. <em>http:\/\/www.rktl.fi\/kala\/rakennetut_joet\/<\/em><\/p>\n\n\n\n<h3>Muuta kirjallisuutta vesivoimasta ja vesiuonnosta<\/h3>\n\n\n\n<p>Annanpalo, H.: Lappi luovuttaa elinvoimaansa. Ss.115-133 teoksessa Lappi, osa 2. Karisto 1984<\/p>\n\n\n\n<p>Auer, J ja Teerim\u00e4ki, N.: Puoli vuosisataa Imatran voimaa. Kirjapaino F. G.L\u00f6nnberg 1982<\/p>\n\n\n\n<p>Haakana, H.: Vesist\u00f6opas. Suomen luonnonsuojeluliitto 2017<\/p>\n\n\n\n<p>H\u00e4yrinen, U.: Suo. Kirjayhtym\u00e4 1970<\/p>\n\n\n\n<p>Massa, I.: Lapin luonnonvarojen tehok\u00e4ytt\u00f6 toisen maailmansodan j\u00e4lkeen. Ss. 247-271 teoksessa Lappi, osa 2. Karisto 1984<\/p>\n\n\n\n<p>Mustonen, O ja Lahdenper\u00e4, P.: Vesivoima, sen k\u00e4ytt\u00f6 ja s\u00e4\u00e4nn\u00f6stely Lapissa. Ss. 361-389 teoksessa Lappi, osa 3. Karisto 1984<\/p>\n\n\n\n<p>Kilpinen, K. Suomen rapu. Ravun nousu, tuho ja tulevaisuus. Edita 2003.<\/p>\n\n\n\n<p>Pulliainen, E., Pietil\u00e4, U. A.: Merilohi. Edita 1997<\/p>\n\n\n\n<p>Seppovaara, O.: Kymijoki \u2013 Virran kohtaloita vuosisatojen saatossa. Kouvolan kirjapaino 1988<\/p>\n\n\n\n<p>Suomen luonto, osa 4 Vedet. Kirjayhtym\u00e4 1981<\/p>\n\n\n\n<p>Walls et al. (toim.): Veden varassa \u2013 Suomen vesiluonnon monimuotoisuus. Edita 2004.<\/p>\n\n\n\n<h3>Vesivoiman ilmastop\u00e4\u00e4st\u00f6t<\/h3>\n\n\n\n<p><a href=\"https:\/\/www.theguardian.com\/global-development\/2016\/nov\/14\/hydroelectric-dams-emit-billion-tonnes-greenhouse-gas-methane-study-climate-change\" target=\"_blank\" rel=\"noreferrer noopener\">Hydroelectric dams emit a billion tonnes of greenhouse gases a year, study finds<\/a>. The Guardian, 2016.<\/p>\n\n\n\n<p><a href=\"https:\/\/www.theguardian.com\/sustainable-business\/2016\/nov\/06\/hydropower-hydroelectricity-methane-clean-climate-change-study\" target=\"_blank\" rel=\"noreferrer noopener\">The hydropower paradox: is this energy as clean as it seems?<\/a> The Guardian 2016.<\/p>\n\n\n\n<p>Bridget et al. (2016): <a href=\"https:\/\/academic.oup.com\/bioscience\/article\/66\/11\/949\/2754271\" target=\"_blank\" rel=\"noreferrer noopener\">Greenhouse Gas Emissions from Reservoir Water Surfaces: A New Global Synthesis<\/a>. BioScience Vol 66 No.11.<\/p>\n\n\n\n<p><a href=\"https:\/\/www.newscientist.com\/article\/dn7046-hydroelectric-powers-dirty-secret-revealed\/\" target=\"_blank\" rel=\"noreferrer noopener\">Hydroelectric power\u2019s dirty secred revealed<\/a>. New Scientist, 2005.<\/p>\n\n\n\n<p>Huttunen et al. (2002): <a href=\"https:\/\/www.researchgate.net\/profile\/Seppo_Hellsten\/publication\/248816979_Fluxes_of_CH4_CO2_and_N2O_in_hydroelectric_reservoirs_Lokka_and_Porttipahta_in_the_northern_boreal_zone_in_Finland\/links\/5640c4d008ae24cd3e409ea7\/Fluxes-of-CH4-CO2-and-N2O-in-hydroelectric-reservoirs-Lokka-and-Porttipahta-in-the-northern-boreal-zone-in-Finland.pdf\" target=\"_blank\" rel=\"noreferrer noopener\">Fluxes of CH4, CO2 and N2O in hyrdoelectric reservoirs Lokka and Porttipahta in northern boreal zone in Finland<\/a> . Global Biochemical Cycles, vol. 16.<\/p>\n\n\n\n<p><a href=\"http:\/\/ilmatieteenlaitos.fi\/ilmakeha-abc\" target=\"_blank\" rel=\"noreferrer noopener\">Ilmakeh\u00e4-ABC<\/a> \u2013&nbsp; Ilmatieteen laitos<\/p>\n\n\n\n<p><a href=\"https:\/\/ilmasto-opas.fi\/fi\/\" target=\"_blank\" rel=\"noreferrer noopener\">Ilmasto-opas<\/a> \u2013 SYKE, Ilmatieteen laitos ja Aalto-yliopisto<\/p>\n\n\n\n<p><a href=\"https:\/\/www.internationalrivers.org\/resources\/greenhouse-gas-emissions-from-dams-faq-4064\" target=\"_blank\" rel=\"noreferrer noopener\">Greenhouse gases from dams<\/a> \u2013 International rivers<\/p>\n","protected":false},"excerpt":{"rendered":"<p>T\u00e4m\u00e4n sivuston laadinnassa on k\u00e4ytetty viittein\u00e4 tai virikkeen\u00e4 laajaa m\u00e4\u00e4r\u00e4\u00e4 kirjallisuutta ja l\u00e4hteit\u00e4, jotka on t\u00e4ss\u00e4 luetteloitu. Vesivoima Suomessa Vesikartta. Suomen ymp\u00e4rist\u00f6keskus. paikkatieto.ymparisto.fi\/vesikartta\/ Vesivoimatuotannon m\u00e4\u00e4r\u00e4 ja lis\u00e4\u00e4mismahdollisuudet Suomessa. Kauppa- ja teollisuusministeri\u00f6 ja Energiateollisuus 2005. https:\/\/www.motiva.fi\/files\/700\/vesivoimatuotannon-maara-ja-lisaamismahdollisuudet-suomessa.pdf Voimaa vedest\u00e4. Selvitys vesivoiman lis\u00e4rakentamismahdollisuuksista. Energiateollisuus ry ja Vesirakentaja Oy 2007. http:\/\/www.vesirakentaja.fi\/html\/Voimaa%20vedesta%202007%2012082010.pdf Vesivoimaa koskevat lait ja luvitus Vesilaki. Oikeusministeri\u00f6. http:\/\/www.finlex.fi\/fi\/laki\/ajantasa\/2011\/20110587 &hellip;<\/p>\n<p class=\"read-more\"> <a class=\"\" href=\"https:\/\/www.vesivoimanluonto.org\/fi\/ekstrat\/materiaalit\/\"> <span class=\"screen-reader-text\">Materiaalit<\/span> Lue lis\u00e4\u00e4 \u00bb<\/a><\/p>\n","protected":false},"author":4,"featured_media":0,"parent":583,"menu_order":2,"comment_status":"closed","ping_status":"closed","template":"","meta":[],"_links":{"self":[{"href":"https:\/\/www.vesivoimanluonto.org\/fi\/wp-json\/wp\/v2\/pages\/587"}],"collection":[{"href":"https:\/\/www.vesivoimanluonto.org\/fi\/wp-json\/wp\/v2\/pages"}],"about":[{"href":"https:\/\/www.vesivoimanluonto.org\/fi\/wp-json\/wp\/v2\/types\/page"}],"author":[{"embeddable":true,"href":"https:\/\/www.vesivoimanluonto.org\/fi\/wp-json\/wp\/v2\/users\/4"}],"replies":[{"embeddable":true,"href":"https:\/\/www.vesivoimanluonto.org\/fi\/wp-json\/wp\/v2\/comments?post=587"}],"version-history":[{"count":1,"href":"https:\/\/www.vesivoimanluonto.org\/fi\/wp-json\/wp\/v2\/pages\/587\/revisions"}],"predecessor-version":[{"id":588,"href":"https:\/\/www.vesivoimanluonto.org\/fi\/wp-json\/wp\/v2\/pages\/587\/revisions\/588"}],"up":[{"embeddable":true,"href":"https:\/\/www.vesivoimanluonto.org\/fi\/wp-json\/wp\/v2\/pages\/583"}],"wp:attachment":[{"href":"https:\/\/www.vesivoimanluonto.org\/fi\/wp-json\/wp\/v2\/media?parent=587"}],"curies":[{"name":"wp","href":"https:\/\/api.w.org\/{rel}","templated":true}]}}