{"id":589,"date":"2019-10-24T13:49:06","date_gmt":"2019-10-24T13:49:06","guid":{"rendered":"http:\/\/stevenv9.sg-host.com\/?page_id=589"},"modified":"2019-10-24T13:49:08","modified_gmt":"2019-10-24T13:49:08","slug":"sanasto","status":"publish","type":"page","link":"https:\/\/www.vesivoimanluonto.org\/fi\/ekstrat\/sanasto\/","title":{"rendered":"Sanasto"},"content":{"rendered":"\n<p><em>Sanasto t\u00e4ydentyy.<\/em><\/p>\n\n\n\n<p><strong>A<\/strong><\/p>\n\n\n\n<p>Ajautuminen \u2013 drift<\/p>\n\n\n\n<p>Alajuoksu \u2013 downstream<\/p>\n\n\n\n<p>Alakanava \u2013 lower channel<\/p>\n\n\n\n<p>Alasvaellus \u2013 downstream migration<\/p>\n\n\n\n<p>Alavesi<\/p>\n\n\n\n<p>Alivirtaama. Pienin vuositasolla havaittava virtaama, kuutiometri\u00e4 sekunnissa (m3\/s)<\/p>\n\n\n\n<p><strong>E<\/strong><\/p>\n\n\n\n<p>Ekologinen\n hyvitys, kompensaatio \u2013 biodiversity offsetting, ecological \ncompensation, compensatory mitigation. Ihmistoiminnan luonnon \nelinymp\u00e4rist\u00f6lle aiheuttama haitta korvataan parantamalla elinymp\u00e4rist\u00f6n\n tilaa muualla. Ekologinen hyvitys on nelj\u00e4s porras ns. \nlievennyshierarkiaa, jossa kielteisi\u00e4 ymp\u00e4rist\u00f6vaikutuksia 1. v\u00e4ltet\u00e4\u00e4n,\n 2. minimoidaan, 3. ennallistetaan haitta-alueella ja 4. hyvitet\u00e4\u00e4n \nmuualla. <\/p>\n\n\n\n<p>Ekologinen virtaama \u2013 ecological flow<\/p>\n\n\n\n<p>Elinkierto<\/p>\n\n\n\n<p>Elohopea \u2013 quick silver<\/p>\n\n\n\n<p>Eroosio, kuluminen \u2013 erosion<\/p>\n\n\n\n<p><strong>H<\/strong><\/p>\n\n\n\n<p>Houkutusvirtaama \u2013 attraction flow<\/p>\n\n\n\n<p>Hybridikalatie \u2013 kalatie, joka osa on toteutettu luonnonmukaisena ohitusuomana ja osa teknisen\u00e4 kalatien\u00e4.<\/p>\n\n\n\n<p>Hyyde<\/p>\n\n\n\n<p><strong>J<\/strong><\/p>\n\n\n\n<p>Jokijatkumo \u2013 river continuity, continuum<\/p>\n\n\n\n<p>Jokik\u00e4yt\u00e4v\u00e4<\/p>\n\n\n\n<p>Juoksutus \u2013 discharge<\/p>\n\n\n\n<p>J\u00e4\u00e4kansi<\/p>\n\n\n\n<p><strong>K<\/strong><\/p>\n\n\n\n<p>Kalahissi<\/p>\n\n\n\n<p>Kalankulku \u2013 fish migration<\/p>\n\n\n\n<p>Kalatalousvelvoite<\/p>\n\n\n\n<p>Kalatie \u2013 fish passage. My\u00f6s: Kalaporras<\/p>\n\n\n\n<p>Kasautuminen<\/p>\n\n\n\n<p>Katkok\u00e4ytt\u00f6 \u2013 shortcutting<\/p>\n\n\n\n<p>Kavitaatio<\/p>\n\n\n\n<p>Keskivirtaama<\/p>\n\n\n\n<p>Koski \u2013 rapid<\/p>\n\n\n\n<p>Kuiva uoma \u2013 dry reach<\/p>\n\n\n\n<p>Kutualue \u2013 spawning ground<\/p>\n\n\n\n<p><strong>L<\/strong><\/p>\n\n\n\n<p>Laji \u2013 species <\/p>\n\n\n\n<p>Liete, liettyminen<\/p>\n\n\n\n<p>Lievennys \u2013 mitigation<\/p>\n\n\n\n<p>Lohikalat \u2013 salmonid fish<\/p>\n\n\n\n<p>Luonnonmukainen kalatie\/ohitusuoma<\/p>\n\n\n\n<p>Luontotyyppi \u2013 habitat<\/p>\n\n\n\n<p>Lyhytaikaiss\u00e4\u00e4nn\u00f6stely\n \u2013 hydropeaking. Voimalan l\u00e4pi juoksutettavan vesim\u00e4\u00e4r\u00e4n merkitt\u00e4v\u00e4 ja \ns\u00e4\u00e4nn\u00f6nmukainen vaihteleminen lyhyen aikav\u00e4lin sis\u00e4ll\u00e4 siten, ett\u00e4 yl\u00e4- \nja alapuolisen jokiuoman vesi vuoroin nousee tai laskee \npulssinomaisesti. Esimerkiksi vuorokausis\u00e4\u00e4nn\u00f6stely.<\/p>\n\n\n\n<p>L\u00e4pivirtausvoimala<\/p>\n\n\n\n<p><strong>M<\/strong><\/p>\n\n\n\n<p>Maksimivirtaama<\/p>\n\n\n\n<p>Meriyhteys, vaellusyhteys<\/p>\n\n\n\n<p>Metaani \u2013 methan<\/p>\n\n\n\n<p>Minimivirtaama<\/p>\n\n\n\n<p>Minivesivoimala \u2013 mini-scale hydropower plant<\/p>\n\n\n\n<p>Meanderointi \u2013 <\/p>\n\n\n\n<p>Musta vy\u00f6hyke<\/p>\n\n\n\n<p><strong>N<\/strong><\/p>\n\n\n\n<p>Niva<\/p>\n\n\n\n<p><strong>O<\/strong><\/p>\n\n\n\n<p>Ohitusuoma \u2013 bypass channel<\/p>\n\n\n\n<p><strong>P<\/strong><\/p>\n\n\n\n<p>Pato \u2013 dam, impoundment<\/p>\n\n\n\n<p>Pienvesivoima \u2013 small-scale hydropower plant<\/p>\n\n\n\n<p>Pohjael\u00e4imet.\n Hy\u00f6nteisten toukkavaiheita, jotka pilkkovat, ker\u00e4\u00e4v\u00e4t ja suodattavat \nravintoa, my\u00f6s jokirannoilta per\u00e4isin olevaa kariketta ravinnokseen.<\/p>\n\n\n\n<p>Poikastuotantoalue<\/p>\n\n\n\n<p>Pohjapato<\/p>\n\n\n\n<p>Pohjael\u00e4imet <\/p>\n\n\n\n<p>Pumppuvoimala<\/p>\n\n\n\n<p>Pudotuskorkeus<\/p>\n\n\n\n<p>Pystyrakokalatie <\/p>\n\n\n\n<p><strong>R<\/strong><\/p>\n\n\n\n<p>Raakku, jokihelmisimpukka \u2013 fresh water pearl mussel.<\/p>\n\n\n\n<p>Rakennettu (allastettu, porrastettu) joki <\/p>\n\n\n\n<p>Rakennusvirtaama \u2013 minimum turbin discharge<\/p>\n\n\n\n<p>Rantavy\u00f6hyke \u2013 riparian zone<\/p>\n\n\n\n<p>Rantavy\u00f6rym\u00e4<\/p>\n\n\n\n<p><strong>S<\/strong><\/p>\n\n\n\n<p>Sahi<\/p>\n\n\n\n<p>Sedimentti, (hieno)aines \u2013 (fine) sediment<\/p>\n\n\n\n<p>Smoltti \u2013 smolt<\/p>\n\n\n\n<p>Sora, soraikko<\/p>\n\n\n\n<p>Suppo<\/p>\n\n\n\n<p>Suvanto<\/p>\n\n\n\n<p>Suurvesivoimala \u2013 large-scale hydropower plant<\/p>\n\n\n\n<p>S\u00e4hk\u00f6verkko \u2013 electricity network<\/p>\n\n\n\n<p>S\u00e4hk\u00f6markkinat \u2013 electicity market<\/p>\n\n\n\n<p>S\u00e4hk\u00f6virta \u2013 electicity flow<\/p>\n\n\n\n<p>S\u00e4\u00e4nn\u00f6stely \u2013 regulation<\/p>\n\n\n\n<p>S\u00e4\u00e4nn\u00f6stelyallas \u2013 (storage) reservoir<\/p>\n\n\n\n<p>S\u00e4\u00e4nn\u00f6stelypato \u2013 <\/p>\n\n\n\n<p>S\u00e4\u00e4t\u00f6voima<\/p>\n\n\n\n<p><strong>T<\/strong><\/p>\n\n\n\n<p>Taajuus \u2013 frequency<\/p>\n\n\n\n<p>Taajuusohjattu k\u00e4ytt\u00f6reservi<\/p>\n\n\n\n<p>Taajuusohjattu h\u00e4iri\u00f6reservi<\/p>\n\n\n\n<p>Teho<\/p>\n\n\n\n<p>Tehonnosto<\/p>\n\n\n\n<p>Tekninen kalatie<\/p>\n\n\n\n<p>Tippavoimala<\/p>\n\n\n\n<p>Tulovirtaama.\n Voimalaitoksen kohdalle saapuva virtaama, joka voidaan ohjata \nturbiineihin, ohitusuomaan tai padota, kuutiometri\u00e4 sekunnissa (m3\/s)<\/p>\n\n\n\n<p>Tulvahuippu \u2013 flood peak<\/p>\n\n\n\n<p>Tulvarytmi \u2013 flood regime<\/p>\n\n\n\n<p>Tulvatasanne \u2013 flood plain<\/p>\n\n\n\n<p>Turbiini \u2013 turbin<\/p>\n\n\n\n<p>Turbiinivirta<\/p>\n\n\n\n<p><strong>U<\/strong><\/p>\n\n\n\n<p>Uhanalainen \u2013 threathened<\/p>\n\n\n\n<p>Uoma \u2013 <\/p>\n\n\n\n<p>Uoman pohja \u2013 river bed<\/p>\n\n\n\n<p>Uposlehtinen<\/p>\n\n\n\n<p><strong>V<\/strong><\/p>\n\n\n\n<p>Vaelluseste<\/p>\n\n\n\n<p>Vaelluskala \u2013 migratory fish<\/p>\n\n\n\n<p>Vapaa joki \u2013 free-flowing river<\/p>\n\n\n\n<p>Vesirakentaminen \u2013 river engineering<\/p>\n\n\n\n<p>Vesist\u00f6, vesist\u00f6alue<\/p>\n\n\n\n<p>Vesitys \u2013 watering<\/p>\n\n\n\n<p>Vesivoima \u2013 hydropower<\/p>\n\n\n\n<p>Virtaama, virtaus \u2013 flow, velocity<\/p>\n\n\n\n<p>Virtakutuinen<\/p>\n\n\n\n<p>Virtapaikka \u2013 stream<\/p>\n\n\n\n<p>Virtaush\u00e4vi\u00f6 <\/p>\n\n\n\n<p>Virtausolot, virtausrytmi \u2013 flow regime<\/p>\n\n\n\n<p>Voimalapato \u2013 hydropower dam<\/p>\n\n\n\n<p><strong>Y<\/strong><\/p>\n\n\n\n<p>Ylivirtaama. Suurin vuositasolla havaittava virtaama, kuutiometri\u00e4 sekunnissa (m3\/s)<\/p>\n\n\n\n<p>Yl\u00e4juoksu \u2013 upstream<\/p>\n\n\n\n<p>Ymp\u00e4rist\u00f6virtaama \u2013 environmental flow<\/p>\n\n\n\n<p>Yl\u00e4vesi <\/p>\n\n\n\n<p>Yl\u00f6svaellus \u2013 upstream migration<\/p>\n","protected":false},"excerpt":{"rendered":"<p>Sanasto t\u00e4ydentyy. A Ajautuminen \u2013 drift Alajuoksu \u2013 downstream Alakanava \u2013 lower channel Alasvaellus \u2013 downstream migration Alavesi Alivirtaama. Pienin vuositasolla havaittava virtaama, kuutiometri\u00e4 sekunnissa (m3\/s) E Ekologinen hyvitys, kompensaatio \u2013 biodiversity offsetting, ecological compensation, compensatory mitigation. Ihmistoiminnan luonnon elinymp\u00e4rist\u00f6lle aiheuttama haitta korvataan parantamalla elinymp\u00e4rist\u00f6n tilaa muualla. Ekologinen hyvitys on nelj\u00e4s porras ns. lievennyshierarkiaa, jossa &hellip;<\/p>\n<p class=\"read-more\"> <a class=\"\" href=\"https:\/\/www.vesivoimanluonto.org\/fi\/ekstrat\/sanasto\/\"> <span class=\"screen-reader-text\">Sanasto<\/span> Lue lis\u00e4\u00e4 \u00bb<\/a><\/p>\n","protected":false},"author":4,"featured_media":0,"parent":583,"menu_order":3,"comment_status":"closed","ping_status":"closed","template":"","meta":[],"_links":{"self":[{"href":"https:\/\/www.vesivoimanluonto.org\/fi\/wp-json\/wp\/v2\/pages\/589"}],"collection":[{"href":"https:\/\/www.vesivoimanluonto.org\/fi\/wp-json\/wp\/v2\/pages"}],"about":[{"href":"https:\/\/www.vesivoimanluonto.org\/fi\/wp-json\/wp\/v2\/types\/page"}],"author":[{"embeddable":true,"href":"https:\/\/www.vesivoimanluonto.org\/fi\/wp-json\/wp\/v2\/users\/4"}],"replies":[{"embeddable":true,"href":"https:\/\/www.vesivoimanluonto.org\/fi\/wp-json\/wp\/v2\/comments?post=589"}],"version-history":[{"count":1,"href":"https:\/\/www.vesivoimanluonto.org\/fi\/wp-json\/wp\/v2\/pages\/589\/revisions"}],"predecessor-version":[{"id":590,"href":"https:\/\/www.vesivoimanluonto.org\/fi\/wp-json\/wp\/v2\/pages\/589\/revisions\/590"}],"up":[{"embeddable":true,"href":"https:\/\/www.vesivoimanluonto.org\/fi\/wp-json\/wp\/v2\/pages\/583"}],"wp:attachment":[{"href":"https:\/\/www.vesivoimanluonto.org\/fi\/wp-json\/wp\/v2\/media?parent=589"}],"curies":[{"name":"wp","href":"https:\/\/api.w.org\/{rel}","templated":true}]}}