{"id":591,"date":"2019-10-24T13:50:01","date_gmt":"2019-10-24T13:50:01","guid":{"rendered":"http:\/\/stevenv9.sg-host.com\/?page_id=591"},"modified":"2019-10-24T13:50:02","modified_gmt":"2019-10-24T13:50:02","slug":"tekijat","status":"publish","type":"page","link":"https:\/\/www.vesivoimanluonto.org\/fi\/ekstrat\/tekijat\/","title":{"rendered":"Tekij\u00e4t"},"content":{"rendered":"\n<h1>Vesivoiman luonto -sivuston tekij\u00e4t<\/h1>\n\n\n\n<p>Vesivoiman luonto -sivusto on laadittu osana FRESHABIT LIFE IP \n-vesist\u00f6hanketta. Sivuston tuotannosta vastasi Suomen \nluonnonsuojeluliitossa EKOenergia-ymp\u00e4rist\u00f6merkin tiimi, joka my\u00f6s \nvastaa sivuston sis\u00e4ll\u00f6st\u00e4.<\/p>\n\n\n\n<p>Sivuston sis\u00e4ll\u00f6n suunnittelija ja kirjoittaja <em>Virpi Sahi<\/em> on\n luonnonsuojeluun perehtynyt maatalous- ja mets\u00e4tieteiden maisteri sek\u00e4 \nymp\u00e4rist\u00f6kasvattaja. H\u00e4n on ty\u00f6skennellyt vuodesta 2012 alkaen Suomen \nluonnonsuojeluliitossa, jossa h\u00e4n toimii nyt EKOenergian \nymp\u00e4rist\u00f6p\u00e4\u00e4llikk\u00f6n\u00e4. Aiemmin h\u00e4n on ty\u00f6skennellyt muun muassa Helsingin\n yliopistolla, WWF:ss\u00e4 ja Mets\u00e4hallituksen luontopalveluissa.<\/p>\n\n\n\n<p>Sivustolle piirrokset ja kaaviot on laatinut <em>Tupu Vuorinen<\/em>. \nH\u00e4n on biologi ja vapaa kuvittaja, jonka ty\u00f6n j\u00e4lki\u00e4 on n\u00e4ht\u00e4viss\u00e4 \nlukuisissa luonto- ja ymp\u00e4rist\u00f6aiheisissa julkaisuissa ja \nmateriaaleissa, muun muassa Suomen luonnonsuojeluliiton Vesist\u00f6oppaassa.\n Sivuston valokuvatoimituksesta ovat vastanneet Virpi Sahi ja \nhanketiedottaja <em>Hilkka Peltola<\/em>. Kuvaajatiedot ilmenev\u00e4t kuvista\n ja kiit\u00e4mme kaikkia kuviaan k\u00e4ytt\u00f6\u00f6mme tarjonneille. Sivuston teknisen \ntoteutuksen on hoitanut <em>Marko Tanninen<\/em> digitoimisto Frendosta ja sen suunnitteluun on EKOenergiasta osallistunut my\u00f6s <em>Petter Nissinen<\/em>.<\/p>\n\n\n\n<p>Sivuston sis\u00e4ll\u00f6n luomisen yhteydess\u00e4 sit\u00e4 ovat kommentoineet \nlukuisat asiantuntijat, joita kiit\u00e4mme l\u00e4mpim\u00e4sti. Kiitos kuuluu muun \nmuassa FRESHABIT virtavesity\u00f6ryhm\u00e4lle, FRESHABIT \nKarjaanjoki-alaohjausryhm\u00e4lle, Kalatieseminaarin 2017 asiantuntijoille, \nEKOenergian vesivoimakriteerien taustaselvityst\u00e4 varten haastatelluille \nasiantuntijoille sek\u00e4 niille Suomen luonnonsuojeluliiton ty\u00f6ntekij\u00f6ille \nja toimijoille, jotka ovat tarjonneet ideoitaan, tietojaan ja \nkannustustaan sivuston luomiseksi.<\/p>\n","protected":false},"excerpt":{"rendered":"<p>Vesivoiman luonto -sivuston tekij\u00e4t Vesivoiman luonto -sivusto on laadittu osana FRESHABIT LIFE IP -vesist\u00f6hanketta. Sivuston tuotannosta vastasi Suomen luonnonsuojeluliitossa EKOenergia-ymp\u00e4rist\u00f6merkin tiimi, joka my\u00f6s vastaa sivuston sis\u00e4ll\u00f6st\u00e4. Sivuston sis\u00e4ll\u00f6n suunnittelija ja kirjoittaja Virpi Sahi on luonnonsuojeluun perehtynyt maatalous- ja mets\u00e4tieteiden maisteri sek\u00e4 ymp\u00e4rist\u00f6kasvattaja. H\u00e4n on ty\u00f6skennellyt vuodesta 2012 alkaen Suomen luonnonsuojeluliitossa, jossa h\u00e4n toimii nyt EKOenergian &hellip;<\/p>\n<p class=\"read-more\"> <a class=\"\" href=\"https:\/\/www.vesivoimanluonto.org\/fi\/ekstrat\/tekijat\/\"> <span class=\"screen-reader-text\">Tekij\u00e4t<\/span> Lue lis\u00e4\u00e4 \u00bb<\/a><\/p>\n","protected":false},"author":4,"featured_media":0,"parent":583,"menu_order":4,"comment_status":"closed","ping_status":"closed","template":"","meta":[],"_links":{"self":[{"href":"https:\/\/www.vesivoimanluonto.org\/fi\/wp-json\/wp\/v2\/pages\/591"}],"collection":[{"href":"https:\/\/www.vesivoimanluonto.org\/fi\/wp-json\/wp\/v2\/pages"}],"about":[{"href":"https:\/\/www.vesivoimanluonto.org\/fi\/wp-json\/wp\/v2\/types\/page"}],"author":[{"embeddable":true,"href":"https:\/\/www.vesivoimanluonto.org\/fi\/wp-json\/wp\/v2\/users\/4"}],"replies":[{"embeddable":true,"href":"https:\/\/www.vesivoimanluonto.org\/fi\/wp-json\/wp\/v2\/comments?post=591"}],"version-history":[{"count":1,"href":"https:\/\/www.vesivoimanluonto.org\/fi\/wp-json\/wp\/v2\/pages\/591\/revisions"}],"predecessor-version":[{"id":592,"href":"https:\/\/www.vesivoimanluonto.org\/fi\/wp-json\/wp\/v2\/pages\/591\/revisions\/592"}],"up":[{"embeddable":true,"href":"https:\/\/www.vesivoimanluonto.org\/fi\/wp-json\/wp\/v2\/pages\/583"}],"wp:attachment":[{"href":"https:\/\/www.vesivoimanluonto.org\/fi\/wp-json\/wp\/v2\/media?parent=591"}],"curies":[{"name":"wp","href":"https:\/\/api.w.org\/{rel}","templated":true}]}}